{"id":42583,"date":"2024-12-10T13:48:51","date_gmt":"2024-12-10T12:48:51","guid":{"rendered":"https:\/\/stage.woods.se\/?post_type=product&#038;p=42583"},"modified":"2026-03-06T14:58:22","modified_gmt":"2026-03-06T13:58:22","slug":"woods-mdx14","status":"publish","type":"product","link":"https:\/\/woods.se\/de\/produkte\/luftentfeuchter\/badezimmer\/woods-mdx14\/","title":{"rendered":"Wood&#8217;s MDX14"},"content":{"rendered":"<h2>Wood&#8217;s MDX14<\/h2>\n<h3>Optimale L\u00f6sung f\u00fcr Badezimmer und andere kleine R\u00e4ume<\/h3>\n<p>Badezimmer mit Duschen sind die feuchtigkeitsanf\u00e4lligsten Bereiche im Haus und k\u00f6nnen leicht unangenehme Ger\u00fcche und Schimmelbildung verursachen. Der MDX14 von Wood&#8217;s arbeitet leise und effizient, um die optimale Luftfeuchtigkeit aufrechtzuerhalten, reduziert das Risiko von Schimmelsch\u00e4den und Ger\u00fcchen und verbessert die Luftqualit\u00e4t. Dank seines oberen Auslasses kann der MDX14 auch kleine W\u00e4schemengen und Handt\u00fccher trocknen und frisch halten. Damit ist er ideal f\u00fcr Badezimmer, in denen der Platz oft begrenzt ist. Seine praktische Gr\u00f6\u00dfe, sein geringes Gewicht und sein niedriger Ger\u00e4uschpegel machen ihn auch perfekt f\u00fcr andere kleine, feuchte R\u00e4ume wie Wohnwagen, Wohnmobile oder kleine Schlafzimmer.   <\/p>\n<h3>Wichtige Merkmale:<\/h3>\n\n<h3>Benutzerfreundlich und flexibel<\/h3>\n<p>Der MDX14 ist einfach zu bedienen, mit intuitiven Bedienelementen und mehreren Betriebsmodi, die es Ihnen erm\u00f6glichen, die Luftentfeuchtung an Ihre Bed\u00fcrfnisse anzupassen. Er ist mit einem 1,5-Liter-Wassertank mit Schlauchanschluss f\u00fcr eine kontinuierliche Entleerung ausgestattet, was die Wartung erleichtert. Dank seiner handlichen Gr\u00f6\u00dfe und seines praktischen Griffs l\u00e4sst er sich au\u00dferdem sehr leicht transportieren.  <\/p>\n<h3>Energieeffizient und umweltfreundlich<\/h3>\n<p>Der MDX14 von Wood&#8217;s verwendet das K\u00e4ltemittel R290, das umweltfreundlich und energieeffizient ist. Dies sorgt f\u00fcr einen niedrigen Energieverbrauch ohne Kompromisse bei der Leistung. <\/p>\n<h3>Reibungslos und zuverl\u00e4ssig<\/h3>\n<p>Der Luftentfeuchter arbeitet mit der eingestellten Luftfeuchtigkeit und schaltet sich bei Temperaturen unter 5\u00b0C automatisch ab. Mit dem MDX14 erhalten Sie eine kompakte, effiziente und einfach zu bedienende L\u00f6sung, die perfekt daf\u00fcr geeignet ist, Badezimmer und andere kleine R\u00e4ume das ganze Jahr \u00fcber frisch und frei von Feuchtigkeit zu halten. <\/p>\n<h3>Verl\u00e4ngern Sie Ihre Garantie<\/h3>\n<p>Indem Sie den MDX14 bei <a href=\"https:\/\/warranty-woods.com\">warranty-woods.com<\/a> registrieren, verl\u00e4ngern Sie die Garantie von 2 auf 3 Jahre.<\/p>\n<p>W\u00e4hlen Sie den MDX14 von Wood&#8217;s f\u00fcr eine reibungslose und zuverl\u00e4ssige L\u00f6sung f\u00fcr Ihr Badezimmer oder andere kleine R\u00e4ume, sch\u00fctzen Sie Ihr Zuhause und genie\u00dfen Sie ein besseres Raumklima!<\/p>\n","protected":false},"excerpt":{"rendered":"<p>Der MDX14 von Wood&#8217;s ist ein kompakter, effizienter und leiser Luftentfeuchter, der sich perfekt f\u00fcr Badezimmer und andere kleine R\u00e4ume eignet. Er h\u00e4lt Ihr Badezimmer frei von Feuchtigkeit, reduziert das Risiko von Schimmel und sorgt f\u00fcr beste Luftqualit\u00e4t. Dank seines oberen Auslasses kann der MDX14 auch Handt\u00fccher und kleine W\u00e4schemengen trocknen, was ihn ideal macht, wenn der Platz begrenzt ist. Der MDX14 ist benutzerfreundlich, intuitiv bedienbar und bietet die M\u00f6glichkeit der kontinuierlichen Entleerung &#8211; die perfekte Wahl f\u00fcr ein frischeres Zuhause.   <\/p>\n","protected":false},"featured_media":42016,"template":"","meta":{"_acf_changed":false},"product_brand":[],"product_cat":[4728,411],"product_tag":[1421,1422],"class_list":{"0":"post-42583","1":"product","2":"type-product","3":"status-publish","4":"has-post-thumbnail","6":"product_cat-badezimmer","7":"product_cat-luftentfeuchter","8":"product_tag-badezimmer","9":"product_tag-kleine-raume","10":"product_shipping_class-high","11":"splide__slide","13":"first","14":"outofstock","15":"taxable","16":"shipping-taxable","17":"purchasable","18":"product-type-simple"},"acf":[],"_links":{"self":[{"href":"https:\/\/woods.se\/de\/wp-json\/wp\/v2\/product\/42583","targetHints":{"allow":["GET"]}}],"collection":[{"href":"https:\/\/woods.se\/de\/wp-json\/wp\/v2\/product"}],"about":[{"href":"https:\/\/woods.se\/de\/wp-json\/wp\/v2\/types\/product"}],"wp:featuredmedia":[{"embeddable":true,"href":"https:\/\/woods.se\/de\/wp-json\/wp\/v2\/media\/42016"}],"wp:attachment":[{"href":"https:\/\/woods.se\/de\/wp-json\/wp\/v2\/media?parent=42583"}],"wp:term":[{"taxonomy":"product_brand","embeddable":true,"href":"https:\/\/woods.se\/de\/wp-json\/wp\/v2\/product_brand?post=42583"},{"taxonomy":"product_cat","embeddable":true,"href":"https:\/\/woods.se\/de\/wp-json\/wp\/v2\/product_cat?post=42583"},{"taxonomy":"product_tag","embeddable":true,"href":"https:\/\/woods.se\/de\/wp-json\/wp\/v2\/product_tag?post=42583"}],"curies":[{"name":"wp","href":"https:\/\/api.w.org\/{rel}","templated":true}]}}