{"id":42574,"date":"2024-12-10T13:45:08","date_gmt":"2024-12-10T12:45:08","guid":{"rendered":"https:\/\/stage.woods.se\/?post_type=product&#038;p=42574"},"modified":"2026-03-05T16:53:12","modified_gmt":"2026-03-05T15:53:12","slug":"woods-ld44","status":"publish","type":"product","link":"https:\/\/woods.se\/de\/produkte\/luftentfeuchter\/wasche-trockene\/woods-ld44\/","title":{"rendered":"Wood&#8217;s LD44"},"content":{"rendered":"<h2>Wood&#8217;s LD44<\/h2>\n<h3>Leistungsstarker Luftentfeuchter zum Trocknen von W\u00e4sche<\/h3>\n<p>Der LD44 von Wood&#8217;s ist der ideale Luftentfeuchter f\u00fcr Familien mit Waschk\u00fcchen und Kellern, wo hohe Luftfeuchtigkeit leicht zu Problemen mit Feuchtigkeit und nicht trocknender W\u00e4sche f\u00fchren kann. Mit seinem leistungsstarken Abluftventilator an der Oberseite wird die W\u00e4sche schonend und schnell getrocknet. Dies verl\u00e4ngert die Lebensdauer Ihrer W\u00e4sche und l\u00e4sst sie frisch duften, w\u00e4hrend gleichzeitig ein trockenes und angenehmes Raumklima ohne Feuchtigkeit geschaffen wird, egal zu welcher Jahreszeit.  <\/p>\n<h3>Empfohlene Einsatzgebiete<\/h3>\n<p><strong>Keller mit Waschk\u00fcche: <\/strong>Hohe Luftfeuchtigkeit durch W\u00e4sche erfordert einen Luftentfeuchter wie den LD44, der schnell, effizient und schonend alle Arten von W\u00e4sche trocknet und gleichzeitig den gesamten Keller vor Feuchtigkeit sch\u00fctzt. Dies verl\u00e4ngert die Lebensdauer sowohl des Geb\u00e4udes als auch Ihrer W\u00e4sche.<br \/>\n<strong>W\u00e4scher\u00e4ume:<\/strong> Eine ideale L\u00f6sung f\u00fcr Waschr\u00e4ume, in denen die Luftfeuchtigkeit schnell zu hoch wird. Der LD44 trocknet alle Arten von W\u00e4sche schnell und schonend, so dass sie frei von unangenehmen Ger\u00fcchen ist.<br \/>\n<strong>Kellergeschosse:<\/strong> Der LD44 bek\u00e4mpft Feuchtigkeitsprobleme in Kellern, wo schlechte Bel\u00fcftung und Feuchtigkeit oft zu Schimmel und unangenehmen Ger\u00fcchen f\u00fchren. Er h\u00e4lt die Luftfeuchtigkeit stets unter Kontrolle und schafft so das ganze Jahr \u00fcber eine frische und zuverl\u00e4ssige Lagerumgebung. <\/p>\n\n<h3>Hohe Kapazit\u00e4t und Luftstrom f\u00fcr effiziente Zirkulation<\/h3>\n<p>Der LD44 ist die perfekte Wahl sowohl f\u00fcr Waschk\u00fcchen als auch f\u00fcr Kellerr\u00e4ume. Mit einer sehr hohen Entfeuchtungskapazit\u00e4t von bis zu 19 Litern pro Tag und einem Luftstrom von bis zu 300 m\u00b3\/h trocknet er effektiv Ihre gesamte W\u00e4sche und verwaltet die Feuchtigkeit in allen R\u00e4umen, sogar in unterteilten R\u00e4umen. <\/p>\n<h3>Steuerung mit intelligenten Funktionen<\/h3>\n<p>Der LD44 verf\u00fcgt \u00fcber ein digitales Display, auf dem Sie die aktuelle Luftfeuchtigkeit und Temperatur ablesen und einen von vier intelligenten Betriebsmodi ausw\u00e4hlen k\u00f6nnen:<br \/>\n<strong>W\u00e4sche: <\/strong>Trocknet W\u00e4sche mit maximaler Entfeuchtung und Gebl\u00e4segeschwindigkeit.<br \/>\n<strong>Gebl\u00e4se: <\/strong>Trocknet die W\u00e4sche immer mit dem Gebl\u00e4se und entfeuchtet sie auf die gew\u00fcnschte Stufe.<br \/>\n<strong>Normal:<\/strong> Entfeuchtet auf das gew\u00fcnschte Niveau.<br \/>\n<strong>Einfach:<\/strong> Entfeuchtet auf 50% relative Luftfeuchtigkeit bei niedriger L\u00fcftergeschwindigkeit.<\/p>\n<h3>Einfach zu benutzen und anpassbar<\/h3>\n<p>Der LD44 verf\u00fcgt \u00fcber einen ger\u00e4umigen 11,4-Liter-Wassertank, aber Sie k\u00f6nnen auch einen Schlauch (nicht im Lieferumfang enthalten) f\u00fcr den direkten Abfluss in einen Abfluss anschlie\u00dfen, was den Dauerbetrieb erleichtert. Dank des intelligenten Designs k\u00f6nnen Sie den Luftentfeuchter auch direkt \u00fcber einem Bodenabfluss platzieren. F\u00fcr zus\u00e4tzliche Sicherheit startet der LD44 nach einem Stromausfall automatisch und das Ger\u00e4t kehrt zu seinen letzten Einstellungen zur\u00fcck, um eine sichere Luftfeuchtigkeitskontrolle zu gew\u00e4hrleisten.  <\/p>\n<h3>Effektiver Schimmel- und Partikelfilter<\/h3>\n<p>Der LD44 ist mit einem Wood&#8217;s SMF-Filter ausgestattet, der effektiv Staub- und Schimmelpilzpartikel in der Luft auff\u00e4ngt und Ihre R\u00e4ume das ganze Jahr \u00fcber frei von Feuchtigkeit, Schimmel und Ger\u00fcchen h\u00e4lt. Dar\u00fcber hinaus sch\u00fctzt der Filter den Luftentfeuchter und verl\u00e4ngert seine Lebensdauer, was ihn zu einer sicheren und langfristigen L\u00f6sung macht. <\/p>\n<h3>Das ganze Jahr \u00fcber wirksam, auch bei niedrigen Temperaturen<\/h3>\n<p>Mit dem in Schweden entwickelten i-EcoDefrost-System arbeitet der LD44 auch bei Temperaturen von bis zu +2\u00b0C effizient. Er ist daher auch f\u00fcr R\u00e4ume geeignet, die unabh\u00e4ngig von der Jahreszeit entfeuchtet werden m\u00fcssen, und garantiert das ganze Jahr \u00fcber eine trockene und sichere Umgebung. <\/p>\n<h3>Hergestellt in Schweden &#8211; gebaut f\u00fcr die Ewigkeit<\/h3>\n<p>Der LD44 von Wood&#8217;s wurde in Schweden entwickelt und hergestellt, um harten Bedingungen standzuhalten. Das robuste Metallgeh\u00e4use sch\u00fctzt die hochwertigen Komponenten und sorgt daf\u00fcr, dass der Luftentfeuchter auch in anspruchsvollen Umgebungen optimal arbeiten kann. Der LD44 kann au\u00dferdem rund um die Uhr und das ganze Jahr \u00fcber verwendet werden und ist somit eine zuverl\u00e4ssige L\u00f6sung, um W\u00e4sche \u00fcber Nacht zu trocknen und gleichzeitig die Feuchtigkeit zu beseitigen.  <\/p>\n<h3>Erhalten Sie eine erweiterte Garantie von bis zu 10 Jahren<\/h3>\n<p>Registrieren Sie Ihren LD44 unter <a href=\"https:\/\/warranty-woods.com\/\">warranty.woods.com<\/a> und verl\u00e4ngern Sie die Garantie auf bis zu 10 Jahre, indem Sie den Filter einmal im Jahr austauschen (Quittung erforderlich). Sie werden auch an den Filterwechsel erinnert, was die Wartung des Luftentfeuchters vereinfacht und sicherstellt, dass er noch viele Jahre lang seine volle Leistung erbringt. <\/p>\n<p>Mit dem LD44 erhalten Sie einen leistungsstarken, benutzerfreundlichen und energieeffizienten Luftentfeuchter, der Ihre W\u00e4sche und Ihre R\u00e4ume schnell trocknet und frei von Feuchtigkeit und Schimmel h\u00e4lt. W\u00e4hlen Sie den LD44 f\u00fcr ein sicheres und effektives Raumklima in Waschk\u00fcchen und Kellern, das ganze Jahr \u00fcber. <\/p>\n","protected":false},"excerpt":{"rendered":"<p>Der LD44 ist ein hocheffektiver Luftentfeuchter f\u00fcr Waschk\u00fcchen und Keller. Seine hohe Kapazit\u00e4t und sein leistungsstarkes Gebl\u00e4se trocknen alle Arten von W\u00e4sche schnell und schonend und halten den Raum frei von Feuchtigkeit. Perfekt f\u00fcr Familien mit viel W\u00e4sche. Er ist einfach zu bedienen und verf\u00fcgt \u00fcber vier intelligente Betriebsarten, einen Schimmelfilter, einen gro\u00dfen Wassertank und die M\u00f6glichkeit, einen Schlauch anzuschlie\u00dfen. Der LD44 wird in Schweden hergestellt, hat eine Garantie von bis zu 10 Jahren und wurde f\u00fcr den Dauerbetrieb entwickelt, so dass Sie ihn sicher rund um die Uhr eingeschaltet lassen k\u00f6nnen.    <\/p>\n","protected":false},"featured_media":41156,"template":"","meta":{"_acf_changed":false},"product_brand":[],"product_cat":[411,4731],"product_tag":[393,394,395],"class_list":{"0":"post-42574","1":"product","2":"type-product","3":"status-publish","4":"has-post-thumbnail","6":"product_cat-luftentfeuchter","7":"product_cat-wasche-trockene","8":"product_tag-trockene-wasche","9":"product_tag-waeschetrocknung-im-keller","10":"product_tag-waeschetrocknung-im-waschraum","11":"product_shipping_class-sweden-very-high","12":"splide__slide","14":"first","15":"instock","16":"taxable","17":"shipping-taxable","18":"purchasable","19":"product-type-simple"},"acf":[],"_links":{"self":[{"href":"https:\/\/woods.se\/de\/wp-json\/wp\/v2\/product\/42574","targetHints":{"allow":["GET"]}}],"collection":[{"href":"https:\/\/woods.se\/de\/wp-json\/wp\/v2\/product"}],"about":[{"href":"https:\/\/woods.se\/de\/wp-json\/wp\/v2\/types\/product"}],"wp:featuredmedia":[{"embeddable":true,"href":"https:\/\/woods.se\/de\/wp-json\/wp\/v2\/media\/41156"}],"wp:attachment":[{"href":"https:\/\/woods.se\/de\/wp-json\/wp\/v2\/media?parent=42574"}],"wp:term":[{"taxonomy":"product_brand","embeddable":true,"href":"https:\/\/woods.se\/de\/wp-json\/wp\/v2\/product_brand?post=42574"},{"taxonomy":"product_cat","embeddable":true,"href":"https:\/\/woods.se\/de\/wp-json\/wp\/v2\/product_cat?post=42574"},{"taxonomy":"product_tag","embeddable":true,"href":"https:\/\/woods.se\/de\/wp-json\/wp\/v2\/product_tag?post=42574"}],"curies":[{"name":"wp","href":"https:\/\/api.w.org\/{rel}","templated":true}]}}