{"id":41811,"date":"2024-12-10T13:42:51","date_gmt":"2024-12-10T12:42:51","guid":{"rendered":"https:\/\/stage.woods.se\/?post_type=product&#038;p=41811"},"modified":"2026-03-05T16:15:42","modified_gmt":"2026-03-05T15:15:42","slug":"woods-ld40","status":"publish","type":"product","link":"https:\/\/woods.se\/de\/produkte\/luftentfeuchter\/wasche-trockene\/woods-ld40\/","title":{"rendered":"Wood&#8217;s LD40"},"content":{"rendered":"<h2>Wood&#8217;s LD40<\/h2>\n<h3>Effektiver Luftentfeuchter zum Trocknen von W\u00e4sche<\/h3>\n<p>Der LD40 von Wood&#8217;s ist der perfekte Luftentfeuchter f\u00fcr Familien mit Waschk\u00fcchen und Kellern, wo hohe Luftfeuchtigkeit leicht zu Schimmel und schlechten Ger\u00fcchen f\u00fchren kann. Er wurde zum Testsieger gek\u00fcrt, weil er die energieeffizienteste Art ist, W\u00e4sche in Innenr\u00e4umen zu trocknen. Mit seinem leistungsstarken Gebl\u00e4se an der Oberseite wird Ihre W\u00e4sche schonend und schnell getrocknet, wodurch die Lebensdauer Ihrer Kleidung verl\u00e4ngert und unangenehme Ger\u00fcche beseitigt werden, w\u00e4hrend gleichzeitig ein trockenes und angenehmes Raumklima ohne Feuchtigkeit geschaffen wird, egal zu welcher Jahreszeit.  <\/p>\n<h3>Empfohlene Einsatzgebiete<\/h3>\n<p><strong>Keller mit Waschk\u00fcche:<\/strong> Hohe Luftfeuchtigkeit durch W\u00e4sche erfordert einen Luftentfeuchter wie den LD40, der schnell, effizient und schonend alle Arten von W\u00e4sche trocknet und gleichzeitig den gesamten Keller vor Feuchtigkeit sch\u00fctzt. Dies verl\u00e4ngert die Lebensdauer sowohl des Geb\u00e4udes als auch Ihrer W\u00e4sche.<br \/>\n<strong>W\u00e4scher\u00e4ume:<\/strong> Eine ideale L\u00f6sung f\u00fcr Waschr\u00e4ume, in denen die Luftfeuchtigkeit schnell ansteigt. Der LD40 trocknet die W\u00e4sche schnell und schonend, so dass sie frei von unangenehmen Ger\u00fcchen ist.<br \/>\n<strong>Kellergeschoss:<\/strong> Zur Bek\u00e4mpfung von Feuchtigkeitsproblemen in Kellern, wo schlechte Bel\u00fcftung und K\u00e4lte oft zu Schimmel f\u00fchren. Der LD40 h\u00e4lt die Feuchtigkeit unter Kontrolle und schafft das ganze Jahr \u00fcber eine frische und zuverl\u00e4ssige Lagerumgebung. <\/p>\n\n<h3>Hohe Kapazit\u00e4t und Luftstrom f\u00fcr effiziente Zirkulation<\/h3>\n<p>Der LD40 hat eine beeindruckende Entfeuchtungskapazit\u00e4t von bis zu 13 Litern pro Tag und einen Luftstrom von bis zu 350 m\u00b3\/h. Das bedeutet, dass er Ihre W\u00e4sche effektiv trocknet und gleichzeitig die Luftfeuchtigkeit in allen R\u00e4umen und unterteilten Zimmern kontrolliert. Das macht den LD40 zur perfekten Wahl sowohl f\u00fcr Waschk\u00fcchen als auch f\u00fcr Kellerr\u00e4ume. <\/p>\n<h3>Steuerung mit intelligenten Funktionen<\/h3>\n<p>Der LD40 verf\u00fcgt \u00fcber ein digitales Display, auf dem Sie die aktuelle Luftfeuchtigkeit und Temperatur ablesen und einen von vier intelligenten Betriebsmodi ausw\u00e4hlen k\u00f6nnen:<br \/>\n<strong>W\u00e4sche:<\/strong> Trocknet W\u00e4sche mit maximaler Entfeuchtung und Gebl\u00e4segeschwindigkeit.<br \/>\n<strong>Gebl\u00e4se:<\/strong> Trocknet die W\u00e4sche immer mit dem Gebl\u00e4se und entfeuchtet sie auf die gew\u00fcnschte Stufe.<br \/>\n<strong>Normal:<\/strong> Entfeuchtet auf das gew\u00fcnschte Niveau.<br \/>\n<strong>Einfach:<\/strong> Entfeuchtet auf 50% relative Luftfeuchtigkeit bei niedriger L\u00fcftergeschwindigkeit.<\/p>\n<h3>Einfach zu bedienende und anpassbare Funktion<\/h3>\n<p>Der LD40 ist mit einem ger\u00e4umigen 11,4-Liter-Wassertank ausgestattet. Au\u00dferdem besteht die M\u00f6glichkeit, einen Schlauch (nicht im Lieferumfang enthalten) f\u00fcr den direkten Abfluss in einen Abfluss anzuschlie\u00dfen, was den Dauerbetrieb erleichtert. Sie k\u00f6nnen den Luftentfeuchter auch direkt \u00fcber einem Bodenabfluss aufstellen. F\u00fcr zus\u00e4tzliche Sicherheit startet der LD40 nach einem Stromausfall automatisch und das Ger\u00e4t kehrt zu den letzten Einstellungen zur\u00fcck, um sicherzustellen, dass die Feuchtigkeitskontrolle zu diesen Zeiten nicht unterbrochen wird.  <\/p>\n<h3>Effektiver Schimmel- und Partikelfilter<\/h3>\n<p>Der LD40 ist mit einem Wood&#8217;s SMF-Filter ausgestattet, der effektiv Staub- und Schimmelpilzpartikel in der Luft auff\u00e4ngt und Ihre R\u00e4ume das ganze Jahr \u00fcber frei von Feuchtigkeit, Schimmel und Ger\u00fcchen h\u00e4lt. Dar\u00fcber hinaus sch\u00fctzt der Filter den Luftentfeuchter und verl\u00e4ngert seine Lebensdauer, was ihn zu einer sicheren und langfristigen L\u00f6sung macht. <\/p>\n<h3>Das ganze Jahr \u00fcber wirksam, auch bei niedrigen Temperaturen<\/h3>\n<p>Mit seinem i-EcoDefrost-System arbeitet der LD40 auch bei niedrigen Temperaturen von bis zu +2\u00b0C effizient. Er eignet sich daher auch f\u00fcr R\u00e4ume, in denen die Luftfeuchtigkeit unabh\u00e4ngig von der Jahreszeit kontrolliert werden muss, und sorgt das ganze Jahr \u00fcber f\u00fcr eine trockene und sichere Umgebung. <\/p>\n<h3>Gebaut f\u00fcr die Ewigkeit<\/h3>\n<p>Der LD40 von Wood&#8217;s wurde in Schweden entwickelt und hergestellt, um rauen Bedingungen zu trotzen. Das robuste Metallgeh\u00e4use sch\u00fctzt die hochwertigen Komponenten und sorgt daf\u00fcr, dass der Luftentfeuchter auch in anspruchsvollen Umgebungen optimal arbeiten kann. Der LD40 kann au\u00dferdem rund um die Uhr und das ganze Jahr \u00fcber verwendet werden und ist damit eine zuverl\u00e4ssige L\u00f6sung f\u00fcr das Trocknen von W\u00e4sche \u00fcber Nacht, w\u00e4hrend er gleichzeitig f\u00fcr Feuchtigkeit sorgt.  <\/p>\n<h3>Erhalten Sie eine erweiterte Garantie von bis zu 10 Jahren<\/h3>\n<p>Registrieren Sie Ihren LD40 unter warranty.woods.com und verl\u00e4ngern Sie die Garantie auf volle 10 Jahre, indem Sie den Filter einmal im Jahr austauschen (Quittung erforderlich). Sie werden auch an den Filterwechsel erinnert, was die Wartung des Luftentfeuchters vereinfacht und sicherstellt, dass er viele Jahre lang seine volle Leistung erbringt. <\/p>\n<p>Mit dem LD40 erhalten Sie einen langlebigen, benutzerfreundlichen und leistungsstarken Luftentfeuchter, der Ihre W\u00e4sche schnell trocknet und Ihre R\u00e4ume trocken und frei von Feuchtigkeit und Schimmel h\u00e4lt. W\u00e4hlen Sie den LD40 f\u00fcr ein sicheres und effektives Raumklima in Waschk\u00fcchen und Kellern, das ganze Jahr \u00fcber. <\/p>\n<p>&nbsp;<\/p>\n","protected":false},"excerpt":{"rendered":"<p>Der LD40 wurde als Testsieger ausgezeichnet und ist ein effektiver Luftentfeuchter f\u00fcr Waschk\u00fcchen und Kellerr\u00e4ume. Mit einer hohen Entfeuchtungskapazit\u00e4t und einem leistungsstarken Gebl\u00e4se trocknet er die W\u00e4sche schnell und schonend und h\u00e4lt den Raum frei von Feuchtigkeit. Perfekt f\u00fcr Familien mit viel W\u00e4sche. Er ist einfach zu bedienen und verf\u00fcgt \u00fcber vier intelligente Betriebsmodi, einen Schimmelfilter, einen gro\u00dfen Wassertank und die M\u00f6glichkeit, einen Schlauch anzuschlie\u00dfen. Der LD40 wird in Schweden hergestellt, hat eine Garantie von bis zu 10 Jahren und ist f\u00fcr den Dauerbetrieb ausgelegt, so dass Sie ihn sicher rund um die Uhr eingeschaltet lassen k\u00f6nnen.    <\/p>\n","protected":false},"featured_media":41156,"template":"","meta":{"_acf_changed":false},"product_brand":[],"product_cat":[4731,411],"product_tag":[393,394,395],"class_list":{"0":"post-41811","1":"product","2":"type-product","3":"status-publish","4":"has-post-thumbnail","6":"product_cat-wasche-trockene","7":"product_cat-luftentfeuchter","8":"product_tag-trockene-wasche","9":"product_tag-waeschetrocknung-im-keller","10":"product_tag-waeschetrocknung-im-waschraum","11":"product_shipping_class-very-high","12":"splide__slide","14":"first","15":"instock","16":"taxable","17":"shipping-taxable","18":"purchasable","19":"product-type-simple"},"acf":[],"_links":{"self":[{"href":"https:\/\/woods.se\/de\/wp-json\/wp\/v2\/product\/41811","targetHints":{"allow":["GET"]}}],"collection":[{"href":"https:\/\/woods.se\/de\/wp-json\/wp\/v2\/product"}],"about":[{"href":"https:\/\/woods.se\/de\/wp-json\/wp\/v2\/types\/product"}],"wp:featuredmedia":[{"embeddable":true,"href":"https:\/\/woods.se\/de\/wp-json\/wp\/v2\/media\/41156"}],"wp:attachment":[{"href":"https:\/\/woods.se\/de\/wp-json\/wp\/v2\/media?parent=41811"}],"wp:term":[{"taxonomy":"product_brand","embeddable":true,"href":"https:\/\/woods.se\/de\/wp-json\/wp\/v2\/product_brand?post=41811"},{"taxonomy":"product_cat","embeddable":true,"href":"https:\/\/woods.se\/de\/wp-json\/wp\/v2\/product_cat?post=41811"},{"taxonomy":"product_tag","embeddable":true,"href":"https:\/\/woods.se\/de\/wp-json\/wp\/v2\/product_tag?post=41811"}],"curies":[{"name":"wp","href":"https:\/\/api.w.org\/{rel}","templated":true}]}}