{"id":41532,"date":"2024-12-10T14:08:29","date_gmt":"2024-12-10T13:08:29","guid":{"rendered":"https:\/\/stage.woods.se\/?post_type=product&#038;p=41532"},"modified":"2026-03-05T13:48:45","modified_gmt":"2026-03-05T12:48:45","slug":"woods-sw22fm","status":"publish","type":"product","link":"https:\/\/woods.se\/de\/produkte\/luftentfeuchter\/keller\/woods-sw22fm\/","title":{"rendered":"Woods SW22FM"},"content":{"rendered":"<h2>Woods SW22FM (Metallic)<\/h2>\n<h3>Zuverl\u00e4ssiger Luftentfeuchter f\u00fcr kalte R\u00e4ume<\/h3>\n<p>Feuchtigkeit, Schimmel und unangenehme Ger\u00fcche sind in Kellern und anderen kalten R\u00e4umen keine Seltenheit und k\u00f6nnen teure Sch\u00e4den verursachen, wenn sie nicht rechtzeitig bek\u00e4mpft werden. Der SW22FM von Wood wurde speziell entwickelt, um in kalten R\u00e4umen eine trockene und angenehme Umgebung zu schaffen und Schimmel und Ger\u00fcche zu vermeiden. Mit seiner hohen Entfeuchtungskapazit\u00e4t (13,5L) und dem starken Luftstrom erreicht er jeden Winkel des Raumes, selbst in R\u00e4umen mit mehreren Teilen. Dieser Luftentfeuchter beseitigt Feuchtigkeit und unerw\u00fcnschte Ger\u00fcche und erm\u00f6glicht es, Stoffe und andere empfindliche Gegenst\u00e4nde in dem Raum zu lagern.   <\/p>\n<h3>Empfohlene Einsatzgebiete<\/h3>\n<p><strong>Keller: <\/strong>Hohe Luftzirkulation und effektive Entfeuchtung halten den Keller trocken und schimmelfrei. So k\u00f6nnen Sie den Keller als normalen Raum oder als Lagerraum nutzen.<br \/>\n<strong>Garage:<\/strong> H\u00e4lt die Feuchtigkeit fern und sch\u00fctzt Fahrzeuge, Werkzeuge und andere Ger\u00e4te das ganze Jahr \u00fcber.<br \/>\n<strong>Andere kalte R\u00e4ume:<\/strong> Zuverl\u00e4ssige Feuchtigkeitsregulierung bis zu +2\u00b0C, daher ideal f\u00fcr Dachb\u00f6den, Lagerr\u00e4ume und die Winterlagerung von z.B. Kissen und Stoffen.<\/p>\n<h3>Wichtige Merkmale:<\/h3>\n\n<h3>Hohe Kapazit\u00e4t und Luftstrom f\u00fcr effiziente Zirkulation<\/h3>\n<p>Der SW22FM verf\u00fcgt \u00fcber die notwendigen Funktionen, um Feuchtigkeit aus kalten und exponierten R\u00e4umen wie Kellern, Garagen und Dachb\u00f6den zu entfernen. Mit einer hohen Entfeuchtungskapazit\u00e4t von bis zu 13,5 Litern pro Tag und einem leistungsstarken Luftstrom von 350 m\u00b3\/Stunde sorgt der SW22FM daf\u00fcr, dass jeder Winkel des Raumes erreicht wird, auch wenn dieser in mehrere R\u00e4ume unterteilt ist. <\/p>\n<h3>Einfache Bedienung und anpassbare Funktion<\/h3>\n<p>Mit zwei Gebl\u00e4semodi und einem ger\u00e4umigen 11,4-Liter-Wassertank ist der SW22FM sehr einfach zu bedienen. F\u00fcr eine minimale Wartung k\u00f6nnen Sie einfach einen Schlauch anschlie\u00dfen, der direkt zu einem Bodenablauf gef\u00fchrt werden kann. Dank des intelligenten Designs kann der Luftentfeuchter auch direkt \u00fcber einem Bodenablauf platziert werden. Er ist au\u00dferdem mit einer automatischen Startfunktion ausgestattet, mit der er nach einem Stromausfall automatisch zur letzten Einstellung zur\u00fcckkehrt, so dass Sie immer sicher sein k\u00f6nnen, dass er die Luftfeuchtigkeit unter Kontrolle hat, sobald die Stromversorgung wiederhergestellt ist. Der SW22FM \u00fcberwacht die Luftfeuchtigkeit im Raum und schaltet sich bei Bedarf automatisch ein oder aus.    <\/p>\n<h3>Intelligenter Schimmel- und Partikelfilter<\/h3>\n<p>Der SW22FM ist mit dem SMF-Filter von Wood ausgestattet, der effektiv Staub- und Schimmelpilzpartikel in der Luft zur\u00fcckh\u00e4lt, den Luftentfeuchter sch\u00fctzt und seine Lebensdauer verl\u00e4ngert. Er h\u00e4lt Ihre R\u00e4ume das ganze Jahr \u00fcber frei von Feuchtigkeit, Schimmel und Ger\u00fcchen, was ihn zu einer sicheren und langfristigen L\u00f6sung macht. <\/p>\n<h3>Das ganze Jahr \u00fcber wirksam, auch bei niedrigen Temperaturen<\/h3>\n<p>Dank der innovativen i-EcoDefrost-Technologie kann der SW22FM sogar bei Temperaturen von bis zu +2\u00b0C entfeuchten. Er ist f\u00fcr den Dauerbetrieb ausgelegt, so dass er rund um die Uhr sicher und ohne Unterbrechung arbeiten kann. Das macht ihn ideal f\u00fcr den ganzj\u00e4hrigen Einsatz, unabh\u00e4ngig von Wetter und Jahreszeit. Er h\u00e4lt Ihre R\u00e4ume das ganze Jahr \u00fcber frei von Feuchtigkeit, Schimmel und unangenehmen Ger\u00fcchen, was ihn zu einer sicheren und langfristigen L\u00f6sung f\u00fcr Ihr Zuhause macht.   <\/p>\n<h3>Gebaut f\u00fcr die Ewigkeit<\/h3>\n<p>Der in Schweden hergestellte SW22FM mit seinem robusten Geh\u00e4use aus Edelstahl ist so konstruiert, dass er rund um die Uhr Feuchtigkeit beseitigt und viele Jahre lang h\u00e4lt. Er wurde f\u00fcr die zuverl\u00e4ssige Feuchtigkeitsregulierung in Kellern, Garagen und Dachb\u00f6den entwickelt und tr\u00e4gt dazu bei, Ihr Hab und Gut zu sch\u00fctzen und die Lebensdauer Ihres Hauses zu verl\u00e4ngern. <\/p>\n<h3>Lange Garantie und dauerhafte Nutzung<\/h3>\n<p>Wenn Sie den SW22FM bei <a href=\"https:\/\/warranty-woods.com\">warranty-woods.com<\/a> registrieren und den Filter j\u00e4hrlich wechseln, erhalten Sie eine der l\u00e4ngsten Garantien auf dem Markt, ganze 6 Jahre. Wenn Sie sich registrieren, werden Sie auch an den Filterwechsel erinnert, was nicht nur die Lebensdauer des Luftentfeuchters verl\u00e4ngert, sondern auch sicherstellt, dass er immer mit h\u00f6chster Effizienz arbeitet. Vergessen Sie nicht, die Quittung aufzubewahren, wenn Sie Ihre Filter kaufen.<\/p>\n<p>Mit dem SW22FM von Wood erhalten Sie eine zuverl\u00e4ssige, langlebige und energieeffiziente L\u00f6sung f\u00fcr alle Ihre Feuchtigkeitsprobleme in Kellern, Garagen und anderen kalten R\u00e4umen.<\/p>\n<p><iframe loading=\"lazy\" title=\"Instruction video - Wood&#039;s SW22FM (English)\" width=\"500\" height=\"281\" src=\"https:\/\/www.youtube.com\/embed\/tfPC6m1PS8U?feature=oembed\" frameborder=\"0\" allow=\"accelerometer; autoplay; clipboard-write; encrypted-media; gyroscope; picture-in-picture; web-share\" referrerpolicy=\"strict-origin-when-cross-origin\" allowfullscreen><\/iframe><\/p>\n","protected":false},"excerpt":{"rendered":"<p>Beseitigen Sie Feuchtigkeit, schlechte Ger\u00fcche und Schimmel mit dem Wood&#8217;s SW22FM Luftentfeuchter. Er entfeuchtet bis zu 13,5 Liter Wasser pro Tag und schafft schnell eine trockene und angenehme Umgebung, auch bei niedrigeren Temperaturen. Der leistungsstarke Luftstrom zirkuliert und entfeuchtet die Luft auch dann, wenn der Raum in mehrere Zimmer unterteilt ist, und dank des effizienten Filters und des Schlauchanschlusses ist der Wartungsaufwand minimal. Perfekt f\u00fcr kleinere Keller, Garagen und andere feuchte R\u00e4ume. Hergestellt in Schweden mit bis zu 6 Jahren Garantie.    <\/p>\n","protected":false},"featured_media":39027,"template":"","meta":{"_acf_changed":false},"product_brand":[],"product_cat":[4727,411],"product_tag":[386,397,387],"class_list":{"0":"post-41532","1":"product","2":"type-product","3":"status-publish","4":"has-post-thumbnail","6":"product_cat-keller","7":"product_cat-luftentfeuchter","8":"product_tag-dachboden","9":"product_tag-garage-de","10":"product_tag-keller","11":"product_shipping_class-high","12":"splide__slide","14":"first","15":"instock","16":"taxable","17":"shipping-taxable","18":"purchasable","19":"product-type-simple"},"acf":[],"_links":{"self":[{"href":"https:\/\/woods.se\/de\/wp-json\/wp\/v2\/product\/41532","targetHints":{"allow":["GET"]}}],"collection":[{"href":"https:\/\/woods.se\/de\/wp-json\/wp\/v2\/product"}],"about":[{"href":"https:\/\/woods.se\/de\/wp-json\/wp\/v2\/types\/product"}],"wp:featuredmedia":[{"embeddable":true,"href":"https:\/\/woods.se\/de\/wp-json\/wp\/v2\/media\/39027"}],"wp:attachment":[{"href":"https:\/\/woods.se\/de\/wp-json\/wp\/v2\/media?parent=41532"}],"wp:term":[{"taxonomy":"product_brand","embeddable":true,"href":"https:\/\/woods.se\/de\/wp-json\/wp\/v2\/product_brand?post=41532"},{"taxonomy":"product_cat","embeddable":true,"href":"https:\/\/woods.se\/de\/wp-json\/wp\/v2\/product_cat?post=41532"},{"taxonomy":"product_tag","embeddable":true,"href":"https:\/\/woods.se\/de\/wp-json\/wp\/v2\/product_tag?post=41532"}],"curies":[{"name":"wp","href":"https:\/\/api.w.org\/{rel}","templated":true}]}}