{"id":41083,"date":"2024-12-10T14:06:39","date_gmt":"2024-12-10T13:06:39","guid":{"rendered":"https:\/\/stage.woods.se\/?post_type=product&#038;p=41083"},"modified":"2026-03-05T14:05:36","modified_gmt":"2026-03-05T13:05:36","slug":"woods-sw20fw","status":"publish","type":"product","link":"https:\/\/woods.se\/de\/produkte\/luftentfeuchter\/keller\/woods-sw20fw\/","title":{"rendered":"Wood&#8217;s SW20FW"},"content":{"rendered":"<h2>Wood&#8217;s SW20FW (wei\u00df)<\/h2>\n<h3>Kompakter und effizienter Luftentfeuchter f\u00fcr kalte R\u00e4ume<\/h3>\n<p>Feuchtigkeit und Ger\u00fcche sind in Kellern und anderen unbeheizten R\u00e4umen keine Seltenheit und k\u00f6nnen zu Schimmel und Sch\u00e4den f\u00fchren, wenn sie nicht behandelt werden. Der Wood&#8217;s SW20FW wurde entwickelt, um diese Herausforderungen effizient zu bew\u00e4ltigen, sogar in k\u00e4lteren Umgebungen. Mit einer Entfeuchtungskapazit\u00e4t von bis zu 12 Litern pro Tag und einem Luftstrom von 250 m\u00b3\/h sorgt der SW20FW f\u00fcr eine gr\u00fcndliche Luftzirkulation in R\u00e4umen von bis zu 80 m\u00b2, selbst wenn diese in mehrere R\u00e4ume unterteilt sind.  <\/p>\n<h3>Empfohlene Einsatzgebiete:<\/h3>\n<p><strong>Keller:<\/strong> H\u00e4lt die Luft trocken und verhindert Schimmelbildung, perfekt f\u00fcr die Lagerung oder den t\u00e4glichen Gebrauch.<br \/>\n<strong>Garage:<\/strong> Sch\u00fctzt Fahrzeuge, Werkzeuge und andere Ausr\u00fcstung das ganze Jahr \u00fcber vor Feuchtigkeit.<br \/>\n<strong>Andere kalte R\u00e4ume:<\/strong> Der zuverl\u00e4ssige Betrieb bis zu +2\u00b0C macht ihn ideal f\u00fcr Dachb\u00f6den, Lagerr\u00e4ume und mehr.<\/p>\n\n<h3>Hohe Kapazit\u00e4t und Luftstrom f\u00fcr effiziente Zirkulation<\/h3>\n<p>Der Wood&#8217;s SW20FW ist ein kompakter und dennoch leistungsstarker Luftentfeuchter, ideal f\u00fcr kalte und feuchtigkeitsanf\u00e4llige Bereiche wie Keller, Garagen und Lagerr\u00e4ume. Mit einer Entfeuchtungskapazit\u00e4t von bis zu 12 Litern pro Tag und einem Luftstrom von 250 m\u00b3\/h sorgt er f\u00fcr effektive Feuchtigkeitsentfernung und Luftzirkulation. Selbst in unterteilten oder schwer zug\u00e4nglichen R\u00e4umen sorgt der SW20FW f\u00fcr ein konstant trockenes und angenehmes Raumklima.  <\/p>\n<h3>Einfache Bedienung und anpassbare Funktion<\/h3>\n<p>Der SW20FW wurde f\u00fcr einen benutzerfreundlichen Betrieb mit nur einem Drehknopf zur Einstellung der gew\u00fcnschten Luftfeuchtigkeit und einem gro\u00dfz\u00fcgigen 11,4-Liter-Wassertank konzipiert. F\u00fcr noch mehr Komfort kann ein Schlauch zur kontinuierlichen Entw\u00e4sserung angeschlossen werden, oder das Ger\u00e4t kann direkt \u00fcber einem Bodenablauf platziert werden. Au\u00dferdem verf\u00fcgt er \u00fcber eine automatische Neustartfunktion, die sicherstellt, dass der Luftentfeuchter nach einem Stromausfall zu den vorherigen Einstellungen zur\u00fcckkehrt. Das Ger\u00e4t \u00fcberwacht kontinuierlich die Luftfeuchtigkeit im Raum und schaltet sich je nach Bedarf automatisch ein oder aus.   <\/p>\n<h3>Intelligenter Schimmel- und Staubfilter<\/h3>\n<p>Ausgestattet mit dem patentierten SMF von Wood, f\u00e4ngt der SW20FW luftgetragene Partikel wie Staub und Schimmelsporen auf. Dies verbessert nicht nur die Luftqualit\u00e4t, sondern sch\u00fctzt auch die internen Komponenten des Luftentfeuchters und verl\u00e4ngert seine Lebensdauer. Der Filter sorgt daf\u00fcr, dass Ihre R\u00e4ume frisch, sauber und frei von sch\u00e4dlichen Allergenen oder muffigen Ger\u00fcchen bleiben, was ihn zu einer sicheren, ganzj\u00e4hrigen L\u00f6sung f\u00fcr die Feuchtigkeitskontrolle macht.  <\/p>\n<h3>Das ganze Jahr \u00fcber wirksam, auch bei niedrigen Temperaturen<\/h3>\n<p>Dank der fortschrittlichen i-EcoDefrost-Technologie von Wood&#8217;s arbeitet der SW20FW auch in k\u00e4lteren Umgebungen bis zu +2\u00b0C effizient. Er ist f\u00fcr den Dauerbetrieb ausgelegt, d.h. er arbeitet zuverl\u00e4ssig rund um die Uhr, unabh\u00e4ngig von der Jahreszeit. Ob im Winter in der Garage oder im Fr\u00fchjahr in einem trockenen Keller, der SW20FW h\u00e4lt Feuchtigkeit, Schimmel und Ger\u00fcche das ganze Jahr \u00fcber in Schach.  <\/p>\n<h3>Gebaut f\u00fcr die Ewigkeit<\/h3>\n<p>Der SW20FW wird in Schweden aus langlebigen, hochwertigen Materialien hergestellt. Sein robustes Metallgeh\u00e4use ist auf Langlebigkeit ausgelegt und h\u00e4lt den anspruchsvollen Bedingungen in k\u00e4lteren, exponierten R\u00e4umen stand. Ganz gleich, ob Sie gelagerte Gegenst\u00e4nde, Werkzeuge oder die Struktur Ihres Hauses sch\u00fctzen wollen, der SW20FW bietet eine dauerhafte, zuverl\u00e4ssige Leistung.  <\/p>\n<h3>Lange Garantie und dauerhafte Nutzung<\/h3>\n<p>Wenn Sie Ihren SW20FW auf <a href=\"https:\/\/warranty-woods.com\">warranty-woods.com<\/a> registrieren und den SMF-Filter einmal im Jahr austauschen, erhalten Sie eine marktf\u00fchrende Garantie von bis zu 6 Jahren. Die Registrierung stellt au\u00dferdem sicher, dass Sie an den Filterwechsel erinnert werden, damit Sie Ihre Spitzenleistung aufrechterhalten und die Lebensdauer des Ger\u00e4ts verl\u00e4ngern k\u00f6nnen. Vergessen Sie nicht, Ihre Filterquittungen aufzubewahren, um die erweiterte Garantie zu aktivieren.  <\/p>\n<p>Mit dem SW20FW von Wood&#8217;s erhalten Sie eine kompakte, zuverl\u00e4ssige und energieeffiziente L\u00f6sung zur Bek\u00e4mpfung der Feuchtigkeit in Kellern, Garagen und anderen kalten oder feuchten Umgebungen. Er wurde in Schweden entwickelt und hergestellt und bietet eine starke Leistung bei geringem Platzbedarf &#8211; perfekt, um das ganze Jahr \u00fcber ein trockenes und gesundes Raumklima zu erhalten. <\/p>\n","protected":false},"excerpt":{"rendered":"<p>Beseitigen Sie Feuchtigkeit und Ger\u00fcche mit dem kompakten und effizienten SW20FW. Mit einer Entfeuchtungsleistung von bis zu 12 Litern\/Tag und einem ger\u00e4umigen 11,4-Liter-Wassertank schafft er auch bei niedrigen Temperaturen eine trockene und gesunde Umgebung. Ideal f\u00fcr kleinere Kellerr\u00e4ume, Garagen und Lagerr\u00e4ume. Einfach zu bedienen, wartungsarm und hergestellt in Schweden mit einer Garantie von bis zu 6 Jahren.   <\/p>\n","protected":false},"featured_media":39273,"template":"","meta":{"_acf_changed":false},"product_brand":[],"product_cat":[411,4727],"product_tag":[386,397,387],"class_list":{"0":"post-41083","1":"product","2":"type-product","3":"status-publish","4":"has-post-thumbnail","6":"product_cat-luftentfeuchter","7":"product_cat-keller","8":"product_tag-dachboden","9":"product_tag-garage-de","10":"product_tag-keller","11":"product_shipping_class-high","12":"splide__slide","14":"first","15":"instock","16":"taxable","17":"shipping-taxable","18":"product-type-simple"},"acf":[],"_links":{"self":[{"href":"https:\/\/woods.se\/de\/wp-json\/wp\/v2\/product\/41083","targetHints":{"allow":["GET"]}}],"collection":[{"href":"https:\/\/woods.se\/de\/wp-json\/wp\/v2\/product"}],"about":[{"href":"https:\/\/woods.se\/de\/wp-json\/wp\/v2\/types\/product"}],"wp:featuredmedia":[{"embeddable":true,"href":"https:\/\/woods.se\/de\/wp-json\/wp\/v2\/media\/39273"}],"wp:attachment":[{"href":"https:\/\/woods.se\/de\/wp-json\/wp\/v2\/media?parent=41083"}],"wp:term":[{"taxonomy":"product_brand","embeddable":true,"href":"https:\/\/woods.se\/de\/wp-json\/wp\/v2\/product_brand?post=41083"},{"taxonomy":"product_cat","embeddable":true,"href":"https:\/\/woods.se\/de\/wp-json\/wp\/v2\/product_cat?post=41083"},{"taxonomy":"product_tag","embeddable":true,"href":"https:\/\/woods.se\/de\/wp-json\/wp\/v2\/product_tag?post=41083"}],"curies":[{"name":"wp","href":"https:\/\/api.w.org\/{rel}","templated":true}]}}