{"id":52237,"date":"2026-03-26T13:59:35","date_gmt":"2026-03-26T12:59:35","guid":{"rendered":"https:\/\/woods.se\/?post_type=product&#038;p=52237"},"modified":"2026-03-27T15:31:43","modified_gmt":"2026-03-27T14:31:43","slug":"woods-wld1h","status":"publish","type":"product","link":"https:\/\/woods.se\/da\/produkter\/affugtere\/woods-wld1h\/","title":{"rendered":"Wood&#8217;s WLD1H"},"content":{"rendered":"<h2>Wood&#8217;s WLD1H<\/h2>\n<h3>Fremtidens energieffektive affugter til t\u00f8rrerum er her<\/h3>\n<p>Det er ofte energikr\u00e6vende at t\u00f8rre vasket\u00f8j hurtigt, is\u00e6r n\u00e5r der skal tilf\u00f8res store m\u00e6ngder varme. Det m\u00e6rkes is\u00e6r i boligblokke, hvor vaskerummet bruges en stor del af dagen.<br \/>\nWood&#8217;s WLD1H-affugter til vaskerum er specielt udviklet til ejendomsejere, der \u00f8nsker at reducere energiomkostningerne uden at g\u00e5 p\u00e5 kompromis med t\u00f8rretiden. Den installeres, s\u00e5 den kraftige ventilator forsigtigt bl\u00e6ser luft ind under vasket\u00f8jet, hvor det er v\u00e5dest, for at t\u00f8rre det.<\/p>\n<p>Den indbyggede ekstravarmer (1200 W) kan aktiveres efter behov for at sikre effektiv t\u00f8rring selv i rum, hvor der ikke er tilstr\u00e6kkelig varme. For at opn\u00e5 optimal energieffektivitet anbefales det at bruge ejendommens eksisterende varmesystem som prim\u00e6r kilde og ekstravarmeren som supplement.<br \/>\nDet energieffektive og milj\u00f8venlige k\u00f8lemiddel (R290) bidrager til en h\u00f8j affugtningskapacitet og reducerer behovet for ekstern varmeforsyning sammenlignet med mange traditionelle l\u00f8sninger.<\/p>\n<h3>Beregningseksempel &#8211; hvor meget du kan spare<\/h3>\n<p>Str\u00f8m p\u00e5 nuv\u00e6rende t\u00f8rresystem 6 kW minus WLD1 0,7 kW: 5,3 kWh<br \/>\nAnsl\u00e5et driftstid pr. dag 10 timer: 53 kWh<br \/>\n53 kWh x 30 dage: 1 590 kWh\/m\u00e5ned<br \/>\n1 590 kWh x 12 m\u00e5neder: 19 080 kWh<\/p>\n<p><strong>Ansl\u00e5et besparelse i energi:<\/strong><br \/>\n1 590 kWh\/m\u00e5ned: 19 080 kWh\/\u00e5r<\/p>\n<p><strong>Ansl\u00e5et besparelse i penge:<\/strong><br \/>\nElpris 0,1\/kWh, besparelse: 1 908 \u20ac\/\u00e5r<br \/>\nElpris 0,15\/kWh, besparelse: 2 862 \u20ac\/\u00e5r<br \/>\nElpris 0,25\/KWh, besparelse: 4 770 \u20ac\/\u00e5r<br \/>\nElpris 0,35\/KWh, besparelse: 6 678 \u20ac\/\u00e5r<\/p>\n<p><strong>Ekstra forbrug med aktivt varmelegeme:<\/strong> 1,2 kWh<br \/>\nWLD1H er prim\u00e6rt designet til at blive brugt sammen med ejendommens eksisterende varmesystem. Den integrerede till\u00e6gsvarme bruges efter behov, f.eks. i koldere rum, eller n\u00e5r der er brug for ekstra t\u00f8rrekapacitet.<\/p>\n<h3>Anbefalede anvendelsesomr\u00e5der:<\/h3>\n<p><strong>T\u00f8rrerum i bygninger<\/strong> &#8211; WLD1H er et p\u00e5lideligt og effektivt valg til st\u00f8rre ejendomme, is\u00e6r i boligblokke, hvor t\u00f8rrerum bruges hyppigt. Ved at installere WLD1H sikrer du en hurtig og j\u00e6vn t\u00f8rringsproces, der reducerer risikoen for kondens, fugtskader og ubehagelige lugte &#8211; hvilket igen forl\u00e6nger bygningens levetid.<br \/>\nFitnesscentre <strong>og lignende lokaler<\/strong> &#8211; I milj\u00f8er, hvor luftfugtigheden ofte er h\u00f8j, f.eks. i fitnesscentre eller andre store lokaler, er WLD1H en meget effektiv l\u00f8sning. Den holder luften frisk og t\u00f8r og skaber et mere behageligt og hygiejnisk milj\u00f8 for b\u00e5de bes\u00f8gende og udstyr.<\/p>\n<h3>H\u00f8j kapacitet og luftstr\u00f8m for effektiv cirkulation<\/h3>\n<p>Med en affugtningskapacitet p\u00e5 op til 48 liter pr. dag og en luftstr\u00f8m p\u00e5 op til 800 m\u00b3\/t h\u00e5ndterer WLD1H store m\u00e6ngder vasket\u00f8j og fugt effektivt. T\u00f8rring af vasket\u00f8j med en affugter er ikke kun meget energieffektivt, men ogs\u00e5 sk\u00e5nsomt for t\u00f8jet. Den kraftige ventilator har fire justerbare hastigheder og t\u00f8rrer t\u00f8jet nedefra, hvor det er v\u00e5dest. Hvis vasket\u00f8jet er h\u00e6ngt korrekt op, t\u00f8rrer det ogs\u00e5 hurtigere. V\u00e5dt, tungt t\u00f8j, f.eks. jeans, skal h\u00e6nges t\u00e6ttest p\u00e5 affugteren, mens lettere, tyndere t\u00f8j skal h\u00e6nges l\u00e6ngst v\u00e6k. Hvis vasket\u00f8jet ogs\u00e5 h\u00e6nges op p\u00e5 dobbelte vaskeliner, g\u00e5r t\u00f8rringen endnu hurtigere.<\/p>\n<h3>Integreret hj\u00e6lpevarme til fleksibel drift<\/h3>\n<p>WLD1H er udstyret med et indbygget 1200 W varmelegeme, som kan aktiveres via en separat knap. N\u00e5r varmen t\u00e6ndes, arbejder enheden p\u00e5 at n\u00e5 en temperatur p\u00e5 ca. 27\u00b0C og holder derefter et stabilt niveau p\u00e5 27\u00b0C \u00b11\u00b0C under drift. N\u00e5r varmefunktionen er aktiveret, starter den automatisk med de samme indstillinger ved genstart, hvilket g\u00f8r det muligt at bruge displayl\u00e5sen og sikre, at husejerens valgte indstillinger bevares. Ventilatoren tilpasser sig det valgte program og forts\u00e6tter med at k\u00f8re et kort stykke tid, efter at varmen er slukket, for at sikre en sikker afk\u00f8ling.<\/p>\n<h3>Effektiv hele \u00e5ret rundt, selv ved lave temperaturer<\/h3>\n<p>Wood&#8217;s WLD1H er designet til at fungere effektivt selv ved lave temperaturer med et driftsomr\u00e5de fra +2 \u00b0C til +35 \u00b0C. For at opn\u00e5 optimal ydelse anbefales det at bruge det eksisterende varmesystem i lokalerne. Om n\u00f8dvendigt kan den integrerede ekstra opvarmning bruges til at forbedre t\u00f8rreforholdene yderligere, is\u00e6r i koldere omgivelser.<\/p>\n<h3>Smart installation giver bedre resultater<\/h3>\n<p>WLD1H installeres, s\u00e5 luftudtaget er rettet mod t\u00f8rresnorene og vasket\u00f8jet. For at opn\u00e5 den bedste t\u00f8rreeffekt skal det medf\u00f8lgende v\u00e6gbeslag monteres t\u00e6t p\u00e5 t\u00f8rresnorene. Den leveres ogs\u00e5 med et aftageligt displayd\u00e6ksel, s\u00e5 du kan v\u00e6lge, om beboerne skal kunne \u00e6ndre indstillingerne, eller om t\u00f8rringen skal ske ved hj\u00e6lp af forudindstillede indstillinger fra ejendommens ejer. WLD1H leveres uden stik og skal installeres af en kvalificeret elektriker. For at f\u00e5 den nemmest mulige brug tilsluttes den bedst til en timer, der styrer t\u00f8rretiden.<\/p>\n<h3>Bygget til at holde l\u00e6nge<\/h3>\n<p>WLD1H er fremstillet i Sverige med et holdbart metalhus og slidst\u00e6rke komponenter og er designet til en lang levetid og minimal vedligeholdelse. Det vaskbare nylonfilter beskytter affugteren ved at opfange st\u00f8v og partikler fra vasket\u00f8jet, og det medf\u00f8lgende SMF-filter af h\u00f8j kvalitet beskytter maskinen mod mindre partikler og skimmel, hvilket sikrer optimal ydeevne over tid.<\/p>\n<h3>Lang garanti og nem, b\u00e6redygtig brug<\/h3>\n<p>Wood&#8217;s WLD1H leveres med op til 6 \u00e5rs garanti, forudsat at filteret udskiftes en gang om \u00e5ret, og at enheden er registreret p\u00e5 warranty-woods.com. Ved at registrere dig f\u00e5r du ogs\u00e5 p\u00e5mindelser, n\u00e5r det er tid til at skifte filter, hvilket forenkler vedligeholdelsen og sikrer, at maskinen fungerer bedst muligt.<\/p>\n<h3>En langsigtet og effektiv l\u00f8sning til t\u00f8rring af rum og ejendomme<\/h3>\n<p>Ved at bruge WLD1H f\u00e5r du en affugter, der ikke kun reducerer energiomkostningerne, men ogs\u00e5 g\u00f8r t\u00f8rreprocessen mere sk\u00e5nsom for b\u00e5de vasket\u00f8jet og bygningens struktur. WLD1H er enkel at installere og bruge og er et naturligt valg for ejendomsejere, der str\u00e6ber efter energieffektivitet og en b\u00e6redygtig fremtid.<\/p>\n","protected":false},"excerpt":{"rendered":"<p>Woods smarte vaskerumsaffugter WLD1H er specielt udviklet til ejendomsejere, der \u00f8nsker at reducere energiomkostningerne uden at g\u00e5 p\u00e5 kompromis med t\u00f8rretiden. Med en kraftig ventilator, h\u00f8j affugtningskapacitet og integreret ekstra opvarmning, n\u00e5r det er n\u00f8dvendigt, kan WLD1H effektivt t\u00f8rre vasket\u00f8j selv i k\u00f8ligere rum. Ekstravarmen fungerer som et supplement, n\u00e5r det eksisterende varmesystem er utilstr\u00e6kkeligt. Takket v\u00e6re enkel installation og holdbare materialer er WLD1H en langsigtet og p\u00e5lidelig l\u00f8sning til alle t\u00f8rrerum. Fremstillet i Sverige med op til 6 \u00e5rs garanti.<\/p>\n","protected":false},"featured_media":44458,"template":"","meta":{"_acf_changed":false},"product_brand":[],"product_cat":[852,4747,855],"product_tag":[3749,3810,3809],"class_list":{"0":"post-52237","1":"product","2":"type-product","3":"status-publish","4":"has-post-thumbnail","6":"product_cat-affugtere","7":"product_cat-professionelle","8":"product_cat-professional-da","9":"product_tag-ejendomsindustrien","10":"product_tag-store-torrerum","11":"product_tag-torrerum","12":"splide__slide","14":"first","15":"instock","16":"taxable","17":"shipping-taxable","18":"purchasable","19":"product-type-simple"},"acf":[],"_links":{"self":[{"href":"https:\/\/woods.se\/da\/wp-json\/wp\/v2\/product\/52237","targetHints":{"allow":["GET"]}}],"collection":[{"href":"https:\/\/woods.se\/da\/wp-json\/wp\/v2\/product"}],"about":[{"href":"https:\/\/woods.se\/da\/wp-json\/wp\/v2\/types\/product"}],"wp:featuredmedia":[{"embeddable":true,"href":"https:\/\/woods.se\/da\/wp-json\/wp\/v2\/media\/44458"}],"wp:attachment":[{"href":"https:\/\/woods.se\/da\/wp-json\/wp\/v2\/media?parent=52237"}],"wp:term":[{"taxonomy":"product_brand","embeddable":true,"href":"https:\/\/woods.se\/da\/wp-json\/wp\/v2\/product_brand?post=52237"},{"taxonomy":"product_cat","embeddable":true,"href":"https:\/\/woods.se\/da\/wp-json\/wp\/v2\/product_cat?post=52237"},{"taxonomy":"product_tag","embeddable":true,"href":"https:\/\/woods.se\/da\/wp-json\/wp\/v2\/product_tag?post=52237"}],"curies":[{"name":"wp","href":"https:\/\/api.w.org\/{rel}","templated":true}]}}