{"id":49798,"date":"2024-12-12T11:31:34","date_gmt":"2024-12-12T10:31:34","guid":{"rendered":"https:\/\/woods.se\/?post_type=product&#038;p=49798"},"modified":"2026-03-05T13:11:46","modified_gmt":"2026-03-05T12:11:46","slug":"woods-washable-permanent-filter","status":"publish","type":"product","link":"https:\/\/woods.se\/da\/produkter\/affugtere\/woods-washable-permanent-filter\/","title":{"rendered":"Wood&#8217;s washable permanent filter"},"content":{"rendered":"<h2>Woods permanente filter<\/h2>\n<h3>Vaskbar beskyttelse, der forl\u00e6nger din affugters levetid<\/h3>\n<p>For at sikre, at din affugter fungerer optimalt, er det vigtigt at beskytte den mod st\u00f8v og partikler. Wood&#8217;s permanente filter er lavet af slidst\u00e6rkt polyester og kan b\u00e5de vaskes og genbruges, hvilket g\u00f8r det til et b\u00e6redygtigt alternativ til engangsfiltre.<\/p>\n<h3>Effektiv beskyttelse<\/h3>\n<p>Filteret opfanger st\u00f8v og partikler, som ellers kunne tr\u00e6nge ind i maskinen, hvilket reducerer slitage og forl\u00e6nger affugterens levetid.<\/p>\n<h3>Vaskbar og holdbar<\/h3>\n<p>Da filteret er permanent, kan det nemt vaskes og bruges igen og igen. Det giver en omkostningseffektiv l\u00f8sning, som ogs\u00e5 er mere milj\u00f8venlig.<\/p>\n<h3>Kompatibilitet<\/h3>\n<p>Wood&#8217;s permanente filter passer til affugterne <strong>WCD2, WCD3, WCD4 og DSC95P.<\/strong><\/p>\n<h3>Fremstillet i Sverige<\/h3>\n<p>Wood&#8217;s permanente filter er udviklet og fremstillet i Sverige med henblik p\u00e5 maksimal holdbarhed, hvilket sikrer en lang levetid og p\u00e5lidelig drift.<\/p>\n","protected":false},"excerpt":{"rendered":"<p>Wood&#8217;s permanente polyesterfilter er et vaskbart og genanvendeligt filter, der beskytter din affugter mod st\u00f8v og partikler. Det forl\u00e6nger maskinens levetid og sikrer langvarig, effektiv drift. Passer til affugterne WCD2, WCD3, WCD4 og DSC95P. Fremstillet i Sverige.<\/p>\n","protected":false},"featured_media":45068,"template":"","meta":{"_acf_changed":false},"product_brand":[],"product_cat":[852,849,4762],"product_tag":[910,4537],"class_list":{"0":"post-49798","1":"product","2":"type-product","3":"status-publish","4":"has-post-thumbnail","6":"product_cat-affugtere","7":"product_cat-tilbehoer","8":"product_cat-tilbehoer-affugtere","9":"product_tag-filter-da","10":"product_tag-vaskbar","11":"product_shipping_class-low","12":"splide__slide","14":"first","15":"instock","16":"taxable","17":"shipping-taxable","18":"purchasable","19":"product-type-simple"},"acf":[],"_links":{"self":[{"href":"https:\/\/woods.se\/da\/wp-json\/wp\/v2\/product\/49798","targetHints":{"allow":["GET"]}}],"collection":[{"href":"https:\/\/woods.se\/da\/wp-json\/wp\/v2\/product"}],"about":[{"href":"https:\/\/woods.se\/da\/wp-json\/wp\/v2\/types\/product"}],"wp:featuredmedia":[{"embeddable":true,"href":"https:\/\/woods.se\/da\/wp-json\/wp\/v2\/media\/45068"}],"wp:attachment":[{"href":"https:\/\/woods.se\/da\/wp-json\/wp\/v2\/media?parent=49798"}],"wp:term":[{"taxonomy":"product_brand","embeddable":true,"href":"https:\/\/woods.se\/da\/wp-json\/wp\/v2\/product_brand?post=49798"},{"taxonomy":"product_cat","embeddable":true,"href":"https:\/\/woods.se\/da\/wp-json\/wp\/v2\/product_cat?post=49798"},{"taxonomy":"product_tag","embeddable":true,"href":"https:\/\/woods.se\/da\/wp-json\/wp\/v2\/product_tag?post=49798"}],"curies":[{"name":"wp","href":"https:\/\/api.w.org\/{rel}","templated":true}]}}