{"id":48935,"date":"2024-12-12T11:36:08","date_gmt":"2024-12-12T10:36:08","guid":{"rendered":"https:\/\/woods.se\/?post_type=product&#038;p=48935"},"modified":"2026-03-05T11:45:57","modified_gmt":"2026-03-05T10:45:57","slug":"woods-hygrometer-whg-1","status":"publish","type":"product","link":"https:\/\/woods.se\/da\/produkter\/affugtere\/woods-hygrometer-whg-1\/","title":{"rendered":"Wood&#8217;s hygrometer WHG-1"},"content":{"rendered":"<h2>Wood&#8217;s WHG-1<\/h2>\n<h3>Hygrometer til kontrol af luftfugtighed og temperatur<\/h3>\n<p>For at f\u00e5 et sundt indeklima er det vigtigt at holde \u00f8je med luftfugtigheden. Wood&#8217;s WHG-1 g\u00f8r det nemt at m\u00e5le b\u00e5de luftfugtighed og temperatur, s\u00e5 du kan opdage problemer, f\u00f8r de for\u00e5rsager skade. <\/p>\n<h3>Hold luftfugtigheden p\u00e5 omkring 50 % (RH)<\/h3>\n<p>Den anbefalede relative luftfugtighed er omkring 50 %. Hvis luftfugtigheden er under dette niveau, kan det v\u00e6re n\u00f8dvendigt at tilf\u00f8re fugt ved hj\u00e6lp af en luftfugter for at sove bedre og undg\u00e5 t\u00f8r og revnet hud. M\u00f8bler, interi\u00f8r, instrumenter og gulve p\u00e5virkes ogs\u00e5 negativt af lav luftfugtighed. Hvis du i stedet har h\u00f8j luftfugtighed, har du brug for en affugter for at forhindre, at skimmelsvamp, lugt og fugt f\u00e5r fat og skader dit hjem. Husk, at luftfugtigheden varierer meget i l\u00f8bet af \u00e5rstiderne og i forskellige rum.    <\/p>\n<h3>Forebyg skader og skimmel<\/h3>\n<p>Med WHG-1 kan du holde styr p\u00e5 fugten i f\u00f8lsomme omr\u00e5der som k\u00e6ldre, krybek\u00e6ldre og vaskerum. Overskydende fugt kan for\u00e5rsage skimmel, rust og r\u00e5d, men ved at overv\u00e5ge m\u00e5lingerne p\u00e5 hygrometeret kan du gribe ind i tide. Under 72 % holder sort skimmel op med at vokse, og under 68 % holder skimmelsvampen op med at udvikle sig.  <\/p>\n<h3>Praktisk og brugervenlig<\/h3>\n<p>WHG-1 har et tydeligt display, der viser luftfugtighed, temperatur, tid og kalender. Den m\u00e5ler temperaturen i b\u00e5de Celsius og Fahrenheit og har en Max\/Min-funktion, der viser de h\u00f8jeste og laveste m\u00e5lte v\u00e6rdier. <\/p>\n<h3>Funktioner:<\/h3>\n<ul>\n<li>Luftfugtighed: 20-95%.<\/li>\n<li>Temperatur: 0\u00b0C til +50\u00b0C (\u00b0C\/\u00b0F-kontakt)<\/li>\n<li>Max\/Min-funktion<\/li>\n<li>Alarm og snooze<\/li>\n<li>Visning af tid og uge (p\u00e5 engelsk)<\/li>\n<li>Kalenderfunktion<\/li>\n<li>12\/24h tidsformat<\/li>\n<\/ul>\n<h3>Tips til placering<\/h3>\n<p>Luftfugtigheden kan variere i forskellige dele af huset. Flyt hygrometeret mellem forskellige steder, f.eks. k\u00e6lderen, badev\u00e6relset eller krybek\u00e6lderen, for at f\u00e5 et mere komplet billede af fugtighedsforholdene. <\/p>\n","protected":false},"excerpt":{"rendered":"<p>Wood&#8217;s WHG-1 er et praktisk hygrometer, der m\u00e5ler b\u00e5de luftfugtighed og temperatur, s\u00e5 du f\u00e5r fuld kontrol over dit indeklima. Det klare display viser ogs\u00e5 klokkesl\u00e6t, kalender og har en alarmfunktion. Med Max\/Min-funktionen kan du nemt se de h\u00f8jeste og laveste m\u00e5lte v\u00e6rdier, hvilket hj\u00e6lper dig med at opdage fugtproblemer i tide og forhindre skimmel, rust og r\u00e5d.  <\/p>\n","protected":false},"featured_media":45119,"template":"","meta":{"_acf_changed":false},"product_brand":[],"product_cat":[852,853,849,4762,4825],"product_tag":[4441],"class_list":{"0":"post-48935","1":"product","2":"type-product","3":"status-publish","4":"has-post-thumbnail","6":"product_cat-affugtere","7":"product_cat-luftfugter","8":"product_cat-tilbehoer","9":"product_cat-tilbehoer-affugtere","10":"product_cat-tilbehor-til-luftrensere","11":"product_tag-hygrometer","12":"splide__slide","14":"first","15":"instock","16":"taxable","17":"shipping-taxable","18":"purchasable","19":"product-type-simple"},"acf":[],"_links":{"self":[{"href":"https:\/\/woods.se\/da\/wp-json\/wp\/v2\/product\/48935","targetHints":{"allow":["GET"]}}],"collection":[{"href":"https:\/\/woods.se\/da\/wp-json\/wp\/v2\/product"}],"about":[{"href":"https:\/\/woods.se\/da\/wp-json\/wp\/v2\/types\/product"}],"wp:featuredmedia":[{"embeddable":true,"href":"https:\/\/woods.se\/da\/wp-json\/wp\/v2\/media\/45119"}],"wp:attachment":[{"href":"https:\/\/woods.se\/da\/wp-json\/wp\/v2\/media?parent=48935"}],"wp:term":[{"taxonomy":"product_brand","embeddable":true,"href":"https:\/\/woods.se\/da\/wp-json\/wp\/v2\/product_brand?post=48935"},{"taxonomy":"product_cat","embeddable":true,"href":"https:\/\/woods.se\/da\/wp-json\/wp\/v2\/product_cat?post=48935"},{"taxonomy":"product_tag","embeddable":true,"href":"https:\/\/woods.se\/da\/wp-json\/wp\/v2\/product_tag?post=48935"}],"curies":[{"name":"wp","href":"https:\/\/api.w.org\/{rel}","templated":true}]}}