{"id":48336,"date":"2025-09-10T22:57:51","date_gmt":"2025-09-10T20:57:51","guid":{"rendered":"https:\/\/stage.woods.se\/?post_type=product&#038;p=48336"},"modified":"2025-10-15T13:46:51","modified_gmt":"2025-10-15T11:46:51","slug":"woods-airmaster-pre-filter-3-pack","status":"publish","type":"product","link":"https:\/\/woods.se\/da\/produkter\/ozonenhed\/woods-airmaster-pre-filter-3-pack\/","title":{"rendered":"Wood&#8217;s Airmaster Pre-filter 3-pack"},"content":{"rendered":"<h2>Wood&#8217;s Airmaster Pre-filter 3-pack &#8211; Beskytter din ozongenerator og giver l\u00e6ngere levetid<\/h2>\n<p><strong>Passer til f\u00f8lgende modeller:<\/strong> Wood&#8217;s Airmaster WOZ 400, WOZ 500, WOZ 2000, WOZ 4000, WOZ 2000, WOZ 3000, WOZ 6000 og BLC 500, BLC 2000, BLC 4000, BL 3000 og BL 6000.<\/p>\n<p>Dette originale forfilter er designet til Wood&#8217;s Airmaster. Forfilteret har en vigtig funktion, da det opsamler st\u00f8v og snavs, som ellers kunne p\u00e5virke ozonproduktionen negativt. P\u00e5 den m\u00e5de bidrager filteret b\u00e5de til en stabil ozonproduktion og til at forl\u00e6nge din ozongenerators levetid.<\/p>\n<h3>Let at udskifte<\/h3>\n<p>Filteret er nemt at udskifte og kr\u00e6ver intet v\u00e6rkt\u00f8j. Vi anbefaler, at det udskiftes hver 6.-12. m\u00e5ned eller oftere, hvis enheden bruges i st\u00f8vede omgivelser.<\/p>\n<h3>Emballage<\/h3>\n<p>Leveres i en 3-pak, s\u00e5 du altid har filtre klar til regelm\u00e6ssig vedligeholdelse af din Airmaster.<\/p>\n","protected":false},"excerpt":{"rendered":"<p>Wood&#8217;s Airmaster 3-pack forfilter er et originalt filter, der beskytter din ozongenerator mod st\u00f8v og snavs. Ved at holde enheden ren sikres en ensartet og effektiv ozonproduktion, og enhedens levetid forl\u00e6nges. Filteret er let at udskifte og anbefales at blive udskiftet hver 6.-12. m\u00e5ned eller efter behov.<\/p>\n","protected":false},"featured_media":46854,"template":"","meta":{"_acf_changed":false},"product_brand":[],"product_cat":[854,855,849],"product_tag":[4162,3568],"class_list":{"0":"post-48336","1":"product","2":"type-product","3":"status-publish","4":"has-post-thumbnail","6":"product_cat-ozonenhed","7":"product_cat-professional-da","8":"product_cat-tilbehoer","9":"product_tag-forfilter","10":"product_tag-ozon-generatorer","11":"splide__slide","13":"first","14":"instock","15":"taxable","16":"shipping-taxable","17":"product-type-simple"},"acf":[],"_links":{"self":[{"href":"https:\/\/woods.se\/da\/wp-json\/wp\/v2\/product\/48336","targetHints":{"allow":["GET"]}}],"collection":[{"href":"https:\/\/woods.se\/da\/wp-json\/wp\/v2\/product"}],"about":[{"href":"https:\/\/woods.se\/da\/wp-json\/wp\/v2\/types\/product"}],"wp:featuredmedia":[{"embeddable":true,"href":"https:\/\/woods.se\/da\/wp-json\/wp\/v2\/media\/46854"}],"wp:attachment":[{"href":"https:\/\/woods.se\/da\/wp-json\/wp\/v2\/media?parent=48336"}],"wp:term":[{"taxonomy":"product_brand","embeddable":true,"href":"https:\/\/woods.se\/da\/wp-json\/wp\/v2\/product_brand?post=48336"},{"taxonomy":"product_cat","embeddable":true,"href":"https:\/\/woods.se\/da\/wp-json\/wp\/v2\/product_cat?post=48336"},{"taxonomy":"product_tag","embeddable":true,"href":"https:\/\/woods.se\/da\/wp-json\/wp\/v2\/product_tag?post=48336"}],"curies":[{"name":"wp","href":"https:\/\/api.w.org\/{rel}","templated":true}]}}