{"id":48330,"date":"2025-09-10T15:13:36","date_gmt":"2025-09-10T13:13:36","guid":{"rendered":"https:\/\/stage.woods.se\/?post_type=product&#038;p=48330"},"modified":"2025-10-15T13:36:30","modified_gmt":"2025-10-15T11:36:30","slug":"woods-door-and-large-window-sealing-kit-thermal","status":"publish","type":"product","link":"https:\/\/woods.se\/da\/produkter\/klimaanlaeg\/woods-door-and-large-window-sealing-kit-thermal\/","title":{"rendered":"Wood&#8217;s Door and Large Window Sealing Kit (Thermal)"},"content":{"rendered":"<h2>Wood&#8217;s t\u00e6tningss\u00e6t til d\u00f8re og store vinduer<\/h2>\n<h3>Effektiv termisk t\u00e6tning til st\u00f8rre \u00e5bninger<\/h3>\n<p>Med Wood&#8217;s Door &amp; Large Window Sealing Kit kan du forbedre ydeevnen af din b\u00e6rbare AC, selv i st\u00f8rre \u00e5bninger som d\u00f8re og store vinduer. T\u00e6tning omkring udbl\u00e6sningsslangen forhindrer varm luft i at vende tilbage til rummet, hvilket ellers reducerer k\u00f8lekapaciteten og \u00f8ger energiforbruget.<\/p>\n<h3>Smart design med termisk stof<\/h3>\n<p>S\u00e6ttet er 4 meter langt og lavet af termostof af h\u00f8j kvalitet, som giver ekstra isolering. Det holder effektivt den varme luft ude og den k\u00f8lige luft inde. Med fire skydere p\u00e5 lynl\u00e5sen kan s\u00e6ttet bruges til AC-enheder med en eller to udst\u00f8dningsslanger (inklusive AC Cortina AirSwitch).<\/p>\n<h3>Fordele ved Wood&#8217;s t\u00e6tningss\u00e6t til d\u00f8re og store vinduer<\/h3>\n<ul>\n<li>Forbedret k\u00f8lekapacitet &#8211; holder varm luft ude og kold luft inde.<\/li>\n<li>Passer ogs\u00e5 til b\u00e6rbare AC-enheder med dobbeltslanger.<\/li>\n<li>Termostof giver bedre isolering og energieffektivitet.<\/li>\n<li>Nem montering p\u00e5 d\u00f8re og store vinduer.<\/li>\n<li>Hindrer st\u00f8v, snavs og insekter i at tr\u00e6nge ind.<\/li>\n<\/ul>\n<h3>Perfekt til hjem og kontorer<\/h3>\n<p>Uanset om du bruger din b\u00e6rbare AC i stuen, sovev\u00e6relset, p\u00e5 kontoret eller i st\u00f8rre rum med d\u00f8re eller store vinduer, hj\u00e6lper Wood&#8217;s Door &amp; Large Window Sealing Kit dig med at f\u00e5 maksimal effekt og et k\u00f8ligere indeklima.<\/p>\n<p>V\u00e6lg Wood&#8217;s Door &amp; Large Window Sealing Kit &#8211; et smart og energieffektivt tilbeh\u00f8r til dit transportable klimaanl\u00e6g.<\/p>\n","protected":false},"excerpt":{"rendered":"<p>Wood&#8217;s Door &amp; Large Window Sealing Kit er det smarte tilbeh\u00f8r, der maksimerer effekten af din b\u00e6rbare AC i d\u00f8re og store vinduer. S\u00e6ttet er 4 m langt og lavet af termisk stof, der effektivt holder varm luft ude og k\u00f8lig luft inde. Med fire l\u00f8bere p\u00e5 lynl\u00e5sen kan det bruges til b\u00e5de en og to udbl\u00e6sningsslanger (AirSwitch). Passer til alle b\u00e6rbare AC-modeller og er let at installere.<\/p>\n","protected":false},"featured_media":46384,"template":"","meta":{"_acf_changed":false},"product_brand":[],"product_cat":[4904,850,849],"product_tag":[4084],"class_list":{"0":"post-48330","1":"product","2":"type-product","3":"status-publish","4":"has-post-thumbnail","6":"product_cat-tilbehor-til-klimaanlaeg","7":"product_cat-klimaanlaeg","8":"product_cat-tilbehoer","9":"product_tag-taetningssaet","10":"splide__slide","12":"first","13":"instock","14":"taxable","15":"shipping-taxable","16":"purchasable","17":"product-type-simple"},"acf":[],"_links":{"self":[{"href":"https:\/\/woods.se\/da\/wp-json\/wp\/v2\/product\/48330","targetHints":{"allow":["GET"]}}],"collection":[{"href":"https:\/\/woods.se\/da\/wp-json\/wp\/v2\/product"}],"about":[{"href":"https:\/\/woods.se\/da\/wp-json\/wp\/v2\/types\/product"}],"wp:featuredmedia":[{"embeddable":true,"href":"https:\/\/woods.se\/da\/wp-json\/wp\/v2\/media\/46384"}],"wp:attachment":[{"href":"https:\/\/woods.se\/da\/wp-json\/wp\/v2\/media?parent=48330"}],"wp:term":[{"taxonomy":"product_brand","embeddable":true,"href":"https:\/\/woods.se\/da\/wp-json\/wp\/v2\/product_brand?post=48330"},{"taxonomy":"product_cat","embeddable":true,"href":"https:\/\/woods.se\/da\/wp-json\/wp\/v2\/product_cat?post=48330"},{"taxonomy":"product_tag","embeddable":true,"href":"https:\/\/woods.se\/da\/wp-json\/wp\/v2\/product_tag?post=48330"}],"curies":[{"name":"wp","href":"https:\/\/api.w.org\/{rel}","templated":true}]}}