{"id":48319,"date":"2024-12-16T09:04:16","date_gmt":"2024-12-16T08:04:16","guid":{"rendered":"https:\/\/stage.woods.se\/?post_type=product&#038;p=48319"},"modified":"2025-10-15T13:17:41","modified_gmt":"2025-10-15T11:17:41","slug":"woods-airmaster-woz-4000-ozone-tube","status":"publish","type":"product","link":"https:\/\/woods.se\/da\/produkter\/ozonenhed\/woods-airmaster-woz-4000-ozone-tube\/","title":{"rendered":"Wood&#8217;s Airmaster WOZ 4000 Ozone Tube"},"content":{"rendered":"<h2>Ozonr\u00f8r Wood&#8217;s Airmaster WOZ 4000 (tidligere BLC 4000)<\/h2>\n<h3>Svenskproduceret reservedel til effektiv ozonproduktion<\/h3>\n<p>Dette ozonr\u00f8r er specielt designet til Wood&#8217;s Airmaster WOZ 4000 (tidligere BLC 4000) og spiller en central rolle i den effektive omdannelse af ilt til ozon. R\u00f8ret er svenskproduceret og konstrueret af materialer af h\u00f8j kvalitet: rustfrit st\u00e5l (SS2333), kvartsglas og k\u00f8leribber af aluminium. Det robuste design sikrer en sikker og stabil ozonkonvertering over en lang periode.<\/p>\n<h3>Leveres komplet med slanger<\/h3>\n<p>Ozonr\u00f8ret leveres med tilslutningsslanger i silikone, hvilket g\u00f8r installationen hurtig og nem.<\/p>\n<h3>Udskift ozonr\u00f8ret regelm\u00e6ssigt<\/h3>\n<p>Da ozonr\u00f8ret er en sliddel, skal det udskiftes med j\u00e6vne mellemrum for at opretholde optimal ydelse. Hver gang det udskiftes, skal ozongeneratoren ogs\u00e5 reng\u00f8res for at forhindre, at st\u00f8v og snavs p\u00e5virker produktionen negativt.<\/p>\n","protected":false},"excerpt":{"rendered":"<p>Ozonr\u00f8r Wood&#8217;s Airmaster WOZ 4000 (tidligere BLC 4000) er en original reservedel, der sikrer en effektiv og stabil ozonproduktion. R\u00f8ret er svenskproduceret i rustfrit st\u00e5l (SS2333), kvartsglas og aluminium for lang holdbarhed og h\u00f8j ydeevne. Leveres komplet med silikoneslanger for nem tilslutning. Da ozonr\u00f8ret er en sliddel, anbefales regelm\u00e6ssig udskiftning. Ved udskiftning skal ozongeneratoren altid reng\u00f8res.<\/p>\n","protected":false},"featured_media":46847,"template":"","meta":{"_acf_changed":false},"product_brand":[],"product_cat":[854,855,849],"product_tag":[3568,4148],"class_list":{"0":"post-48319","1":"product","2":"type-product","3":"status-publish","4":"has-post-thumbnail","6":"product_cat-ozonenhed","7":"product_cat-professional-da","8":"product_cat-tilbehoer","9":"product_tag-ozon-generatorer","10":"product_tag-ozonror","11":"splide__slide","13":"first","14":"instock","15":"taxable","16":"shipping-taxable","17":"product-type-simple"},"acf":[],"_links":{"self":[{"href":"https:\/\/woods.se\/da\/wp-json\/wp\/v2\/product\/48319","targetHints":{"allow":["GET"]}}],"collection":[{"href":"https:\/\/woods.se\/da\/wp-json\/wp\/v2\/product"}],"about":[{"href":"https:\/\/woods.se\/da\/wp-json\/wp\/v2\/types\/product"}],"wp:featuredmedia":[{"embeddable":true,"href":"https:\/\/woods.se\/da\/wp-json\/wp\/v2\/media\/46847"}],"wp:attachment":[{"href":"https:\/\/woods.se\/da\/wp-json\/wp\/v2\/media?parent=48319"}],"wp:term":[{"taxonomy":"product_brand","embeddable":true,"href":"https:\/\/woods.se\/da\/wp-json\/wp\/v2\/product_brand?post=48319"},{"taxonomy":"product_cat","embeddable":true,"href":"https:\/\/woods.se\/da\/wp-json\/wp\/v2\/product_cat?post=48319"},{"taxonomy":"product_tag","embeddable":true,"href":"https:\/\/woods.se\/da\/wp-json\/wp\/v2\/product_tag?post=48319"}],"curies":[{"name":"wp","href":"https:\/\/api.w.org\/{rel}","templated":true}]}}