{"id":48314,"date":"2024-12-16T08:56:59","date_gmt":"2024-12-16T07:56:59","guid":{"rendered":"https:\/\/stage.woods.se\/?post_type=product&#038;p=48314"},"modified":"2025-10-15T12:40:45","modified_gmt":"2025-10-15T10:40:45","slug":"cigarette-lighter-cable-for-woods-airmaster-woz-100-and-400","status":"publish","type":"product","link":"https:\/\/woods.se\/da\/produkter\/ozonenhed\/cigarette-lighter-cable-for-woods-airmaster-woz-100-and-400\/","title":{"rendered":"Cigarette Lighter Cable for Wood&#8217;s Airmaster WOZ 100 and 400"},"content":{"rendered":"<h2>Cigarett\u00e6nderkabel til Wood&#8217;s Airmaster WOZ 100 og 400<\/h2>\n<h3>Mobil str\u00f8mforsyning til biler og lastbiler<\/h3>\n<p>Med dette cigarett\u00e6nderkabel kan du nemt tilslutte din Wood&#8217;s Airmaster WOZ 100 eller WOZ 400 direkte til cigarett\u00e6nderstikket i din bil eller lastbil. Perfekt til renovering af biler, dekontaminering af kabiner og andre situationer, hvor du har brug for mobil ozonbehandling.<\/p>\n<h3>Sikker og p\u00e5lidelig drift<\/h3>\n<p>Kablet er udstyret med en indbygget 2 A sikring, som giver ekstra beskyttelse og sikkerhed under brug.<\/p>\n<h3>Fleksibel og brugervenlig<\/h3>\n<p>Med en l\u00e6ngde p\u00e5 2 meter f\u00e5r du en god r\u00e6kkevidde, og det standardiserede DC-stik (2,1 x 5,5 mm) g\u00f8r installationen nem og problemfri.<\/p>\n<h3>Perfekt til mobil brug<\/h3>\n<p>Takket v\u00e6re dette kabel kan du bruge din WOZ-enhed selv i k\u00f8ret\u00f8jer &#8211; et praktisk tilbeh\u00f8r til bilrenovering, transportbranchen og andre mobile dekontamineringsbehov.<\/p>\n","protected":false},"excerpt":{"rendered":"<p>Cigarett\u00e6nderkabel til Wood&#8217;s Airmaster WOZ 100 og 400 g\u00f8r det nemt at bruge ozongeneratoren i biler eller lastbiler. Kablet tilsluttes direkte til cigarett\u00e6nderstikket og har en indbygget 2 A sikring for sikker drift. Med en l\u00e6ngde p\u00e5 2 meter og et DC-stik (2,1 x 5,5 mm) er det bekvemt, sikkert og praktisk til mobil ozonbehandling.<\/p>\n","protected":false},"featured_media":46805,"template":"","meta":{"_acf_changed":false},"product_brand":[],"product_cat":[854,855,849],"product_tag":[4151,4152],"class_list":{"0":"post-48314","1":"product","2":"type-product","3":"status-publish","4":"has-post-thumbnail","6":"product_cat-ozonenhed","7":"product_cat-professional-da","8":"product_cat-tilbehoer","9":"product_tag-kabel-til-cigarettaender","10":"product_tag-ozon","11":"splide__slide","13":"first","14":"instock","15":"taxable","16":"shipping-taxable","17":"product-type-simple"},"acf":[],"_links":{"self":[{"href":"https:\/\/woods.se\/da\/wp-json\/wp\/v2\/product\/48314","targetHints":{"allow":["GET"]}}],"collection":[{"href":"https:\/\/woods.se\/da\/wp-json\/wp\/v2\/product"}],"about":[{"href":"https:\/\/woods.se\/da\/wp-json\/wp\/v2\/types\/product"}],"wp:featuredmedia":[{"embeddable":true,"href":"https:\/\/woods.se\/da\/wp-json\/wp\/v2\/media\/46805"}],"wp:attachment":[{"href":"https:\/\/woods.se\/da\/wp-json\/wp\/v2\/media?parent=48314"}],"wp:term":[{"taxonomy":"product_brand","embeddable":true,"href":"https:\/\/woods.se\/da\/wp-json\/wp\/v2\/product_brand?post=48314"},{"taxonomy":"product_cat","embeddable":true,"href":"https:\/\/woods.se\/da\/wp-json\/wp\/v2\/product_cat?post=48314"},{"taxonomy":"product_tag","embeddable":true,"href":"https:\/\/woods.se\/da\/wp-json\/wp\/v2\/product_tag?post=48314"}],"curies":[{"name":"wp","href":"https:\/\/api.w.org\/{rel}","templated":true}]}}