{"id":48270,"date":"2024-12-12T11:36:40","date_gmt":"2024-12-12T10:36:40","guid":{"rendered":"https:\/\/stage.woods.se\/?post_type=product&#038;p=48270"},"modified":"2025-10-15T11:55:54","modified_gmt":"2025-10-15T09:55:54","slug":"woods-pleated-carbon-filter-900-serie","status":"publish","type":"product","link":"https:\/\/woods.se\/da\/produkter\/luftrensere\/woods-pleated-carbon-filter-900-serie\/","title":{"rendered":"Wood\u2019s Pleated Carbon Filter 900-serie"},"content":{"rendered":"<h2>Wood&#8217;s Pleated Carbon Filter<\/h2>\n<h3>Dobbelt kulfilter til luftrensere i 900-serien<\/h3>\n<p>Wood&#8217;s plisserede kulfilter til 900-serien er en kraftfuld tilf\u00f8jelse, der g\u00f8r din luftrenser endnu mere effektiv. Pakken indeholder to filtre, hver med 100 g aktivt kul, der er specielt udviklet til at opfange gasser, kemiske forureninger og ubehagelige lugte. Takket v\u00e6re det plisserede design minimeres trykfaldet, s\u00e5 luftrenseren kan opretholde sin st\u00e6rke luftstr\u00f8m, mens den renser luften grundigt.<\/p>\n<h3>Effektiv mod lugt og gasser<\/h3>\n<p>De dobbelte kulfiltre absorberer gasser og neutraliserer u\u00f8nsket lugt fra f.eks. madlavning, r\u00f8g, afl\u00f8b eller kemikalier. Resultatet er straks friskere og renere luft i store rum.<\/p>\n<h3>Smart plisseret design<\/h3>\n<p>Den plisserede konstruktion giver filtrene et stort aktivt overfladeareal, hvilket sikrer effektiv filtrering med minimalt trykfald. Det betyder, at luftrenseren fungerer optimalt, selv n\u00e5r kulfilteret er installeret.<\/p>\n<h3>Placeret foran HEPA-filteret<\/h3>\n<p>Kulfilteret er et ekstra produkt, der placeres foran Active ION HEPA-filteret i luftrenseren. Sammen fanger filtrene b\u00e5de partikler (st\u00f8v, pollen, skimmelsporer) og det, der ikke er synligt &#8211; gasser og lugte.<\/p>\n<h3>Nem udskiftning og vedligeholdelse<\/h3>\n<p>For at opn\u00e5 de bedste resultater anbefaler vi at udskifte kulfilteret hver tredje m\u00e5ned eller oftere, hvis kapaciteten falder afh\u00e6ngigt af indeklimaet.<\/p>\n<h3>Kompatibilitet<\/h3>\n<p>Wood&#8217;s plisserede kulfilter er designet til luftrensere i 900-serien (GRAN 900).<\/p>\n","protected":false},"excerpt":{"rendered":"<p>Wood&#8217;s plisserede kulfilter til 900-serien best\u00e5r af to filtre, der hver indeholder 100 g aktivt kul. Takket v\u00e6re deres plisserede design for\u00e5rsager de minimalt trykfald, mens de effektivt fjerner gasser, kemiske forurenende stoffer og ubehagelige lugte. Filtrene placeres foran Active ION HEPA-filteret i luftrensere som GRAN 900 og skal udskiftes regelm\u00e6ssigt, normalt hver tredje m\u00e5ned. Et perfekt supplement til et sundere indeklima.<\/p>\n","protected":false},"featured_media":45340,"template":"","meta":{"_acf_changed":false},"product_brand":[],"product_cat":[851,849,4801],"product_tag":[910,4111],"class_list":{"0":"post-48270","1":"product","2":"type-product","3":"status-publish","4":"has-post-thumbnail","6":"product_cat-luftrensere","7":"product_cat-tilbehoer","8":"product_cat-tilbehoer-luftrensere","9":"product_tag-filter-da","10":"product_tag-kulfilter","11":"product_shipping_class-low","12":"splide__slide","14":"first","15":"instock","16":"taxable","17":"shipping-taxable","18":"purchasable","19":"product-type-simple"},"acf":[],"_links":{"self":[{"href":"https:\/\/woods.se\/da\/wp-json\/wp\/v2\/product\/48270","targetHints":{"allow":["GET"]}}],"collection":[{"href":"https:\/\/woods.se\/da\/wp-json\/wp\/v2\/product"}],"about":[{"href":"https:\/\/woods.se\/da\/wp-json\/wp\/v2\/types\/product"}],"wp:featuredmedia":[{"embeddable":true,"href":"https:\/\/woods.se\/da\/wp-json\/wp\/v2\/media\/45340"}],"wp:attachment":[{"href":"https:\/\/woods.se\/da\/wp-json\/wp\/v2\/media?parent=48270"}],"wp:term":[{"taxonomy":"product_brand","embeddable":true,"href":"https:\/\/woods.se\/da\/wp-json\/wp\/v2\/product_brand?post=48270"},{"taxonomy":"product_cat","embeddable":true,"href":"https:\/\/woods.se\/da\/wp-json\/wp\/v2\/product_cat?post=48270"},{"taxonomy":"product_tag","embeddable":true,"href":"https:\/\/woods.se\/da\/wp-json\/wp\/v2\/product_tag?post=48270"}],"curies":[{"name":"wp","href":"https:\/\/api.w.org\/{rel}","templated":true}]}}