{"id":48261,"date":"2024-12-12T11:33:31","date_gmt":"2024-12-12T10:33:31","guid":{"rendered":"https:\/\/stage.woods.se\/?post_type=product&#038;p=48261"},"modified":"2026-03-05T11:54:31","modified_gmt":"2026-03-05T10:54:31","slug":"woods-active-ion-hepa-filter-til-ad20-ad30","status":"publish","type":"product","link":"https:\/\/woods.se\/da\/produkter\/affugtere\/woods-active-ion-hepa-filter-til-ad20-ad30\/","title":{"rendered":"Wood&#8217;s Active ION HEPA-filter til AD20\/AD30"},"content":{"rendered":"<h2>Wood&#8217;s Active ION HEPA-filter<\/h2>\n<h3>Ren og t\u00f8r luft i \u00e9t trin<\/h3>\n<p>Woods svenskproducerede Active ION HEPA-filter er n\u00f8glen til den h\u00f8je rensningskapacitet i Woods hybridaffugter\/luftrenser AD20 og AD30. Filteret er lavet af et s\u00e6rligt syntetisk materiale, hvor fibrene er let elektrisk ladede, hvilket betyder, at de fanger selv de mindste partikler ekstremt effektivt. <\/p>\n<h3>Effektiv luftrensning<\/h3>\n<p>Active ION HEPA-filteret fjerner 99,98 % af alle luftb\u00e5rne partikler i dit indeklima. Det indfanger pollen, st\u00f8v, skimmelsporer, bakterier og endda radioaktive radond\u00f8tre. Resultatet er en \u00f8jeblikkelig forbedring af luftkvaliteten &#8211; ren og t\u00f8r p\u00e5 samme tid.  <\/p>\n<h3>Filtrerer ultrafine partikler<\/h3>\n<p>Filteret kan opfange partikler ned til 0,0003 mm i st\u00f8rrelse, hvilket er 50 gange mindre end en bakterie. Det g\u00f8r det til et af de mest effektive filtre til hjemmebrug. <\/p>\n<h3>Ren og t\u00f8r luft med lavt energiforbrug<\/h3>\n<p>I kombination med AD20 og AD30 giver filteret ikke kun et sundt indeklima, men g\u00f8r det ogs\u00e5 energieffektivt og st\u00f8jsvagt &#8211; perfekt til daglig brug.<\/p>\n<h3>Kompatibilitet<\/h3>\n<p>Wood&#8217;s Active ION HEPA-filter er designet til AD20 og AD30 hybridluftrensere\/affugtere.<\/p>\n","protected":false},"excerpt":{"rendered":"<p>Wood&#8217;s Active ION HEPA-filter er et h\u00f8jtydende filter, der passer til AD20- og AD30-affugtere og luftrensere. Det fjerner 99,98 % af alle skadelige partikler i indeluften, herunder pollen, st\u00f8v, skimmelsporer, bakterier og radond\u00f8tre. Filteret renser luften, mens det affugter den, hvilket giver et friskere og sundere indeklima med lavt energiforbrug og st\u00f8jsvag drift.  <\/p>\n","protected":false},"featured_media":45084,"template":"","meta":{"_acf_changed":false},"product_brand":[],"product_cat":[852,849,4762],"product_tag":[910,4101],"class_list":{"0":"post-48261","1":"product","2":"type-product","3":"status-publish","4":"has-post-thumbnail","6":"product_cat-affugtere","7":"product_cat-tilbehoer","8":"product_cat-tilbehoer-affugtere","9":"product_tag-filter-da","10":"product_tag-hepa-filter","11":"product_shipping_class-low","12":"splide__slide","14":"first","15":"outofstock","16":"taxable","17":"shipping-taxable","18":"purchasable","19":"product-type-simple"},"acf":[],"_links":{"self":[{"href":"https:\/\/woods.se\/da\/wp-json\/wp\/v2\/product\/48261","targetHints":{"allow":["GET"]}}],"collection":[{"href":"https:\/\/woods.se\/da\/wp-json\/wp\/v2\/product"}],"about":[{"href":"https:\/\/woods.se\/da\/wp-json\/wp\/v2\/types\/product"}],"wp:featuredmedia":[{"embeddable":true,"href":"https:\/\/woods.se\/da\/wp-json\/wp\/v2\/media\/45084"}],"wp:attachment":[{"href":"https:\/\/woods.se\/da\/wp-json\/wp\/v2\/media?parent=48261"}],"wp:term":[{"taxonomy":"product_brand","embeddable":true,"href":"https:\/\/woods.se\/da\/wp-json\/wp\/v2\/product_brand?post=48261"},{"taxonomy":"product_cat","embeddable":true,"href":"https:\/\/woods.se\/da\/wp-json\/wp\/v2\/product_cat?post=48261"},{"taxonomy":"product_tag","embeddable":true,"href":"https:\/\/woods.se\/da\/wp-json\/wp\/v2\/product_tag?post=48261"}],"curies":[{"name":"wp","href":"https:\/\/api.w.org\/{rel}","templated":true}]}}