{"id":48259,"date":"2024-12-12T11:32:53","date_gmt":"2024-12-12T10:32:53","guid":{"rendered":"https:\/\/stage.woods.se\/?post_type=product&#038;p=48259"},"modified":"2026-03-05T11:59:53","modified_gmt":"2026-03-05T10:59:53","slug":"woods-smf-filter-5-pack-sw-ld-dsc-ds-dk-ed-tdr","status":"publish","type":"product","link":"https:\/\/woods.se\/da\/produkter\/affugtere\/woods-smf-filter-5-pack-sw-ld-dsc-ds-dk-ed-tdr\/","title":{"rendered":"Wood&#8217;s SMF-filter 5-pack SW\/LD\/DSC\/DS\/DK\/ED\/TDR\/"},"content":{"rendered":"<h2>Wood&#8217;s SMF-filter 5-pack<\/h2>\n<h3>F\u00e5 5 SMF-filtre, men betal for 4<\/h3>\n<p>Wood&#8217;s SMF-filter 5-pak er det smarte valg for dem, der \u00f8nsker at sikre b\u00e5de deres indeklima og garanti. Du f\u00e5r 5 filtre, men betaler for 4, hvilket g\u00f8r det b\u00e5de overkommeligt og nemt at planl\u00e6gge dine \u00e5rlige filterskift. Hvis du k\u00f8ber denne pakke sammen med din affugter, f\u00e5r du 6 \u00e5rs garanti p\u00e5 samme kvittering, n\u00e5r du registrerer din affugter p\u00e5 warranty-woods.com.<\/p>\n<h3>Wood&#8217;s SMF-filter &#8211; Effektiv beskyttelse mod fugt, skimmel og st\u00f8v<\/h3>\n<p>N\u00e5r fugtige rum t\u00f8rres ud, frigives der ofte st\u00f8v, skimmelsporer og andre skadelige partikler til luften. Woods svenskproducerede SMF-filter er et unikt anti-skimmelfilter, som renser luften og g\u00f8r dit indeklima endnu sundere. Samtidig beskytter filteret din affugter mod st\u00f8v og snavs &#8211; s\u00e5 din affugter yder sit bedste dag efter dag, \u00e5r efter \u00e5r.<\/p>\n<h3>Renere luft i dit hjem<\/h3>\n<p>Filteret opfanger effektivt pollen, skimmelsporer, st\u00f8v og andre partikler, som ellers ville blive spredt i luften, n\u00e5r fugten t\u00f8rres ud. Resultatet er et bedre og sundere indeklima.<\/p>\n<h3>Beskytter din affugter<\/h3>\n<p>Ved at stoppe st\u00f8v og snavs forl\u00e6nger SMF-filteret affugterens levetid og sikrer p\u00e5lidelig drift \u00e5r efter \u00e5r.<\/p>\n<h3>St\u00f8vsug ikke filteret.<\/h3>\n<p>For at bevare filterets fulde funktionalitet b\u00f8r det ikke st\u00f8vsuges eller rystes. St\u00f8vsugning eller reng\u00f8ring frigiver t\u00f8rre, skadelige partikler i luften, s\u00e5 de bliver lettere at ind\u00e5nde, hvilket kan skade dit helbred.<\/p>\n<h3>Kompatibilitet<\/h3>\n<p>Passer til Wood&#8217;s affugtere i SW-, LD-, DS-, DK-, ED- og TDR-serien samt DSC50FM.<br \/>\n<strong>BEM\u00c6RK Dette filter er ikke egnet til Wood&#8217;s DS40FS.<\/strong><\/p>\n<h3>Udvidet garanti p\u00e5 din affugter<\/h3>\n<p>Hvis du registrerer din affugter i SW-, LD-, DK-, ED-, TDR-, DS- eller DSC-serien p\u00e5 warranty-woods.com inden for 90 dage efter k\u00f8bet, f\u00e5r du en udvidet garanti, n\u00e5r du udskifter SMF-filteret en gang om \u00e5ret. Op til 10 \u00e5r p\u00e5 LD-serien og 6 \u00e5r p\u00e5 andre serier. Hvis du k\u00f8ber denne 5-pak samtidig med affugteren, beh\u00f8ver du ikke at k\u00f8be filtre hvert \u00e5r og f\u00e5r 6 \u00e5rs garanti p\u00e5 samme kvittering. Gem din kvittering!<\/p>\n<h3>Nem udskiftning af filter<\/h3>\n<p>SMF-filteret er nemt at installere og udskifte. For at opn\u00e5 de bedste resultater anbefaler vi at udskifte filteret mindst en gang om \u00e5ret.<\/p>\n","protected":false},"excerpt":{"rendered":"<p>Wood&#8217;s svenskproducerede SMF-filter i en smart 5-pak (hvor du betaler for 4). SMF-filteret er et unikt anti-skimmelfilter, som renser luften for skadelige partikler. Filteret fanger pollen, skimmelsporer, st\u00f8v og andre luftb\u00e5rne forureninger og beskytter samtidig din affugter mod snavs og slitage. Ved at udskifte filteret mindst en gang om \u00e5ret kan du forl\u00e6nge din affugters levetid og drage fordel af Woods garantiprogram med op til 10 \u00e5rs garanti.<\/p>\n","protected":false},"featured_media":44975,"template":"","meta":{"_acf_changed":false},"product_brand":[],"product_cat":[852,849,4762,3837],"product_tag":[3567,910],"class_list":{"0":"post-48259","1":"product","2":"type-product","3":"status-publish","4":"has-post-thumbnail","6":"product_cat-affugtere","7":"product_cat-tilbehoer","8":"product_cat-tilbehoer-affugtere","9":"product_cat-villaagarna","10":"product_tag-5-pak","11":"product_tag-filter-da","12":"product_shipping_class-low","13":"splide__slide","15":"first","16":"instock","17":"taxable","18":"shipping-taxable","19":"purchasable","20":"product-type-simple"},"acf":[],"_links":{"self":[{"href":"https:\/\/woods.se\/da\/wp-json\/wp\/v2\/product\/48259","targetHints":{"allow":["GET"]}}],"collection":[{"href":"https:\/\/woods.se\/da\/wp-json\/wp\/v2\/product"}],"about":[{"href":"https:\/\/woods.se\/da\/wp-json\/wp\/v2\/types\/product"}],"wp:featuredmedia":[{"embeddable":true,"href":"https:\/\/woods.se\/da\/wp-json\/wp\/v2\/media\/44975"}],"wp:attachment":[{"href":"https:\/\/woods.se\/da\/wp-json\/wp\/v2\/media?parent=48259"}],"wp:term":[{"taxonomy":"product_brand","embeddable":true,"href":"https:\/\/woods.se\/da\/wp-json\/wp\/v2\/product_brand?post=48259"},{"taxonomy":"product_cat","embeddable":true,"href":"https:\/\/woods.se\/da\/wp-json\/wp\/v2\/product_cat?post=48259"},{"taxonomy":"product_tag","embeddable":true,"href":"https:\/\/woods.se\/da\/wp-json\/wp\/v2\/product_tag?post=48259"}],"curies":[{"name":"wp","href":"https:\/\/api.w.org\/{rel}","templated":true}]}}