{"id":48257,"date":"2024-12-12T11:25:45","date_gmt":"2024-12-12T10:25:45","guid":{"rendered":"https:\/\/stage.woods.se\/?post_type=product&#038;p=48257"},"modified":"2026-03-06T15:37:51","modified_gmt":"2026-03-06T14:37:51","slug":"woods-wdp-01-pumpkit","status":"publish","type":"product","link":"https:\/\/woods.se\/da\/produkter\/affugtere\/woods-wdp-01-pumpkit\/","title":{"rendered":"Wood&#8217;s WDP-01 pumpkit"},"content":{"rendered":"<h2>Wood&#8217;s WDP-01<\/h2>\n<h3>Smart pumpes\u00e6t til affugtere<\/h3>\n<p>Vil du undg\u00e5 at t\u00f8mme affugterens vandtank manuelt? Med Wood&#8217;s WDP-01-kondensatpumpe f\u00e5r du en effektiv og vedligeholdelsesfri l\u00f8sning, der automatisk fjerner kondensvand fra din affugter. Pumpen installeres direkte i det rum, hvor vandtanken ellers ville v\u00e6re placeret, og en slange leder vandet til afl\u00f8bet eller et andet dr\u00e6npunkt.  <\/p>\n<h3>Automatisk vandafledning<\/h3>\n<p>N\u00e5r pumpens beholder fyldes op, starter den automatisk og pumper vandet v\u00e6k. N\u00e5r niveauet falder, slukker pumpen &#8211; helt h\u00e5ndfrit. <\/p>\n<h3>Fleksibel installation<\/h3>\n<p>WDP-01 kan pumpe kondensvand op til 10 meter b\u00e5de horisontalt og vertikalt, hvilket g\u00f8r den ideel til installation p\u00e5 sv\u00e6rt tilg\u00e6ngelige steder.<\/p>\n<h3>Perfekt til krybek\u00e6ldre og k\u00e6ldre<\/h3>\n<p>I trange rum som krybek\u00e6ldre, k\u00e6ldre eller andre steder, hvor det er vanskeligt at f\u00e5 adgang til affugteren, er WDP-01 en praktisk og holdbar l\u00f8sning.<\/p>\n<h3>Kompatibilitet<\/h3>\n<p>Velegnet til Wood&#8217;s affugtere:<\/p>\n<ul>\n<li>Alle affugtere i SW-serien (starter med SW)<\/li>\n<li>Alle affugtere i LD-serien (starter med LD)<\/li>\n<li>WCD4HG, WCD4, WCD3, WCD2<\/li>\n<li>DSC50FM<\/li>\n<\/ul>\n<h3>P\u00e5lidelig og enkel<\/h3>\n<p>Pumpen skal placeres vandret og tilsluttes en stikkontakt. Den starter og stopper automatisk efter behov, hvilket g\u00f8r driften p\u00e5lidelig og bekymringsfri. <\/p>\n<p>Tips til installation af Wood&#8217;s WDP-01:<\/p>\n<ol>\n<li>Placer pumpen i affugterens vandtankrum.<\/li>\n<li>Tilslut slangen fra pumpen til et afl\u00f8b eller et andet udl\u00f8b.<\/li>\n<li>S\u00f8rg for, at pumpen st\u00e5r vandret, f\u00f8r du slutter den til stikkontakten.<\/li>\n<li>Start affugteren &#8211; pumpen aktiveres automatisk, n\u00e5r vandstanden stiger.<\/li>\n<\/ol>\n","protected":false},"excerpt":{"rendered":"<p>\u00d8g kapaciteten p\u00e5 din affugter med Woods WDP-01-kondensatpumpe. Perfekt, n\u00e5r affugteren er placeret p\u00e5 sv\u00e6rt tilg\u00e6ngelige steder, f.eks. i et husfundament. Pumpen dr\u00e6ner automatisk kondensvandet gennem en slange direkte til afl\u00f8bet &#8211; op til 10 meter horisontalt eller vertikalt. Du slipper for at t\u00f8mme vandtanken manuelt og f\u00e5r en effektiv, langtidsholdbar og vedligeholdelsesfri l\u00f8sning.   <\/p>\n","protected":false},"featured_media":44852,"template":"","meta":{"_acf_changed":false},"product_brand":[],"product_cat":[852,4762,849],"product_tag":[4090],"class_list":{"0":"post-48257","1":"product","2":"type-product","3":"status-publish","4":"has-post-thumbnail","6":"product_cat-affugtere","7":"product_cat-tilbehoer-affugtere","8":"product_cat-tilbehoer","9":"product_tag-pumpe","10":"product_shipping_class-low","11":"splide__slide","13":"first","14":"instock","15":"taxable","16":"shipping-taxable","17":"purchasable","18":"product-type-simple"},"acf":[],"_links":{"self":[{"href":"https:\/\/woods.se\/da\/wp-json\/wp\/v2\/product\/48257","targetHints":{"allow":["GET"]}}],"collection":[{"href":"https:\/\/woods.se\/da\/wp-json\/wp\/v2\/product"}],"about":[{"href":"https:\/\/woods.se\/da\/wp-json\/wp\/v2\/types\/product"}],"wp:featuredmedia":[{"embeddable":true,"href":"https:\/\/woods.se\/da\/wp-json\/wp\/v2\/media\/44852"}],"wp:attachment":[{"href":"https:\/\/woods.se\/da\/wp-json\/wp\/v2\/media?parent=48257"}],"wp:term":[{"taxonomy":"product_brand","embeddable":true,"href":"https:\/\/woods.se\/da\/wp-json\/wp\/v2\/product_brand?post=48257"},{"taxonomy":"product_cat","embeddable":true,"href":"https:\/\/woods.se\/da\/wp-json\/wp\/v2\/product_cat?post=48257"},{"taxonomy":"product_tag","embeddable":true,"href":"https:\/\/woods.se\/da\/wp-json\/wp\/v2\/product_tag?post=48257"}],"curies":[{"name":"wp","href":"https:\/\/api.w.org\/{rel}","templated":true}]}}