{"id":48255,"date":"2024-12-12T11:20:40","date_gmt":"2024-12-12T10:20:40","guid":{"rendered":"https:\/\/stage.woods.se\/?post_type=product&#038;p=48255"},"modified":"2025-10-14T14:46:35","modified_gmt":"2025-10-14T12:46:35","slug":"woods-skylight-roof-sealing-kit","status":"publish","type":"product","link":"https:\/\/woods.se\/da\/produkter\/klimaanlaeg\/woods-skylight-roof-sealing-kit\/","title":{"rendered":"Wood&#8217;s Skylight (Roof) Sealing Kit"},"content":{"rendered":"<h2>Wood&#8217;s Skylight Sealing Kit &#8211; t\u00e6tningss\u00e6t til ovenlysvinduer<\/h2>\n<p>Med Wood&#8217;s Skylight Sealing Kit kan du optimere dit mobile klimaanl\u00e6gs ydeevne, selv hvis du har et ovenlysvindue med vippefunktion. T\u00e6tning omkring udbl\u00e6sningsslangen forhindrer varm luft i at vende tilbage til rummet, hvilket ellers reducerer k\u00f8lekapaciteten og \u00f8ger energiforbruget.<\/p>\n<h3>Smart design til ovenlysvinduer<\/h3>\n<p>S\u00e6ttet best\u00e5r af to stykker p\u00e5 2 meter (39 cm brede). Den ene monteres p\u00e5 den \u00f8verste del af vinduet, mens den anden, der er udstyret med en praktisk lynl\u00e5s, s\u00e6ttes fast p\u00e5 den nederste del. Designet g\u00f8r det nemt at tilpasse t\u00e6tningss\u00e6ttet til vinduets form og AC-slangens diameter.<\/p>\n<h3>Fordele ved Wood&#8217;s kit til t\u00e6tning af tagvinduer<\/h3>\n<ul>\n<li>Forbedret k\u00f8lekapacitet &#8211; forhindrer varm luft i at tr\u00e6nge ind.<\/li>\n<li>Energibesparelser &#8211; reducerer str\u00f8mforbruget gennem bedre forsegling.<\/li>\n<li>Bedre indeklima &#8211; stopper st\u00f8v, snavs og insekter.<\/li>\n<li>Universel pasform &#8211; fungerer med alle b\u00e6rbare AC-enheder med en udst\u00f8dningsslange.<\/li>\n<\/ul>\n<h3>Perfekt til hjem og kontorer<\/h3>\n<p>Uanset om du bruger din b\u00e6rbare AC i sovev\u00e6relset, stuen eller p\u00e5 kontoret, hj\u00e6lper Wood&#8217;s Skylight Sealing Kit dig med at f\u00e5 maksimal effekt og et k\u00f8ligere, mere behageligt indeklima &#8211; selv i rum med ovenlysvinduer.<\/p>\n<p>V\u00e6lg Wood&#8217;s Skylight Sealing Kit &#8211; det smarte og energieffektive tilbeh\u00f8r til transportable klimaanl\u00e6g med tagvinduer.<\/p>\n","protected":false},"excerpt":{"rendered":"<p>Wood&#8217;s Skylight Sealing Kit er det smarte tilbeh\u00f8r til transportable AC-enheder med ovenlysvinduer. S\u00e6ttet best\u00e5r af to stykker p\u00e5 2 meter, hvoraf det ene monteres i den \u00f8verste del af vinduet og det andet med lynl\u00e5s i den nederste del. Sammen forsegler de effektivt omkring udbl\u00e6sningsslangen og forhindrer varm luft, st\u00f8v og insekter i at tr\u00e6nge ind. Passer til alle b\u00e6rbare AC-modeller med en udst\u00f8dningsslange og er nem at installere.<\/p>\n","protected":false},"featured_media":46440,"template":"","meta":{"_acf_changed":false},"product_brand":[],"product_cat":[850,849,4904],"product_tag":[4084],"class_list":{"0":"post-48255","1":"product","2":"type-product","3":"status-publish","4":"has-post-thumbnail","6":"product_cat-klimaanlaeg","7":"product_cat-tilbehoer","8":"product_cat-tilbehor-til-klimaanlaeg","9":"product_tag-taetningssaet","10":"product_shipping_class-low","11":"splide__slide","13":"first","14":"instock","15":"taxable","16":"shipping-taxable","17":"purchasable","18":"product-type-simple"},"acf":[],"_links":{"self":[{"href":"https:\/\/woods.se\/da\/wp-json\/wp\/v2\/product\/48255","targetHints":{"allow":["GET"]}}],"collection":[{"href":"https:\/\/woods.se\/da\/wp-json\/wp\/v2\/product"}],"about":[{"href":"https:\/\/woods.se\/da\/wp-json\/wp\/v2\/types\/product"}],"wp:featuredmedia":[{"embeddable":true,"href":"https:\/\/woods.se\/da\/wp-json\/wp\/v2\/media\/46440"}],"wp:attachment":[{"href":"https:\/\/woods.se\/da\/wp-json\/wp\/v2\/media?parent=48255"}],"wp:term":[{"taxonomy":"product_brand","embeddable":true,"href":"https:\/\/woods.se\/da\/wp-json\/wp\/v2\/product_brand?post=48255"},{"taxonomy":"product_cat","embeddable":true,"href":"https:\/\/woods.se\/da\/wp-json\/wp\/v2\/product_cat?post=48255"},{"taxonomy":"product_tag","embeddable":true,"href":"https:\/\/woods.se\/da\/wp-json\/wp\/v2\/product_tag?post=48255"}],"curies":[{"name":"wp","href":"https:\/\/api.w.org\/{rel}","templated":true}]}}