{"id":48250,"date":"2024-12-12T11:18:31","date_gmt":"2024-12-12T10:18:31","guid":{"rendered":"https:\/\/stage.woods.se\/?post_type=product&#038;p=48250"},"modified":"2025-10-14T14:39:28","modified_gmt":"2025-10-14T12:39:28","slug":"woods-window-sealing-kit","status":"publish","type":"product","link":"https:\/\/woods.se\/da\/produkter\/klimaanlaeg\/woods-window-sealing-kit\/","title":{"rendered":"Wood&#8217;s Window Sealing Kit"},"content":{"rendered":"<h2>Wood&#8217;s Window Sealing Kit<\/h2>\n<h3>Vinduesforseglingss\u00e6t for at f\u00e5 mest muligt ud af dit b\u00e6rbare klimaanl\u00e6g<\/h3>\n<p>Med Wood&#8217;s Window Sealing Kit kan du optimere ydeevnen af dit transportable klimaanl\u00e6g. Ved at forsegle \u00e5bningen omkring udbl\u00e6sningsslangen forhindres varm luft i at vende tilbage til rummet &#8211; noget, der ellers reducerer k\u00f8lekapaciteten betydeligt og \u00f8ger energiforbruget.<\/p>\n<h3>Smart design og nem installation<\/h3>\n<p>S\u00e6ttet er 4 meter langt og 39 cm bredt og monteres nemt med velcro mellem vinduet og rammen uden behov for komplicerede v\u00e6g\u00e5bninger. Takket v\u00e6re den fleksible og justerbare lynl\u00e5s\u00e5bning kan det tilpasses alle typer vinduer, slangediametre og mundstykker. N\u00e5r du vil lukke vinduet, skal du blot fjerne s\u00e6ttet &#8211; hurtigt og nemt.<\/p>\n<h3>Fordele ved Wood&#8217;s vinduest\u00e6tningss\u00e6t<\/h3>\n<ul>\n<li>Forbedret k\u00f8lekapacitet &#8211; forhindrer varm luft i at tr\u00e6nge ind<\/li>\n<li>Energibesparelser &#8211; reducerer str\u00f8mforbruget gennem bedre forsegling.<\/li>\n<li>Bedre indeklima &#8211; forhindrer st\u00f8v, snavs og insekter i at tr\u00e6nge ind.<\/li>\n<li>Universel pasform &#8211; fungerer med alle b\u00e6rbare AC&#8217;er med udst\u00f8dningsslanger.<\/li>\n<\/ul>\n<h3>Perfekt til hjem og kontorer<\/h3>\n<p>Uanset om du bruger din b\u00e6rbare AC i stuen, sovev\u00e6relset eller p\u00e5 kontoret, hj\u00e6lper Wood&#8217;s vinduest\u00e6tningss\u00e6t dig med at f\u00e5 maksimal effekt og et k\u00f8ligere, mere behageligt indeklima.<\/p>\n<p>V\u00e6lg Wood&#8217;s Window Sealing Kit &#8211; et enkelt, smart og energieffektivt tilbeh\u00f8r til dit transportable klimaanl\u00e6g.<\/p>\n","protected":false},"excerpt":{"rendered":"<p>Wood&#8217;s Window Sealing Kit er det smarte tilbeh\u00f8r, der maksimerer k\u00f8lekapaciteten p\u00e5 din transportable AC. Med en l\u00e6ngde p\u00e5 4 m og en bredde p\u00e5 39 cm passer det til de fleste vinduer og fungerer med alle b\u00e6rbare AC-modeller. S\u00e6ttet er meget nemt at installere, og den justerbare lynl\u00e5s\u00e5bning g\u00f8r det nemt at tilpasse s\u00e6ttet til slangens st\u00f8rrelse og forhindrer varm luft, snavs og insekter i at tr\u00e6nge ind.<\/p>\n","protected":false},"featured_media":46454,"template":"","meta":{"_acf_changed":false},"product_brand":[],"product_cat":[850,849,4904],"product_tag":[4084],"class_list":{"0":"post-48250","1":"product","2":"type-product","3":"status-publish","4":"has-post-thumbnail","6":"product_cat-klimaanlaeg","7":"product_cat-tilbehoer","8":"product_cat-tilbehor-til-klimaanlaeg","9":"product_tag-taetningssaet","10":"product_shipping_class-low","11":"splide__slide","13":"first","14":"outofstock","15":"taxable","16":"shipping-taxable","17":"purchasable","18":"product-type-simple"},"acf":[],"_links":{"self":[{"href":"https:\/\/woods.se\/da\/wp-json\/wp\/v2\/product\/48250","targetHints":{"allow":["GET"]}}],"collection":[{"href":"https:\/\/woods.se\/da\/wp-json\/wp\/v2\/product"}],"about":[{"href":"https:\/\/woods.se\/da\/wp-json\/wp\/v2\/types\/product"}],"wp:featuredmedia":[{"embeddable":true,"href":"https:\/\/woods.se\/da\/wp-json\/wp\/v2\/media\/46454"}],"wp:attachment":[{"href":"https:\/\/woods.se\/da\/wp-json\/wp\/v2\/media?parent=48250"}],"wp:term":[{"taxonomy":"product_brand","embeddable":true,"href":"https:\/\/woods.se\/da\/wp-json\/wp\/v2\/product_brand?post=48250"},{"taxonomy":"product_cat","embeddable":true,"href":"https:\/\/woods.se\/da\/wp-json\/wp\/v2\/product_cat?post=48250"},{"taxonomy":"product_tag","embeddable":true,"href":"https:\/\/woods.se\/da\/wp-json\/wp\/v2\/product_tag?post=48250"}],"curies":[{"name":"wp","href":"https:\/\/api.w.org\/{rel}","templated":true}]}}