{"id":48249,"date":"2024-12-12T11:14:23","date_gmt":"2024-12-12T10:14:23","guid":{"rendered":"https:\/\/stage.woods.se\/?post_type=product&#038;p=48249"},"modified":"2025-09-15T21:41:47","modified_gmt":"2025-09-15T19:41:47","slug":"woods-ac-cortina-12k-duo","status":"publish","type":"product","link":"https:\/\/woods.se\/da\/produkter\/klimaanlaeg\/til-stuer-og-lejligheder\/woods-ac-cortina-12k-duo\/","title":{"rendered":"Wood&#8217;s AC Cortina 12K Duo"},"content":{"rendered":"<h2>Wood&#8217;s AC Cortina 12K Duo<\/h2>\n<h3>B\u00e6rbar aircondition og varmeapparat til komfort \u00e5ret rundt<\/h3>\n<p>Wood&#8217;s AC Cortina 12K Duo er en alsidig og kraftfuld indeklimal\u00f8sning, der er udviklet til brug \u00e5ret rundt. Den k\u00f8ler lige s\u00e5 effektivt, som den varmer, hvilket g\u00f8r den til et fleksibelt valg til b\u00e5de hjem og kontorer. Med en k\u00f8lekapacitet p\u00e5 12.000 BTU (3,5 kW) og en varmekapacitet p\u00e5 3.000 W er den ideel til rum p\u00e5 op til 35 m\u00b2.<\/p>\n<h3>Vigtige funktioner<\/h3>\n\n<h3>Effektiv komfort hele \u00e5ret rundt<\/h3>\n<p><strong>Sovev\u00e6relse:<\/strong> K\u00f8ler om sommeren og varmer behageligt om vinteren &#8211; altid den rette temperatur til en god nats s\u00f8vn.<br \/>\n<strong>B\u00f8rnev\u00e6relse: <\/strong>Skaber et sikkert og stabilt indeklima uanset \u00e5rstid.<br \/>\n<strong>I stuen:<\/strong> Giver k\u00f8lighed p\u00e5 varme sommerdage og varme p\u00e5 k\u00f8lige aftener.<br \/>\n<strong>Kontor:<\/strong> G\u00f8r arbejdsmilj\u00f8et behageligt og produktivt hele \u00e5ret rundt.<\/p>\n<h3>St\u00f8jsvag og energieffektiv<\/h3>\n<p>P\u00e5 trods af sin kraftige ydeevne har Wood&#8217;s AC Cortina 12K Duo et lavt st\u00f8jniveau p\u00e5 kun 53,5 dB og energiklasse A. Den kan ogs\u00e5 fungere i h\u00f8je temperaturer p\u00e5 op til 43 \u00b0C, hvilket g\u00f8r den p\u00e5lidelig selv i ekstrem sommervarme.<\/p>\n<h3>Smidig og brugervenlig<\/h3>\n<p>AC Cortina 12K Duo leveres med et digitalt ber\u00f8ringspanel, vaskbart filter, fjernbetjening og komplet vinduess\u00e6t til nem installation. Takket v\u00e6re de glatte hjul kan du nemt flytte enheden derhen, hvor der er brug for den. Ved registrering udvides garantien fra 2 til 3 \u00e5r.<\/p>\n<p>V\u00e6lg Wood&#8217;s AC Cortina 12K Duo for at f\u00e5 et fleksibelt og behageligt indeklima &#8211; hele \u00e5ret rundt.<\/p>\n<p>&nbsp;<\/p>\n","protected":false},"excerpt":{"rendered":"<p>Wood&#8217;s AC Cortina 12K Duo er et b\u00e6rbart klimaanl\u00e6g og varmeapparat i \u00e9t &#8211; perfekt til brug hele \u00e5ret rundt. Den har en k\u00f8lekapacitet p\u00e5 12.000 BTU (3,5 kW) og en varmekapacitet p\u00e5 3.000 W, hvilket g\u00f8r den ideel til rum p\u00e5 op til 35 m\u00b2. Med tre ventilatortilstande, en luftstr\u00f8m p\u00e5 420 m\u00b3\/t og et lavt st\u00f8jniveau p\u00e5 kun 53,5 dB f\u00e5r du et behageligt indeklima i b\u00e5de dit hjem og p\u00e5 kontoret. Nem at styre via digitalt touchpanel eller fjernbetjening.<\/p>\n","protected":false},"featured_media":45843,"template":"","meta":{"_acf_changed":false},"product_brand":[],"product_cat":[850,4902,4889,4882],"product_tag":[2972,3065,3053,3064,909],"class_list":{"0":"post-48249","1":"product","2":"type-product","3":"status-publish","4":"has-post-thumbnail","6":"product_cat-klimaanlaeg","7":"product_cat-til-kontorer","8":"product_cat-til-sovevaerelset","9":"product_cat-til-stuer-og-lejligheder","10":"product_tag-35-m-da","11":"product_tag-airconditions-til-kontorer","12":"product_tag-airconditions-til-sovevaerelser","13":"product_tag-airconditions-til-stuer","14":"product_tag-duo-da","15":"splide__slide","17":"first","18":"outofstock","19":"taxable","20":"shipping-taxable","21":"product-type-simple"},"acf":[],"_links":{"self":[{"href":"https:\/\/woods.se\/da\/wp-json\/wp\/v2\/product\/48249","targetHints":{"allow":["GET"]}}],"collection":[{"href":"https:\/\/woods.se\/da\/wp-json\/wp\/v2\/product"}],"about":[{"href":"https:\/\/woods.se\/da\/wp-json\/wp\/v2\/types\/product"}],"wp:featuredmedia":[{"embeddable":true,"href":"https:\/\/woods.se\/da\/wp-json\/wp\/v2\/media\/45843"}],"wp:attachment":[{"href":"https:\/\/woods.se\/da\/wp-json\/wp\/v2\/media?parent=48249"}],"wp:term":[{"taxonomy":"product_brand","embeddable":true,"href":"https:\/\/woods.se\/da\/wp-json\/wp\/v2\/product_brand?post=48249"},{"taxonomy":"product_cat","embeddable":true,"href":"https:\/\/woods.se\/da\/wp-json\/wp\/v2\/product_cat?post=48249"},{"taxonomy":"product_tag","embeddable":true,"href":"https:\/\/woods.se\/da\/wp-json\/wp\/v2\/product_tag?post=48249"}],"curies":[{"name":"wp","href":"https:\/\/api.w.org\/{rel}","templated":true}]}}