{"id":48247,"date":"2025-01-03T11:38:41","date_gmt":"2025-01-03T10:38:41","guid":{"rendered":"https:\/\/stage.woods.se\/?post_type=product&#038;p=48247"},"modified":"2026-04-22T11:29:47","modified_gmt":"2026-04-22T09:29:47","slug":"woods-ac-cortina-12k-airswitch","status":"publish","type":"product","link":"https:\/\/woods.se\/da\/produkter\/klimaanlaeg\/til-stuer-og-lejligheder\/woods-ac-cortina-12k-airswitch\/","title":{"rendered":"Wood&#8217;s AC Cortina 12K AirSwitch"},"content":{"rendered":"<h2>Wood&#8217;s AC Cortina 12K AirSwitch\u2122.<\/h2>\n<h3>K\u00f8ler ekstremt st\u00f8jsvagt og energieffektivt med HEPA-rensning<\/h3>\n<p>Wood&#8217;s AC Cortina 12K AirSwitch blev k\u00e5ret til &#8216;Bedst i test&#8217; af LB Home 2025. Den er en revolution inden for b\u00e6rbar aircondition og er baseret p\u00e5 den flere gange testvindende Cortina 12K, men er ogs\u00e5 udstyret med den patentanmeldte AirSwitch\u2122-teknologi, der bruger k\u00f8lig udeluft, n\u00e5r udetemperaturen er lavere end indetemperaturen. Det giver en st\u00f8jsvag drift og et ekstremt lavt energiforbrug. Samtidig renses luften altid gennem et HEPA-filter, som fjerner partikler og tilf\u00f8rer frisk luft, der s\u00e6nker CO\u2082-niveauet. Alt sammen for et optimalt indeklima og perfekt til n\u00e6tter, hvor du vil sove k\u00f8ligt, rent og godt uden forstyrrende st\u00f8j.    <\/p>\n<h3>Vigtige funktioner<\/h3>\n\n<h3>S\u00e5dan fungerer AirSwitch:<\/h3>\n<ol>\n<li>N\u00e5r udetemperaturen er h\u00f8jere end den \u00f8nskede temperatur, k\u00f8ler kompressoren effektivt rummet og renser luften gennem et HEPA-filter.<\/li>\n<li><span style=\"color: #343433; font-family: Inter, sans-serif;\">N\u00e5r udetemperaturen er lavere end den indstillede temperatur, skifter AirSwitch automatisk til at bringe den k\u00f8ligere luft ind gennem HEPA-filteret udefra uden at k\u00f8re kompressoren &#8211; mere st\u00f8jsvagt og mere energieffektivt.<\/span><\/li>\n<\/ol>\n<h3>Oplev forskellen:<\/h3>\n<p><strong>St\u00f8jniveau: <\/strong>Kompressortilstand: 49-64 dB sammenlignet med AirSwitch-tilstand: 34-38 dB<br \/>\n<strong>Energiforbrug:<\/strong> Kompressortilstand: 1350 W sammenlignet med AirSwitch-tilstand: 56 W<\/p>\n<h3>To smarte AirSwitch\u2122-tilstande for optimal k\u00f8ling<\/h3>\n<p><strong>AirSwitch Auto &#8211;<\/strong> Skifter automatisk mellem traditionel kompressork\u00f8ling og indbl\u00e6sning af k\u00f8lig udeluft. Perfekt til n\u00e6tter, hvor udend\u00f8rstemperaturen falder.<br \/>\n<strong>AirSwitch &#8211;<\/strong> N\u00e5r udend\u00f8rstemperaturen er lavere end indend\u00f8rstemperaturen, bringer AC&#8217;en konstant k\u00f8lig luft ind og k\u00f8ler rummet effektivt.<\/p>\n<h3>Renere og sundere luft med HEPA-filter<\/h3>\n<p>Ud over effektiv k\u00f8ling tilbyder Cortina 12K AirSwitch\u2122-klimaanl\u00e6gget ogs\u00e5 avanceret luftrensning. Den indbyggede HEPA-teknologi indfanger st\u00f8v, pollen, skimmelsporer, bakterier og selv sm\u00e5 r\u00f8gpartikler, uanset hvordan du k\u00f8ler. Resultatet er ikke kun en behagelig temperatur, men ogs\u00e5 et renere og sundere indeklima.  <\/p>\n<h3>Effektiv komfort i hjemmet og p\u00e5 kontoret<\/h3>\n<p><strong>Sovev\u00e6relse:<\/strong> Sov k\u00f8ligt og uforstyrret takket v\u00e6re AirSwitch\u2122-teknologien, som giver frisk luft og ekstremt stille drift.<br \/>\n<strong>B\u00f8rnev\u00e6relse: <\/strong>Stabil og sund temperatur kombineret med ren luft fra HEPA-filteret.<br \/>\n<strong>I stuen:<\/strong> Giver k\u00f8lighed til hele familien om sommeren og friskere luft hele \u00e5ret rundt.<br \/>\n<strong>P\u00e5 kontoret:<\/strong> Forbedrer arbejdsmilj\u00f8et og reducerer b\u00e5de varme og luftforurening.<\/p>\n<h3>Smidig og brugervenlig<\/h3>\n<p>Med et digitalt ber\u00f8ringspanel, fjernbetjening og et komplet vinduess\u00e6t har du fuld kontrol over dit indeklima.<\/p>\n<h3>Op til 6 \u00e5rs garanti<\/h3>\n<p>Ved at registrere din AC Cortina 12K AirSwitch p\u00e5<a href=\"https:\/\/warranty-woods.com\"> warranty-woods.com<\/a> og udskifte HEPA-filteret mindst en gang om \u00e5ret, kan du forl\u00e6nge garantien til op til 6 \u00e5r.<\/p>\n<p>V\u00e6lg Wood&#8217;s AC Cortina 12K AirSwitch\u2122 for mere st\u00f8jsvag, renere og mere energieffektiv k\u00f8ling &#8211; nu k\u00e5ret som bedst i test 2025 af Ljud &amp; Bild.<\/p>\n<p>&nbsp;<\/p>\n","protected":false},"excerpt":{"rendered":"<p>Wood&#8217;s AC Cortina 12K AirSwitch\u2122 er en testvindende b\u00e6rbar AC med patenteret AirSwitch\u2122-teknologi. N\u00e5r udend\u00f8rstemperaturen er k\u00f8ligere end indend\u00f8rstemperaturen, slukker kompressoren, og ventilatoren hvisker stille, mens den tr\u00e6kker k\u00f8lig luft ind udefra &#8211; ekstremt st\u00f8jsvagt og energieffektivt. Samtidig renses luften gennem et indbygget HEPA-filter, der fjerner pollen, st\u00f8v og bakterier. K\u00f8ler effektivt op til 35 m\u00b2, energiklasse A og 6 \u00e5rs garanti ved registrering.   <\/p>\n","protected":false},"featured_media":45672,"template":"","meta":{"_acf_changed":false},"product_brand":[],"product_cat":[850,4902,4889,4882],"product_tag":[2972,3065,3053,3064,3026],"class_list":{"0":"post-48247","1":"product","2":"type-product","3":"status-publish","4":"has-post-thumbnail","6":"product_cat-klimaanlaeg","7":"product_cat-til-kontorer","8":"product_cat-til-sovevaerelset","9":"product_cat-til-stuer-og-lejligheder","10":"product_tag-35-m-da","11":"product_tag-airconditions-til-kontorer","12":"product_tag-airconditions-til-sovevaerelser","13":"product_tag-airconditions-til-stuer","14":"product_tag-bedst-i-testen","15":"splide__slide","17":"first","18":"instock","19":"taxable","20":"shipping-taxable","21":"product-type-simple"},"acf":[],"_links":{"self":[{"href":"https:\/\/woods.se\/da\/wp-json\/wp\/v2\/product\/48247","targetHints":{"allow":["GET"]}}],"collection":[{"href":"https:\/\/woods.se\/da\/wp-json\/wp\/v2\/product"}],"about":[{"href":"https:\/\/woods.se\/da\/wp-json\/wp\/v2\/types\/product"}],"wp:featuredmedia":[{"embeddable":true,"href":"https:\/\/woods.se\/da\/wp-json\/wp\/v2\/media\/45672"}],"wp:attachment":[{"href":"https:\/\/woods.se\/da\/wp-json\/wp\/v2\/media?parent=48247"}],"wp:term":[{"taxonomy":"product_brand","embeddable":true,"href":"https:\/\/woods.se\/da\/wp-json\/wp\/v2\/product_brand?post=48247"},{"taxonomy":"product_cat","embeddable":true,"href":"https:\/\/woods.se\/da\/wp-json\/wp\/v2\/product_cat?post=48247"},{"taxonomy":"product_tag","embeddable":true,"href":"https:\/\/woods.se\/da\/wp-json\/wp\/v2\/product_tag?post=48247"}],"curies":[{"name":"wp","href":"https:\/\/api.w.org\/{rel}","templated":true}]}}