{"id":48246,"date":"2024-12-12T11:15:46","date_gmt":"2024-12-12T10:15:46","guid":{"rendered":"https:\/\/stage.woods.se\/?post_type=product&#038;p=48246"},"modified":"2026-02-23T16:17:37","modified_gmt":"2026-02-23T15:17:37","slug":"woods-ac-milan-7k-wifi-smart-home-duo","status":"publish","type":"product","link":"https:\/\/woods.se\/da\/produkter\/klimaanlaeg\/til-bornevaerelser\/woods-ac-milan-7k-wifi-smart-home-duo\/","title":{"rendered":"Wood&#8217;s AC Milan 7K WiFi Smart Home Duo"},"content":{"rendered":"<h2>Wood&#8217;s AC Milan 7K WiFi Smart Home Duo<\/h2>\n<h3>J\u00e6vn, st\u00f8jsvag og smart styret AC med varme<\/h3>\n<p>Wood&#8217;s AC Milan 7K WiFi Smart Home Duo kombinerer k\u00f8ling, opvarmning og smart styring i et kompakt og st\u00f8jsvagt format. Med en k\u00f8lekapacitet p\u00e5 7000 BTU (2 kW) og en varmekapacitet p\u00e5 1500 W k\u00f8ler eller opvarmer den hurtigt rum p\u00e5 op til 20 m\u00b2, hvilket g\u00f8r den perfekt til mindre rum som sovev\u00e6relser, b\u00f8rnev\u00e6relser og stuer. <\/p>\n<h3>Vigtige funktioner<\/h3>\n\n<h3>K\u00f8ler og opvarmer mindre rum i hjemmet<\/h3>\n<p><strong>Sovev\u00e6relse: <\/strong>Det lave st\u00f8jniveau g\u00f8r, at du kan sove k\u00f8ligt eller varmt og uforstyrret.<br \/>\n<strong>B\u00f8rnev\u00e6relse:<\/strong> Giver en sikker og behagelig temperatur for b\u00f8rn hele \u00e5ret rundt.<br \/>\n<strong>I stuen:<\/strong> Skaber et k\u00f8ligt milj\u00f8 om sommeren og varme, n\u00e5r vinteren kommer.<\/p>\n<h3>Smidig og brugervenlig &#8211; med smart kontrol<\/h3>\n<p>Milan 7K WiFi Duo er nem at flytte og nem at installere med det medf\u00f8lgende vinduess\u00e6t. Den kan styres via et digitalt touchpanel eller en fjernbetjening, men takket v\u00e6re WiFi-funktionen kan du ogs\u00e5 fjernstyre den via Wood&#8217;s Connect-appen eller via Google Home og Alexa. P\u00e5 den m\u00e5de kan du altid komme hjem til en behagelig temperatur.  <\/p>\n<h3>Stille og behagelig<\/h3>\n<p>Med et st\u00f8jniveau p\u00e5 kun 52 dB arbejder AC Milan 7K WiFi Smart Home Duo diskret. Perfekt til sovev\u00e6relser eller b\u00f8rnev\u00e6relser, hvor du har brug for k\u00f8ling eller opvarmning uden forstyrrende st\u00f8j. <\/p>\n","protected":false},"excerpt":{"rendered":"<p>Wood&#8217;s AC Milan 7K WiFi Smart Home Duo er en praktisk og st\u00f8jsvag b\u00e6rbar AC med Duo-funktion, der b\u00e5de k\u00f8ler og varmer. Med en k\u00f8lekapacitet p\u00e5 7000 BTU (2 kW) og en varmekapacitet p\u00e5 1500 W samt en luftstr\u00f8m p\u00e5 350 m\u00b3\/t regulerer den effektivt temperaturen i rum p\u00e5 op til 20 m\u00b2. Den er nem at styre via et digitalt touchpanel, en fjernbetjening eller via WiFi med Wood&#8217;s Connect-appen, Google Home eller Alexa. Perfekt til sovev\u00e6relser, b\u00f8rnev\u00e6relser og stuer &#8211; hele \u00e5ret rundt.   <\/p>\n","protected":false},"featured_media":46128,"template":"","meta":{"_acf_changed":false},"product_brand":[],"product_cat":[850,4897],"product_tag":[2963,3066,909,915,920],"class_list":{"0":"post-48246","1":"product","2":"type-product","3":"status-publish","4":"has-post-thumbnail","6":"product_cat-klimaanlaeg","7":"product_cat-til-bornevaerelser","8":"product_tag-20-m-da","9":"product_tag-airconditions-til-mindre-sovevaerelser","10":"product_tag-duo-da","11":"product_tag-smart-home-da","12":"product_tag-wifi-da","13":"splide__slide","15":"first","16":"instock","17":"taxable","18":"shipping-taxable","19":"product-type-simple"},"acf":[],"_links":{"self":[{"href":"https:\/\/woods.se\/da\/wp-json\/wp\/v2\/product\/48246","targetHints":{"allow":["GET"]}}],"collection":[{"href":"https:\/\/woods.se\/da\/wp-json\/wp\/v2\/product"}],"about":[{"href":"https:\/\/woods.se\/da\/wp-json\/wp\/v2\/types\/product"}],"wp:featuredmedia":[{"embeddable":true,"href":"https:\/\/woods.se\/da\/wp-json\/wp\/v2\/media\/46128"}],"wp:attachment":[{"href":"https:\/\/woods.se\/da\/wp-json\/wp\/v2\/media?parent=48246"}],"wp:term":[{"taxonomy":"product_brand","embeddable":true,"href":"https:\/\/woods.se\/da\/wp-json\/wp\/v2\/product_brand?post=48246"},{"taxonomy":"product_cat","embeddable":true,"href":"https:\/\/woods.se\/da\/wp-json\/wp\/v2\/product_cat?post=48246"},{"taxonomy":"product_tag","embeddable":true,"href":"https:\/\/woods.se\/da\/wp-json\/wp\/v2\/product_tag?post=48246"}],"curies":[{"name":"wp","href":"https:\/\/api.w.org\/{rel}","templated":true}]}}