{"id":48240,"date":"2025-09-10T10:37:34","date_gmt":"2025-09-10T08:37:34","guid":{"rendered":"https:\/\/stage.woods.se\/?post_type=product&#038;p=48240"},"modified":"2025-09-15T21:38:39","modified_gmt":"2025-09-15T19:38:39","slug":"woods-ac-palermo-18k","status":"publish","type":"product","link":"https:\/\/woods.se\/da\/produkter\/klimaanlaeg\/til-kontorer\/woods-ac-palermo-18k\/","title":{"rendered":"Wood&#8217;s AC Palermo 18K"},"content":{"rendered":"<h2>Wood&#8217;s AC Palermo 18K<\/h2>\n<h3>Meget kraftig k\u00f8ling til store rum<\/h3>\n<p>Wood&#8217;s AC Palermo 18K er et meget kraftigt b\u00e6rbart klimaanl\u00e6g, der hurtigt s\u00e6nker temperaturen i rum p\u00e5 op til 53 m\u00b2. Med en k\u00f8lekapacitet p\u00e5 18.000 BTU (5,3 kW) og h\u00f8j luftgennemstr\u00f8mning er den ideel til b\u00e5de hjem og arbejdsmilj\u00f8er, hvor p\u00e5lidelig ydeevne er afg\u00f8rende.<\/p>\n<h3>Vigtige funktioner<\/h3>\n\n<h3>Hurtig og effektiv k\u00f8ling<\/h3>\n<p>AC Palermo 18K er bygget til at levere h\u00f8j ydelse selv p\u00e5 de varmeste dage. Med tre bl\u00e6serhastigheder og et bredt temperaturomr\u00e5de kan du justere k\u00f8lingen, s\u00e5 den passer til dine behov. Uanset om du vil k\u00f8le en stor stue, en butik eller opretholde en ensartet temperatur p\u00e5 kontoret, leverer Palermo 18K p\u00e5lidelige resultater.<\/p>\n<h3>Effektiv k\u00f8ling til forskellige milj\u00f8er<\/h3>\n<p><strong>Kontorer og arbejdspladser:<\/strong> Skaber et behageligt og produktivt klima selv i \u00e5bne rum.<br \/>\n<strong>Serverrum: <\/strong>Forhindrer overophedning af f\u00f8lsomt udstyr.<br \/>\n<strong>Butikker:<\/strong> Bidrager til et k\u00f8ligt og behageligt milj\u00f8, der g\u00f8r kunderne gladere og mere tilb\u00f8jelige til at k\u00f8be.<br \/>\n<strong>Konferencelokaler:<\/strong> Sikrer en stabil og behagelig temperatur under m\u00f8der og arrangementer.<\/p>\n<h3>Let at bruge og flytte<\/h3>\n<p>AC Palermo 18K har et intuitivt digitalt touchpanel, der g\u00f8r den nem at styre. Takket v\u00e6re de letl\u00f8bende hjul kan den nemt flyttes derhen, hvor der er mest brug for den. Det medf\u00f8lgende vinduess\u00e6t g\u00f8r installationen hurtig og nem uden permanente \u00e6ndringer &#8211; den varme luft ventileres effektivt ud gennem et vindue.<\/p>\n","protected":false},"excerpt":{"rendered":"<p>Wood&#8217;s AC Palermo 18K er et meget kraftigt transportabelt klimaanl\u00e6g, der kombinerer h\u00f8j kapacitet med brugervenlighed. Med en k\u00f8lekapacitet p\u00e5 18.000 BTU (5,3 kW) og en luftstr\u00f8m p\u00e5 950 m\u00b3\/t k\u00f8ler den hurtigt og effektivt rum p\u00e5 op til 53 m\u00b2. Perfekt til kontorer, butikker, serverrum eller st\u00f8rre hjem. Den er nem at bruge med et digitalt touchpanel, medf\u00f8lgende vinduess\u00e6t og hjul, der g\u00f8r det nemt at flytte den mellem forskellige rum.<\/p>\n","protected":false},"featured_media":46288,"template":"","meta":{"_acf_changed":false},"product_brand":[],"product_cat":[4902,850],"product_tag":[2988,3065],"class_list":{"0":"post-48240","1":"product","2":"type-product","3":"status-publish","4":"has-post-thumbnail","6":"product_cat-til-kontorer","7":"product_cat-klimaanlaeg","8":"product_tag-53-m-da","9":"product_tag-airconditions-til-kontorer","10":"product_shipping_class-high","11":"splide__slide","13":"first","14":"instock","15":"taxable","16":"shipping-taxable","17":"product-type-simple"},"acf":[],"_links":{"self":[{"href":"https:\/\/woods.se\/da\/wp-json\/wp\/v2\/product\/48240","targetHints":{"allow":["GET"]}}],"collection":[{"href":"https:\/\/woods.se\/da\/wp-json\/wp\/v2\/product"}],"about":[{"href":"https:\/\/woods.se\/da\/wp-json\/wp\/v2\/types\/product"}],"wp:featuredmedia":[{"embeddable":true,"href":"https:\/\/woods.se\/da\/wp-json\/wp\/v2\/media\/46288"}],"wp:attachment":[{"href":"https:\/\/woods.se\/da\/wp-json\/wp\/v2\/media?parent=48240"}],"wp:term":[{"taxonomy":"product_brand","embeddable":true,"href":"https:\/\/woods.se\/da\/wp-json\/wp\/v2\/product_brand?post=48240"},{"taxonomy":"product_cat","embeddable":true,"href":"https:\/\/woods.se\/da\/wp-json\/wp\/v2\/product_cat?post=48240"},{"taxonomy":"product_tag","embeddable":true,"href":"https:\/\/woods.se\/da\/wp-json\/wp\/v2\/product_tag?post=48240"}],"curies":[{"name":"wp","href":"https:\/\/api.w.org\/{rel}","templated":true}]}}