{"id":48231,"date":"2024-12-12T11:13:56","date_gmt":"2024-12-12T10:13:56","guid":{"rendered":"https:\/\/stage.woods.se\/?post_type=product&#038;p=48231"},"modified":"2026-02-23T15:29:41","modified_gmt":"2026-02-23T14:29:41","slug":"woods-ac-cortina-12k","status":"publish","type":"product","link":"https:\/\/woods.se\/da\/produkter\/klimaanlaeg\/til-stuer-og-lejligheder\/woods-ac-cortina-12k\/","title":{"rendered":"Wood&#8217;s AC Cortina 12K"},"content":{"rendered":"<h2>Wood&#8217;s AC Cortina 12K<\/h2>\n<h3>Prisbel\u00f8nnet b\u00e6rbar AC med h\u00f8j ydeevne<\/h3>\n<p>Wood&#8217;s AC Cortina 12K er gentagne gange blevet k\u00e5ret som bedst i test &#8211; blandt andet seks gange af Aftonbladet. Med en k\u00f8lekapacitet p\u00e5 12.000 BTU (3,5 kW) k\u00f8ler den hurtigt og effektivt rum p\u00e5 op til 35 m\u00b2, hvilket g\u00f8r den perfekt til b\u00e5de hjemme- og kontorbrug. <\/p>\n<h3>Vigtige funktioner<\/h3>\n\n<h3>Effektiv k\u00f8ling i hjemmet og p\u00e5 kontoret<\/h3>\n<p><strong>Sovev\u00e6relse: <\/strong>Lydsvag drift og effektiv k\u00f8ling sikrer en god nats s\u00f8vn, selv p\u00e5 varme n\u00e6tter.<br \/>\n<strong>B\u00f8rnev\u00e6relse:<\/strong> Skaber en behagelig og stabil temperatur for et mere sikkert indeklima.<br \/>\n<strong>I stuen:<\/strong> Holder hele familien afk\u00f8let p\u00e5 varme sommerdage.<br \/>\n<strong>P\u00e5 kontoret:<\/strong> Forbedrer arbejdsmilj\u00f8et og g\u00f8r det lettere at holde fokus, selv n\u00e5r temperaturen stiger.<\/p>\n<h3>St\u00f8jsvag og energieffektiv<\/h3>\n<p>Med sine tre bl\u00e6sertilstande og et lavt st\u00f8jniveau p\u00e5 kun 53,5 dB kan du nemt tilpasse k\u00f8lingen til dine behov &#8211; fra stille drift i sovev\u00e6relset til h\u00f8jere effekt i de varmeste timer p\u00e5 dagen. P\u00e5 trods af sin st\u00e6rke ydeevne er AC Cortina 12K meget energieffektiv med energiklasse A, og den fungerer problemfrit selv ved temperaturer p\u00e5 op til 43 \u00b0C. <\/p>\n<h3>Smidig og brugervenlig<\/h3>\n<p>For ekstra bekvemmelighed er den udstyret med et digitalt touchpanel, et vaskbart filter, fjernbetjening og et komplet vinduess\u00e6t, der g\u00f8r installationen nem og problemfri. Den har ogs\u00e5 hjul, s\u00e5 du nemt kan flytte enheden derhen, hvor du vil have den. N\u00e5r du registrerer dit produkt, udvider du garantien fra 2 til 3 \u00e5r.  <\/p>\n<p>V\u00e6lg Wood&#8217;s AC Cortina 12K, n\u00e5r du vil have prisvindende k\u00f8ling i dit hjem eller p\u00e5 din arbejdsplads.<\/p>\n","protected":false},"excerpt":{"rendered":"<p>Wood&#8217;s AC Cortina 12K er et testvindende b\u00e6rbart klimaanl\u00e6g, der er k\u00e5ret som bedst i test i mange lande &#8211; herunder seks gange i Aftonbladet. Med en k\u00f8lekapacitet p\u00e5 12.000 BTU (3,5 kW) k\u00f8ler den effektivt rum p\u00e5 op til 35 m\u00b2. Den har tre bl\u00e6sertilstande, en luftstr\u00f8m p\u00e5 420 m\u00b3\/t og et lavt st\u00f8jniveau p\u00e5 53,5 dB. Energieffektiv med energiklasse A og nem at styre via digitalt touchpanel, fjernbetjening eller det medf\u00f8lgende vinduess\u00e6t.   <\/p>\n","protected":false},"featured_media":45843,"template":"","meta":{"_acf_changed":false},"product_brand":[],"product_cat":[4902,4889,4882,850],"product_tag":[2972,3065,3053,3064,3026],"class_list":{"0":"post-48231","1":"product","2":"type-product","3":"status-publish","4":"has-post-thumbnail","6":"product_cat-til-kontorer","7":"product_cat-til-sovevaerelset","8":"product_cat-til-stuer-og-lejligheder","9":"product_cat-klimaanlaeg","10":"product_tag-35-m-da","11":"product_tag-airconditions-til-kontorer","12":"product_tag-airconditions-til-sovevaerelser","13":"product_tag-airconditions-til-stuer","14":"product_tag-bedst-i-testen","15":"product_shipping_class-high","16":"splide__slide","18":"first","19":"instock","20":"taxable","21":"shipping-taxable","22":"product-type-simple"},"acf":[],"_links":{"self":[{"href":"https:\/\/woods.se\/da\/wp-json\/wp\/v2\/product\/48231","targetHints":{"allow":["GET"]}}],"collection":[{"href":"https:\/\/woods.se\/da\/wp-json\/wp\/v2\/product"}],"about":[{"href":"https:\/\/woods.se\/da\/wp-json\/wp\/v2\/types\/product"}],"wp:featuredmedia":[{"embeddable":true,"href":"https:\/\/woods.se\/da\/wp-json\/wp\/v2\/media\/45843"}],"wp:attachment":[{"href":"https:\/\/woods.se\/da\/wp-json\/wp\/v2\/media?parent=48231"}],"wp:term":[{"taxonomy":"product_brand","embeddable":true,"href":"https:\/\/woods.se\/da\/wp-json\/wp\/v2\/product_brand?post=48231"},{"taxonomy":"product_cat","embeddable":true,"href":"https:\/\/woods.se\/da\/wp-json\/wp\/v2\/product_cat?post=48231"},{"taxonomy":"product_tag","embeddable":true,"href":"https:\/\/woods.se\/da\/wp-json\/wp\/v2\/product_tag?post=48231"}],"curies":[{"name":"wp","href":"https:\/\/api.w.org\/{rel}","templated":true}]}}