{"id":48225,"date":"2024-12-12T11:13:13","date_gmt":"2024-12-12T10:13:13","guid":{"rendered":"https:\/\/stage.woods.se\/?post_type=product&#038;p=48225"},"modified":"2026-02-23T16:19:16","modified_gmt":"2026-02-23T15:19:16","slug":"woods-ac-milan-9k-wifi-smart-home-duo","status":"publish","type":"product","link":"https:\/\/woods.se\/da\/produkter\/klimaanlaeg\/til-stuer-og-lejligheder\/woods-ac-milan-9k-wifi-smart-home-duo\/","title":{"rendered":"Wood&#8217;s AC Milan 9K WiFi Smart Home Duo"},"content":{"rendered":"<h2>Wood&#8217;s AC Milan 9K WiFi Smart Home Duo<\/h2>\n<h3>J\u00e6vn, st\u00f8jsvag og smart styret AC med varme<\/h3>\n<p>Wood&#8217;s AC Milan 9K WiFi Smart Home Duo kombinerer k\u00f8ling, opvarmning og smart styring i et kompakt og diskret format. Med en k\u00f8lekapacitet p\u00e5 9000 BTU (2,6 kW) og en varmekapacitet p\u00e5 2000 W regulerer den effektivt temperaturen i rum p\u00e5 op til 26 m\u00b2. Det g\u00f8r den perfekt til b\u00e5de hjemmet og mindre kontorer.  <\/p>\n<h3>Vigtige funktioner<\/h3>\n\n<h3>K\u00f8ler og opvarmer dit hjem eller kontor<\/h3>\n<p><strong>Sovev\u00e6relse:<\/strong> Det lave st\u00f8jniveau g\u00f8r, at du kan sove k\u00f8ligt eller varmt uden at blive forstyrret.<br \/>\n<strong>B\u00f8rnev\u00e6relse:<\/strong> Sikrer en behagelig og sikker temperatur for b\u00f8rn hele \u00e5ret rundt.<br \/>\n<strong>Opholdsstue:<\/strong> Skaber et behageligt milj\u00f8 for hele familien &#8211; b\u00e5de sommer og vinter.<br \/>\n<strong>Lille kontor:<\/strong> Bidrager til et produktivt arbejdsmilj\u00f8 gennem stabile temperaturer uanset \u00e5rstid.<\/p>\n<h3>Smidig og brugervenlig &#8211; med smart kontrol<\/h3>\n<p>Milan 9K WiFi Duo er nem at installere med det medf\u00f8lgende vinduess\u00e6t og nem at flytte takket v\u00e6re hjulene. Du kan styre den via det digitale ber\u00f8ringspanel, fjernbetjeningen eller med Wood&#8217;s Connect-appen samt med stemmestyring via Google Home og Alexa. Start k\u00f8ling eller opvarmning til tiden, og nyd altid et behageligt indeklima.  <\/p>\n<h3>Stille og behagelig<\/h3>\n<p>Med et st\u00f8jniveau p\u00e5 kun 52 dB fungerer AC Milan 9K WiFi Smart Home Duo diskret, hvilket g\u00f8r den ideel til sovev\u00e6relser, b\u00f8rnev\u00e6relser og arbejdsmilj\u00f8er, hvor stilhed er vigtig.<\/p>\n","protected":false},"excerpt":{"rendered":"<p>Wood&#8217;s AC Milan 9K WiFi Smart Home Duo er en praktisk og st\u00f8jsvag b\u00e6rbar AC med Duo-funktion, der b\u00e5de k\u00f8ler og varmer. Med en k\u00f8lekapacitet p\u00e5 9000 BTU (2,6 kW) og en varmekapacitet p\u00e5 2000 W samt en luftstr\u00f8m p\u00e5 350 m\u00b3\/t regulerer den hurtigt temperaturen i rum p\u00e5 op til 26 m\u00b2. Den er nem at styre via et digitalt touchpanel, en fjernbetjening eller via WiFi med Wood&#8217;s Connect-appen, Google Home eller Alexa. Perfekt til hjemmet og sm\u00e5 kontorer &#8211; hele \u00e5ret rundt.   <\/p>\n","protected":false},"featured_media":46128,"template":"","meta":{"_acf_changed":false},"product_brand":[],"product_cat":[4889,4882,850],"product_tag":[2966,3053,3064,909,915,920],"class_list":{"0":"post-48225","1":"product","2":"type-product","3":"status-publish","4":"has-post-thumbnail","6":"product_cat-til-sovevaerelset","7":"product_cat-til-stuer-og-lejligheder","8":"product_cat-klimaanlaeg","9":"product_tag-26-m-da","10":"product_tag-airconditions-til-sovevaerelser","11":"product_tag-airconditions-til-stuer","12":"product_tag-duo-da","13":"product_tag-smart-home-da","14":"product_tag-wifi-da","15":"splide__slide","17":"first","18":"instock","19":"taxable","20":"shipping-taxable","21":"product-type-simple"},"acf":[],"_links":{"self":[{"href":"https:\/\/woods.se\/da\/wp-json\/wp\/v2\/product\/48225","targetHints":{"allow":["GET"]}}],"collection":[{"href":"https:\/\/woods.se\/da\/wp-json\/wp\/v2\/product"}],"about":[{"href":"https:\/\/woods.se\/da\/wp-json\/wp\/v2\/types\/product"}],"wp:featuredmedia":[{"embeddable":true,"href":"https:\/\/woods.se\/da\/wp-json\/wp\/v2\/media\/46128"}],"wp:attachment":[{"href":"https:\/\/woods.se\/da\/wp-json\/wp\/v2\/media?parent=48225"}],"wp:term":[{"taxonomy":"product_brand","embeddable":true,"href":"https:\/\/woods.se\/da\/wp-json\/wp\/v2\/product_brand?post=48225"},{"taxonomy":"product_cat","embeddable":true,"href":"https:\/\/woods.se\/da\/wp-json\/wp\/v2\/product_cat?post=48225"},{"taxonomy":"product_tag","embeddable":true,"href":"https:\/\/woods.se\/da\/wp-json\/wp\/v2\/product_tag?post=48225"}],"curies":[{"name":"wp","href":"https:\/\/api.w.org\/{rel}","templated":true}]}}