{"id":48221,"date":"2024-12-12T11:11:09","date_gmt":"2024-12-12T10:11:09","guid":{"rendered":"https:\/\/stage.woods.se\/?post_type=product&#038;p=48221"},"modified":"2025-09-15T21:38:16","modified_gmt":"2025-09-15T19:38:16","slug":"woods-ac-milan-7k-wifi-smart-home","status":"publish","type":"product","link":"https:\/\/woods.se\/da\/produkter\/klimaanlaeg\/til-bornevaerelser\/woods-ac-milan-7k-wifi-smart-home\/","title":{"rendered":"Wood&#8217;s AC Milan 7K WiFi Smart Home"},"content":{"rendered":"<h2>Wood&#8217;s AC Milan 7K WiFi Smart Home<\/h2>\n<h3>Kompakt, st\u00f8jsvag og smartstyret AC til mindre rum<\/h3>\n<p>Wood&#8217;s AC Milan 7K WiFi Smart Home kombinerer effektiv k\u00f8ling med kompakt design, lavt st\u00f8jniveau og smart styring. Med en k\u00f8lekapacitet p\u00e5 7000 BTU (2 kW) k\u00f8ler den hurtigt rum p\u00e5 op til 20 m\u00b2, hvilket g\u00f8r den perfekt til mindre rum i hjemmet &#8211; fra sovev\u00e6relser og b\u00f8rnev\u00e6relser til stuer.<\/p>\n<h3>Vigtige funktioner<\/h3>\n\n<h3>K\u00f8ler de mindre rum i dit hjem<\/h3>\n<p><strong>Sovev\u00e6relse: <\/strong>Det lave st\u00f8jniveau g\u00f8r, at du kan sove k\u00f8ligt og uforstyrret.<br \/>\n<strong>B\u00f8rnev\u00e6relse:<\/strong> Giver en j\u00e6vn og behagelig temperatur, der g\u00f8r indeklimaet mere sikkert for b\u00f8rn.<br \/>\n<strong>I stuen:<\/strong> Skaber et k\u00f8ligt og behageligt milj\u00f8 for hele familien p\u00e5 varme dage.<\/p>\n<h3>Smidig og brugervenlig &#8211; med smart kontrol<\/h3>\n<p>Milan 7K WiFi er nem at flytte og nem at installere med det medf\u00f8lgende vinduess\u00e6t. Den har et digitalt touchpanel og en fjernbetjening til lokal styring, men takket v\u00e6re WiFi-funktionen kan du ogs\u00e5 styre den via Wood&#8217;s Connect-appen, Google Home eller Alexa. P\u00e5 den m\u00e5de kan du starte afk\u00f8lingen i tide og altid blive m\u00f8dt af et behageligt klima, n\u00e5r du kommer hjem.<\/p>\n<h3>Stille og behagelig<\/h3>\n<p>Med et st\u00f8jniveau p\u00e5 kun 52 dB arbejder AC Milan 7K WiFi Smart Home diskret, hvilket g\u00f8r den s\u00e6rligt velegnet til mindre sovev\u00e6relser eller b\u00f8rnev\u00e6relser, hvor der er brug for k\u00f8ling uden forstyrrende st\u00f8j. Det vaskbare filter g\u00f8r den nem at vedligeholde og hj\u00e6lper med at holde luften ren.<\/p>\n","protected":false},"excerpt":{"rendered":"<p>Wood&#8217;s AC Milan 7K WiFi Smart Home er en lille, handy og st\u00f8jsvag b\u00e6rbar AC. Med 7000 BTU (2 kW) k\u00f8ler den effektivt rum p\u00e5 op til 20 m\u00b2 &#8211; perfekt til sovev\u00e6relser, b\u00f8rnev\u00e6relser og stuer. Den har et lavt st\u00f8jniveau p\u00e5 maks. 52 dB, et vaskbart filter og en luftstr\u00f8m p\u00e5 350 m\u00b3\/t. Takket v\u00e6re WiFi-funktionen kan du fjernstyre den via Wood&#8217;s Connect-appen, Google Home eller Alexa og altid komme hjem til et behageligt indeklima.<\/p>\n","protected":false},"featured_media":46128,"template":"","meta":{"_acf_changed":false},"product_brand":[],"product_cat":[4897,850],"product_tag":[2963,3066,915,920],"class_list":{"0":"post-48221","1":"product","2":"type-product","3":"status-publish","4":"has-post-thumbnail","6":"product_cat-til-bornevaerelser","7":"product_cat-klimaanlaeg","8":"product_tag-20-m-da","9":"product_tag-airconditions-til-mindre-sovevaerelser","10":"product_tag-smart-home-da","11":"product_tag-wifi-da","12":"product_shipping_class-high","13":"splide__slide","15":"first","16":"instock","17":"taxable","18":"shipping-taxable","19":"product-type-simple"},"acf":[],"_links":{"self":[{"href":"https:\/\/woods.se\/da\/wp-json\/wp\/v2\/product\/48221","targetHints":{"allow":["GET"]}}],"collection":[{"href":"https:\/\/woods.se\/da\/wp-json\/wp\/v2\/product"}],"about":[{"href":"https:\/\/woods.se\/da\/wp-json\/wp\/v2\/types\/product"}],"wp:featuredmedia":[{"embeddable":true,"href":"https:\/\/woods.se\/da\/wp-json\/wp\/v2\/media\/46128"}],"wp:attachment":[{"href":"https:\/\/woods.se\/da\/wp-json\/wp\/v2\/media?parent=48221"}],"wp:term":[{"taxonomy":"product_brand","embeddable":true,"href":"https:\/\/woods.se\/da\/wp-json\/wp\/v2\/product_brand?post=48221"},{"taxonomy":"product_cat","embeddable":true,"href":"https:\/\/woods.se\/da\/wp-json\/wp\/v2\/product_cat?post=48221"},{"taxonomy":"product_tag","embeddable":true,"href":"https:\/\/woods.se\/da\/wp-json\/wp\/v2\/product_tag?post=48221"}],"curies":[{"name":"wp","href":"https:\/\/api.w.org\/{rel}","templated":true}]}}