{"id":48219,"date":"2024-12-11T15:25:10","date_gmt":"2024-12-11T14:25:10","guid":{"rendered":"https:\/\/stage.woods.se\/?post_type=product&#038;p=48219"},"modified":"2025-09-15T21:38:14","modified_gmt":"2025-09-15T19:38:14","slug":"woods-ac-milan-7k","status":"publish","type":"product","link":"https:\/\/woods.se\/da\/produkter\/klimaanlaeg\/til-bornevaerelser\/woods-ac-milan-7k\/","title":{"rendered":"Wood&#8217;s AC Milan 7K"},"content":{"rendered":"<h2>Wood&#8217;s AC Milan 7K<\/h2>\n<h3>Kompakt og st\u00f8jsvagt klimaanl\u00e6g til mindre rum<\/h3>\n<p>Wood&#8217;s AC Milan 7K er et b\u00e6rbart klimaanl\u00e6g, der kombinerer effektiv k\u00f8ling med et kompakt design og lavt st\u00f8jniveau. Med en k\u00f8lekapacitet p\u00e5 7000 BTU (2 kW) k\u00f8ler den hurtigt rum p\u00e5 op til 20 m\u00b2, hvilket g\u00f8r den ideel til hjemmet &#8211; fra sovev\u00e6relser og b\u00f8rnev\u00e6relser til stuer.<\/p>\n<h3>Vigtige funktioner<\/h3>\n\n<h3>K\u00f8ler de mindre rum i dit hjem:<\/h3>\n<p>Sovev\u00e6relse: Det lave st\u00f8jniveau, is\u00e6r i den laveste bl\u00e6serindstilling, giver dig mulighed for at sove k\u00f8ligt og uforstyrret.<br \/>\nB\u00f8rnev\u00e6relse: Giver en j\u00e6vn og behagelig temperatur, der g\u00f8r indeklimaet mere sikkert for b\u00f8rn.<br \/>\nI stuen: Skaber et k\u00f8ligt og behageligt milj\u00f8 for hele familien p\u00e5 varme dage.<\/p>\n<h3>Smidig og brugervenlig<\/h3>\n<p>Milan 7K er nem at flytte og nem at installere med det medf\u00f8lgende vinduess\u00e6t. Det intuitive digitale touchpanel g\u00f8r det nemt at justere indstillingerne, mens fjernbetjeningen giver dig fuld kontrol fra din sofa eller dit skrivebord.<\/p>\n<h3>Stille og behagelig<\/h3>\n<p>Med to bl\u00e6sertilstande og et st\u00f8jniveau p\u00e5 kun 52 dB ved maksimal effekt arbejder AC Milan 7K diskret, hvilket g\u00f8r den s\u00e6rligt velegnet til mindre sovev\u00e6relser eller b\u00f8rnev\u00e6relser, hvor der er brug for afk\u00f8ling uden forstyrrende st\u00f8j.<\/p>\n<h3>H\u00f8je vurderinger i test<\/h3>\n<p>Wood&#8217;s AC Milan 7K kombinerer ydeevne, lavt st\u00f8jniveau og brugervenligt design. Det vaskbare filter g\u00f8r den nem at vedligeholde og hj\u00e6lper med at holde luften ren.<\/p>\n","protected":false},"excerpt":{"rendered":"<p>Wood&#8217;s AC Milan 7K er en lille, handy og st\u00f8jsvag b\u00e6rbar AC. Med 7000 BTU (2 kW) k\u00f8ler den effektivt rum p\u00e5 op til 20 m\u00b2, hvilket er perfekt til mindre sovev\u00e6relser, b\u00f8rnev\u00e6relser, stuer eller sm\u00e5 kontorer. Den har et lavt st\u00f8jniveau p\u00e5 maks. 52 dB, et vaskbart filter og en luftstr\u00f8m p\u00e5 350 m\u00b3\/t. Nem at bruge takket v\u00e6re det digitale touchpanel, fjernbetjeningen og det medf\u00f8lgende vinduess\u00e6t.<\/p>\n","protected":false},"featured_media":46177,"template":"","meta":{"_acf_changed":false},"product_brand":[],"product_cat":[4897,850],"product_tag":[2963,3066],"class_list":{"0":"post-48219","1":"product","2":"type-product","3":"status-publish","4":"has-post-thumbnail","6":"product_cat-til-bornevaerelser","7":"product_cat-klimaanlaeg","8":"product_tag-20-m-da","9":"product_tag-airconditions-til-mindre-sovevaerelser","10":"splide__slide","12":"first","13":"instock","14":"taxable","15":"shipping-taxable","16":"product-type-simple"},"acf":[],"_links":{"self":[{"href":"https:\/\/woods.se\/da\/wp-json\/wp\/v2\/product\/48219","targetHints":{"allow":["GET"]}}],"collection":[{"href":"https:\/\/woods.se\/da\/wp-json\/wp\/v2\/product"}],"about":[{"href":"https:\/\/woods.se\/da\/wp-json\/wp\/v2\/types\/product"}],"wp:featuredmedia":[{"embeddable":true,"href":"https:\/\/woods.se\/da\/wp-json\/wp\/v2\/media\/46177"}],"wp:attachment":[{"href":"https:\/\/woods.se\/da\/wp-json\/wp\/v2\/media?parent=48219"}],"wp:term":[{"taxonomy":"product_brand","embeddable":true,"href":"https:\/\/woods.se\/da\/wp-json\/wp\/v2\/product_brand?post=48219"},{"taxonomy":"product_cat","embeddable":true,"href":"https:\/\/woods.se\/da\/wp-json\/wp\/v2\/product_cat?post=48219"},{"taxonomy":"product_tag","embeddable":true,"href":"https:\/\/woods.se\/da\/wp-json\/wp\/v2\/product_tag?post=48219"}],"curies":[{"name":"wp","href":"https:\/\/api.w.org\/{rel}","templated":true}]}}