{"id":48216,"date":"2024-12-11T10:48:30","date_gmt":"2024-12-11T09:48:30","guid":{"rendered":"https:\/\/stage.woods.se\/?post_type=product&#038;p=48216"},"modified":"2026-04-17T14:11:06","modified_gmt":"2026-04-17T12:11:06","slug":"woods-ac-cortina-12k-smart-home","status":"publish","type":"product","link":"https:\/\/woods.se\/da\/produkter\/klimaanlaeg\/til-stuer-og-lejligheder\/woods-ac-cortina-12k-smart-home\/","title":{"rendered":"Wood&#8217;s AC Cortina 12K Smart Home"},"content":{"rendered":"<h2>Wood&#8217;s AC Cortina 12K Smart Home<\/h2>\n<h3>Prisbel\u00f8nnet b\u00e6rbar AC med h\u00f8j ydeevne og smart styring<\/h3>\n<p>Wood&#8217;s AC Cortina 12K Smart Home er gentagne gange blevet k\u00e5ret som bedst i test. Med en k\u00f8lekapacitet p\u00e5 12.000 BTU (3,5 kW) k\u00f8ler den hurtigt og effektivt rum p\u00e5 op til 35 m\u00b2, hvilket g\u00f8r den perfekt til b\u00e5de hjemme- og kontorbrug. <\/p>\n<h3>Vigtige funktioner<\/h3>\n\n<h3>Effektiv k\u00f8ling i hjemmet og p\u00e5 kontoret<\/h3>\n<p><strong>Sovev\u00e6relse:<\/strong> Lydsvag drift og effektiv k\u00f8ling sikrer en god nats s\u00f8vn, selv p\u00e5 varme n\u00e6tter.<br \/>\n<strong>B\u00f8rnev\u00e6relse:<\/strong> Skaber en behagelig og stabil temperatur for et mere sikkert indeklima.<br \/>\n<strong>I stuen:<\/strong> Holder hele familien afk\u00f8let p\u00e5 varme sommerdage.<br \/>\n<strong>P\u00e5 kontoret:<\/strong> Forbedrer arbejdsmilj\u00f8et og g\u00f8r det lettere at holde fokus, selv n\u00e5r temperaturen stiger.<\/p>\n<h3>St\u00f8jsvag og energieffektiv<\/h3>\n<p>Med sine tre bl\u00e6serhastigheder og et lavt st\u00f8jniveau p\u00e5 kun 64 dB kan du nemt tilpasse k\u00f8lingen til dine behov &#8211; fra stille drift i sovev\u00e6relset til h\u00f8jere effekt i de varmeste timer p\u00e5 dagen. P\u00e5 trods af sin st\u00e6rke ydeevne er AC Cortina 12K Smart Home meget energieffektiv med energiklasse A, og den fungerer problemfrit selv ved temperaturer p\u00e5 op til 43 \u00b0C. <\/p>\n<h3>Smidig, smart og brugervenlig<\/h3>\n<p>For ekstra bekvemmelighed er det udstyret med WiFi\/Smart Home og kan styres via Wood&#8217;s Connect-appen og med Smart Home-l\u00f8sninger som Google Home og Alexa, s\u00e5 du kan starte k\u00f8lingen, f\u00f8r du kommer hjem, og blive m\u00f8dt af et behageligt indeklima. Derudover har den et digitalt touchpanel, et vaskbart filter, fjernbetjening og et komplet vinduess\u00e6t, der g\u00f8r installationen nem og bekvem. Den har ogs\u00e5 hjul, s\u00e5 du nemt kan flytte enheden derhen, hvor du vil have den. N\u00e5r du registrerer dit produkt p\u00e5 <a href=\"https:\/\/warranty-woods.com\">warranty-woods.com<\/a>, f\u00e5r du en udvidet garanti fra 2 til 3 \u00e5r.   <\/p>\n<p>V\u00e6lg Wood&#8217;s AC Cortina 12K Smart Home, n\u00e5r du vil have et testvindende, smart og WiFi-styret transportabelt klimaanl\u00e6g til dit hjem eller din arbejdsplads.<\/p>\n","protected":false},"excerpt":{"rendered":"<p>Wood&#8217;s AC Cortina 12K Smart Home er et testvindende transportabelt klimaanl\u00e6g, der er k\u00e5ret som bedst i test i mange lande. Med en k\u00f8lekapacitet p\u00e5 12.000 BTU (3,5 kW) k\u00f8ler den effektivt rum p\u00e5 op til 35 m\u00b2. Den har tre bl\u00e6sertilstande, en luftstr\u00f8m p\u00e5 420 m\u00b3\/t og et lavt st\u00f8jniveau p\u00e5 64 dB (h\u00f8jeste niveau). Den styres nemt via et digitalt touchpanel, en fjernbetjening eller Wood&#8217;s Connect-appen og Smart Home-l\u00f8sninger, s\u00e5 du kan komme hjem til et behageligt klima.   <\/p>\n","protected":false},"featured_media":45843,"template":"","meta":{"_acf_changed":false},"product_brand":[],"product_cat":[850,4902,4889,4882],"product_tag":[2972,3065,3053,3064,3026,915,920],"class_list":{"0":"post-48216","1":"product","2":"type-product","3":"status-publish","4":"has-post-thumbnail","6":"product_cat-klimaanlaeg","7":"product_cat-til-kontorer","8":"product_cat-til-sovevaerelset","9":"product_cat-til-stuer-og-lejligheder","10":"product_tag-35-m-da","11":"product_tag-airconditions-til-kontorer","12":"product_tag-airconditions-til-sovevaerelser","13":"product_tag-airconditions-til-stuer","14":"product_tag-bedst-i-testen","15":"product_tag-smart-home-da","16":"product_tag-wifi-da","17":"splide__slide","19":"first","20":"outofstock","21":"taxable","22":"shipping-taxable","23":"product-type-simple"},"acf":[],"_links":{"self":[{"href":"https:\/\/woods.se\/da\/wp-json\/wp\/v2\/product\/48216","targetHints":{"allow":["GET"]}}],"collection":[{"href":"https:\/\/woods.se\/da\/wp-json\/wp\/v2\/product"}],"about":[{"href":"https:\/\/woods.se\/da\/wp-json\/wp\/v2\/types\/product"}],"wp:featuredmedia":[{"embeddable":true,"href":"https:\/\/woods.se\/da\/wp-json\/wp\/v2\/media\/45843"}],"wp:attachment":[{"href":"https:\/\/woods.se\/da\/wp-json\/wp\/v2\/media?parent=48216"}],"wp:term":[{"taxonomy":"product_brand","embeddable":true,"href":"https:\/\/woods.se\/da\/wp-json\/wp\/v2\/product_brand?post=48216"},{"taxonomy":"product_cat","embeddable":true,"href":"https:\/\/woods.se\/da\/wp-json\/wp\/v2\/product_cat?post=48216"},{"taxonomy":"product_tag","embeddable":true,"href":"https:\/\/woods.se\/da\/wp-json\/wp\/v2\/product_tag?post=48216"}],"curies":[{"name":"wp","href":"https:\/\/api.w.org\/{rel}","templated":true}]}}