{"id":48213,"date":"2024-12-11T10:47:59","date_gmt":"2024-12-11T09:47:59","guid":{"rendered":"https:\/\/stage.woods.se\/?post_type=product&#038;p=48213"},"modified":"2025-09-15T21:38:00","modified_gmt":"2025-09-15T19:38:00","slug":"woods-ac-milan-9k-wifi-smart-home","status":"publish","type":"product","link":"https:\/\/woods.se\/da\/produkter\/klimaanlaeg\/til-stuer-og-lejligheder\/woods-ac-milan-9k-wifi-smart-home\/","title":{"rendered":"Wood&#8217;s AC Milan 9K WiFi Smart Home"},"content":{"rendered":"<h2>Wood&#8217;s AC Milan 9K WiFi Smart Home<\/h2>\n<h3>Kompakt, st\u00f8jsvag og smartstyret AC til hjemmet og kontoret<\/h3>\n<p>Wood&#8217;s AC Milan 9K WiFi Smart Home kombinerer effektiv k\u00f8ling med kompakt design, lavt st\u00f8jniveau og smart styring. Med en k\u00f8lekapacitet p\u00e5 9000 BTU (2,6 kW) k\u00f8ler den hurtigt rum p\u00e5 op til 26 m\u00b2, hvilket g\u00f8r den ideel til hjemmet &#8211; fra sovev\u00e6relser og b\u00f8rnev\u00e6relser til stuer &#8211; samt mindre kontorer.<\/p>\n<h3>Vigtige funktioner<\/h3>\n\n<h3>K\u00f8ler hurtigt rum p\u00e5 op til 26 m2<\/h3>\n<p><strong>Sovev\u00e6relse: <\/strong>Det lave st\u00f8jniveau g\u00f8r, at du kan sove k\u00f8ligt og uforstyrret.<br \/>\n<strong>B\u00f8rnev\u00e6relse:<\/strong> Giver et sikrere og mere behageligt milj\u00f8 for b\u00f8rn med en j\u00e6vn temperatur.<br \/>\n<strong>I stuen:<\/strong> Skaber et k\u00f8ligt og behageligt milj\u00f8 for hele familien p\u00e5 varme dage.<br \/>\n<strong>Lille kontor:<\/strong> Holder arbejdsmilj\u00f8et produktivt og behageligt selv om sommeren.<\/p>\n<h3>Smidig og brugervenlig &#8211; med smart kontrol<\/h3>\n<p>Milan 9K WiFi er nem at flytte og nem at installere med det medf\u00f8lgende vinduess\u00e6t. Det intuitive digitale touchpanel og fjernbetjeningen g\u00f8r det nemt at styre p\u00e5 stedet, men takket v\u00e6re WiFi-funktionen kan du ogs\u00e5 styre enheden via Wood&#8217;s Connect-appen eller via Google Home og Alexa. Begynd at k\u00f8le i tide, og kom altid hjem til et behageligt indeklima.<\/p>\n<h3>Stille og behagelig<\/h3>\n<p>Med et st\u00f8jniveau p\u00e5 kun 52 dB i maksimal bl\u00e6sertilstand fungerer AC Milan 9K WiFi Smart Home diskret. Perfekt til sovev\u00e6relser og b\u00f8rnev\u00e6relser, hvor der er brug for afk\u00f8ling uden forstyrrende st\u00f8j.<\/p>\n<h3>H\u00f8jeste karakterer i test<\/h3>\n<p>Wood&#8217;s AC Milan har f\u00e5et de h\u00f8jeste karakterer i test takket v\u00e6re kombinationen af effektivitet, lavt st\u00f8jniveau og smarte funktioner. Det vaskbare filter g\u00f8r den nem at vedligeholde og holder luften frisk.<\/p>\n","protected":false},"excerpt":{"rendered":"<p>Wood&#8217;s AC Milan 9K WiFi Smart Home er en lille, praktisk og st\u00f8jsvag b\u00e6rbar AC, som har f\u00e5et topkarakter i tests. Med 9000 BTU (2,6 kW) k\u00f8ler den effektivt rum p\u00e5 op til 26 m\u00b2, hvilket er perfekt til sovev\u00e6relser, b\u00f8rnev\u00e6relser, stuer eller sm\u00e5 kontorer. Den har WiFi-styring via Wood&#8217;s Connect, Google Home og Alexa &#8211; s\u00e5 du nemt kan fjernstyre den og altid blive m\u00f8dt af et behageligt klima, n\u00e5r du kommer hjem.<\/p>\n","protected":false},"featured_media":46177,"template":"","meta":{"_acf_changed":false},"product_brand":[],"product_cat":[850,4889,4882],"product_tag":[2966,3053,3064,915,920],"class_list":{"0":"post-48213","1":"product","2":"type-product","3":"status-publish","4":"has-post-thumbnail","6":"product_cat-klimaanlaeg","7":"product_cat-til-sovevaerelset","8":"product_cat-til-stuer-og-lejligheder","9":"product_tag-26-m-da","10":"product_tag-airconditions-til-sovevaerelser","11":"product_tag-airconditions-til-stuer","12":"product_tag-smart-home-da","13":"product_tag-wifi-da","14":"splide__slide","16":"first","17":"instock","18":"taxable","19":"shipping-taxable","20":"product-type-simple"},"acf":[],"_links":{"self":[{"href":"https:\/\/woods.se\/da\/wp-json\/wp\/v2\/product\/48213","targetHints":{"allow":["GET"]}}],"collection":[{"href":"https:\/\/woods.se\/da\/wp-json\/wp\/v2\/product"}],"about":[{"href":"https:\/\/woods.se\/da\/wp-json\/wp\/v2\/types\/product"}],"wp:featuredmedia":[{"embeddable":true,"href":"https:\/\/woods.se\/da\/wp-json\/wp\/v2\/media\/46177"}],"wp:attachment":[{"href":"https:\/\/woods.se\/da\/wp-json\/wp\/v2\/media?parent=48213"}],"wp:term":[{"taxonomy":"product_brand","embeddable":true,"href":"https:\/\/woods.se\/da\/wp-json\/wp\/v2\/product_brand?post=48213"},{"taxonomy":"product_cat","embeddable":true,"href":"https:\/\/woods.se\/da\/wp-json\/wp\/v2\/product_cat?post=48213"},{"taxonomy":"product_tag","embeddable":true,"href":"https:\/\/woods.se\/da\/wp-json\/wp\/v2\/product_tag?post=48213"}],"curies":[{"name":"wp","href":"https:\/\/api.w.org\/{rel}","templated":true}]}}