{"id":48209,"date":"2024-12-10T15:10:15","date_gmt":"2024-12-10T14:10:15","guid":{"rendered":"https:\/\/stage.woods.se\/?post_type=product&#038;p=48209"},"modified":"2026-03-17T11:17:06","modified_gmt":"2026-03-17T10:17:06","slug":"woods-ac-cortina-9k-eco-a","status":"publish","type":"product","link":"https:\/\/woods.se\/da\/produkter\/klimaanlaeg\/til-stuer-og-lejligheder\/woods-ac-cortina-9k-eco-a\/","title":{"rendered":"Wood&#8217;s AC Cortina 9K Eco A+"},"content":{"rendered":"<h2>Wood&#8217;s AC Cortina 9K Eco A+<\/h2>\n<h3>J\u00e6vn, st\u00f8jsvag og energieffektiv k\u00f8ling<\/h3>\n<p>Wood&#8217;s AC Cortina 9K Eco A+ kombinerer h\u00f8j ydeevne med lavt energiforbrug. Med en k\u00f8lekapacitet p\u00e5 9000 BTU (2,6 kW) k\u00f8ler den hurtigt rum p\u00e5 op til 26 m\u00b2, og takket v\u00e6re energiklassificeringen A+ er den meget energieffektiv. Den fungerer i temperaturer op til 43 \u00b0C, hvilket g\u00f8r den til en p\u00e5lidelig l\u00f8sning selv i ekstrem varme. Med de tre bl\u00e6sertilstande kan du nemt justere st\u00f8jniveauet efter behov.   <\/p>\n<h3>Vigtige funktioner<\/h3>\n\n<h3>K\u00f8ler hjem og sm\u00e5 kontorer<\/h3>\n<p><strong>Sovev\u00e6relse: <\/strong>Det lave st\u00f8jniveau og de mange ventilatorindstillinger g\u00f8r, at du kan sove k\u00f8ligt og uforstyrret.<br \/>\n<strong>B\u00f8rnev\u00e6relset:<\/strong> Giver et stabilt og behageligt indeklima for b\u00f8rn p\u00e5 varme dage.<br \/>\n<strong>I stuen:<\/strong> Skaber et k\u00f8ligt og behageligt milj\u00f8 for hele familien.<br \/>\n<strong>Sm\u00e5 kontorer:<\/strong> Bidrager til et produktivt arbejdsmilj\u00f8 ved at opretholde en ensartet temperatur, selv n\u00e5r udend\u00f8rstemperaturen stiger.<\/p>\n<h3>Smidig og brugervenlig<\/h3>\n<p>AC Cortina 9K Eco A+ er nem at flytte takket v\u00e6re sine hjul og nem at installere med det medf\u00f8lgende vinduess\u00e6t. Det digitale touchpanel og fjernbetjeningen g\u00f8r det nemt at justere indstillingerne efter behov. <\/p>\n<h3>Energieffektiv k\u00f8ling<\/h3>\n<p>Med energiklasse A+ f\u00e5r du en b\u00e6rbar AC, der ikke kun leverer kraftig k\u00f8ling, men ogs\u00e5 holder energiforbruget nede. Det g\u00f8r Cortina 9K Eco A+ til et mere milj\u00f8venligt og \u00f8konomisk valg til b\u00e5de hjemmet og kontoret. <\/p>\n","protected":false},"excerpt":{"rendered":"<p>Wood&#8217;s AC Cortina 9K Eco A+ er en energieffektiv og praktisk b\u00e6rbar AC med en k\u00f8lekapacitet p\u00e5 9000 BTU (2,6 kW). Den k\u00f8ler hurtigt rum p\u00e5 op til 26 m\u00b2 og har tre bl\u00e6sertilstande og en luftstr\u00f8m p\u00e5 380 m\u00b3\/t. Perfekt til sovev\u00e6relser, b\u00f8rnev\u00e6relser, stuer eller sm\u00e5 kontorer. Med energiklasse A+ og drift op til 43 \u00b0C er den p\u00e5lidelig selv p\u00e5 \u00e5rets varmeste dage. Let at bruge med et digitalt touchpanel, fjernbetjening og vinduess\u00e6t.    <\/p>\n","protected":false},"featured_media":45843,"template":"","meta":{"_acf_changed":false},"product_brand":[],"product_cat":[850,4902,4889,4882],"product_tag":[2966,3065,3053,3064],"class_list":{"0":"post-48209","1":"product","2":"type-product","3":"status-publish","4":"has-post-thumbnail","6":"product_cat-klimaanlaeg","7":"product_cat-til-kontorer","8":"product_cat-til-sovevaerelset","9":"product_cat-til-stuer-og-lejligheder","10":"product_tag-26-m-da","11":"product_tag-airconditions-til-kontorer","12":"product_tag-airconditions-til-sovevaerelser","13":"product_tag-airconditions-til-stuer","14":"splide__slide","16":"first","17":"instock","18":"taxable","19":"shipping-taxable","20":"product-type-simple"},"acf":[],"_links":{"self":[{"href":"https:\/\/woods.se\/da\/wp-json\/wp\/v2\/product\/48209","targetHints":{"allow":["GET"]}}],"collection":[{"href":"https:\/\/woods.se\/da\/wp-json\/wp\/v2\/product"}],"about":[{"href":"https:\/\/woods.se\/da\/wp-json\/wp\/v2\/types\/product"}],"wp:featuredmedia":[{"embeddable":true,"href":"https:\/\/woods.se\/da\/wp-json\/wp\/v2\/media\/45843"}],"wp:attachment":[{"href":"https:\/\/woods.se\/da\/wp-json\/wp\/v2\/media?parent=48209"}],"wp:term":[{"taxonomy":"product_brand","embeddable":true,"href":"https:\/\/woods.se\/da\/wp-json\/wp\/v2\/product_brand?post=48209"},{"taxonomy":"product_cat","embeddable":true,"href":"https:\/\/woods.se\/da\/wp-json\/wp\/v2\/product_cat?post=48209"},{"taxonomy":"product_tag","embeddable":true,"href":"https:\/\/woods.se\/da\/wp-json\/wp\/v2\/product_tag?post=48209"}],"curies":[{"name":"wp","href":"https:\/\/api.w.org\/{rel}","templated":true}]}}