{"id":48203,"date":"2024-12-10T15:07:34","date_gmt":"2024-12-10T14:07:34","guid":{"rendered":"https:\/\/stage.woods.se\/?post_type=product&#038;p=48203"},"modified":"2026-02-23T16:06:26","modified_gmt":"2026-02-23T15:06:26","slug":"woods-ac-palermo-22k","status":"publish","type":"product","link":"https:\/\/woods.se\/da\/produkter\/klimaanlaeg\/til-kontorer\/woods-ac-palermo-22k\/","title":{"rendered":"Wood&#8217;s AC Palermo 22K"},"content":{"rendered":"<h2>Wood&#8217;s AC Palermo 22K<\/h2>\n<h3>Maksimal k\u00f8lekapacitet til store rum<\/h3>\n<p>Wood&#8217;s AC Palermo 22K er det mest kraftfulde b\u00e6rbare klimaanl\u00e6g p\u00e5 markedet. Med en imponerende k\u00f8lekapacitet p\u00e5 22.000 BTU (6,5 kW) s\u00e6nker den hurtigt temperaturen i rum p\u00e5 op til 65 m\u00b2. Perfekt til store hjem, \u00e5bne planl\u00f8sninger, kontorer og serverrum, hvor h\u00f8j k\u00f8lekapacitet og p\u00e5lidelig ydelse er afg\u00f8rende.  <\/p>\n<h3>Vigtige funktioner:<\/h3>\n\n<h3>Hurtig og effektiv k\u00f8ling<\/h3>\n<p>Med sin h\u00f8je kapacitet og kraftige luftstr\u00f8m p\u00e5 950 m\u00b3\/t k\u00f8ler AC Palermo 22K effektivt selv p\u00e5 de varmeste dage. Den har tre bl\u00e6serhastigheder og et bredt temperaturomr\u00e5de, som g\u00f8r det nemt at tilpasse k\u00f8lingen til dine pr\u00e6ferencer. Uanset om du har brug for at k\u00f8le et stort rum hurtigt eller opretholde en konstant og behagelig temperatur hele dagen, leverer Palermo 22K p\u00e5 h\u00f8jeste niveau.  <\/p>\n<h3>Effektiv k\u00f8ling til store omr\u00e5der og arbejdsmilj\u00f8er<\/h3>\n<p><strong>Til kontorer og store arbejdsomr\u00e5der:<\/strong> Den kraftige k\u00f8lekapacitet sikrer en stabil temperatur i storrumskontorer, butikker og konferencelokaler, hvilket skaber et behageligt og produktivt milj\u00f8.<br \/>\n<strong>Serverrum:<\/strong> Wood&#8217;s AC Palermo 22K sikrer den rette temperatur i serverrummet og forhindrer overophedning, der kan skade f\u00f8lsomt udstyr.<br \/>\n<strong>Butikker: <\/strong>Med sin kraftige k\u00f8ling skaber Wood&#8217;s AC Palermo et behageligt klima i butikken, hvilket g\u00f8r kunderne mere tilfredse og \u00f8ger deres lyst til at k\u00f8be.<br \/>\n<strong>Konferencelokaler:<\/strong> Sikrer det rette klima under m\u00f8der og arrangementer.<\/p>\n<h3>Let at bruge og flytte<\/h3>\n<p>AC Palermo 22K har et intuitivt digitalt touchpanel, som g\u00f8r den nem at styre. Takket v\u00e6re de glatte hjul kan du nemt flytte enheden derhen, hvor der er mest brug for den. Det medf\u00f8lgende vindueskit g\u00f8r installationen nem og kr\u00e6ver ingen permanente \u00e6ndringer &#8211; den varme luft ventileres blot ud gennem et vindue.  <\/p>\n<p>Leder du efter en kraftig og effektiv b\u00e6rbar AC til store rum? Wood&#8217;s AC Palermo 22K leverer maksimal k\u00f8lekapacitet og komfort! <\/p>\n","protected":false},"excerpt":{"rendered":"<p>Oplev maksimal k\u00f8lekapacitet og komfort med Wood&#8217;s AC Palermo 22K &#8211; et af de mest kraftfulde b\u00e6rbare klimaanl\u00e6g p\u00e5 markedet. Med en k\u00f8lekapacitet p\u00e5 22.000 BTU (6,5 kW) og h\u00f8j luftgennemstr\u00f8mning k\u00f8ler den hurtigt og effektivt rum p\u00e5 op til 65 m\u00b2. Perfekt til \u00e5bne kontorer, butikker, konferencelokaler og serverrum. Nem at bruge med et digitalt touchpanel, medf\u00f8lgende vinduess\u00e6t og hjul, der g\u00f8r den nem at flytte trods sin st\u00f8rrelse.   <\/p>\n","protected":false},"featured_media":46288,"template":"","meta":{"_acf_changed":false},"product_brand":[],"product_cat":[4902,850],"product_tag":[2995,3065],"class_list":{"0":"post-48203","1":"product","2":"type-product","3":"status-publish","4":"has-post-thumbnail","6":"product_cat-til-kontorer","7":"product_cat-klimaanlaeg","8":"product_tag-65-m-da","9":"product_tag-airconditions-til-kontorer","10":"product_shipping_class-high","11":"splide__slide","13":"first","14":"instock","15":"taxable","16":"shipping-taxable","17":"product-type-simple"},"acf":[],"_links":{"self":[{"href":"https:\/\/woods.se\/da\/wp-json\/wp\/v2\/product\/48203","targetHints":{"allow":["GET"]}}],"collection":[{"href":"https:\/\/woods.se\/da\/wp-json\/wp\/v2\/product"}],"about":[{"href":"https:\/\/woods.se\/da\/wp-json\/wp\/v2\/types\/product"}],"wp:featuredmedia":[{"embeddable":true,"href":"https:\/\/woods.se\/da\/wp-json\/wp\/v2\/media\/46288"}],"wp:attachment":[{"href":"https:\/\/woods.se\/da\/wp-json\/wp\/v2\/media?parent=48203"}],"wp:term":[{"taxonomy":"product_brand","embeddable":true,"href":"https:\/\/woods.se\/da\/wp-json\/wp\/v2\/product_brand?post=48203"},{"taxonomy":"product_cat","embeddable":true,"href":"https:\/\/woods.se\/da\/wp-json\/wp\/v2\/product_cat?post=48203"},{"taxonomy":"product_tag","embeddable":true,"href":"https:\/\/woods.se\/da\/wp-json\/wp\/v2\/product_tag?post=48203"}],"curies":[{"name":"wp","href":"https:\/\/api.w.org\/{rel}","templated":true}]}}