{"id":48201,"date":"2024-12-10T15:09:12","date_gmt":"2024-12-10T14:09:12","guid":{"rendered":"https:\/\/stage.woods.se\/?post_type=product&#038;p=48201"},"modified":"2025-09-15T21:37:38","modified_gmt":"2025-09-15T19:37:38","slug":"woods-ac-cortina-12k-wifi-smart-home-a","status":"publish","type":"product","link":"https:\/\/woods.se\/da\/produkter\/klimaanlaeg\/til-stuer-og-lejligheder\/woods-ac-cortina-12k-wifi-smart-home-a\/","title":{"rendered":"Wood&#8217;s AC Cortina 12K WiFi\/Smart Home A+"},"content":{"rendered":"<h2>Wood&#8217;s AC Cortina 12K WiFi Smart Home A+<\/h2>\n<h3>Testvindende, smart og mere energieffektiv<\/h3>\n<p>Wood&#8217;s AC Cortina 12K er v\u00e6rdsat for sin kombination af kraftig k\u00f8ling, smarte funktioner og nu endnu bedre energieffektivitet med denne A+-version. AC Cortina er gentagne gange blevet k\u00e5ret som bedst i test &#8211; bl.a. af tek.no &#8211; og er designet til b\u00e5de at k\u00f8le effektivt og spare energi.<\/p>\n<h3>Vigtige funktioner<\/h3>\n\n<h3>Effektiv og mere milj\u00f8venlig k\u00f8ling i dit hjem og p\u00e5 dit kontor<\/h3>\n<p><strong>Sovev\u00e6relse:<\/strong> Hold dig k\u00f8lig om natten med st\u00f8jsvag drift og lavt energiforbrug.<br \/>\n<strong>B\u00f8rnev\u00e6relse:<\/strong> Skab et stabilt og sikkert indeklima med reduceret milj\u00f8p\u00e5virkning.<br \/>\n<strong>I stuen:<\/strong> Hold hele familien afk\u00f8let og veltilpas p\u00e5 varme dage &#8211; med bedre energieffektivitet.<br \/>\n<strong>P\u00e5 kontoret:<\/strong> Forbedr arbejdsmilj\u00f8et og hold fokus selv p\u00e5 varme sommerdage, samtidig med at du sparer energi.<\/p>\n<h3>St\u00f8jsvag og ekstra energieffektiv<\/h3>\n<p>Wood&#8217;s AC Cortina 12K WiFi Smart Home A+ kombinerer st\u00e6rk ydeevne med forbedret energieffektivitet i energiklasse A+. Det g\u00f8r den til en mere milj\u00f8venlig l\u00f8sning uden at g\u00e5 p\u00e5 kompromis med k\u00f8lekapaciteten. Den fungerer ogs\u00e5 problemfrit i temperaturer op til 43 \u00b0C.<\/p>\n<h3>Smidig, smart og brugervenlig<\/h3>\n<p>Med WiFi og Smart Home-underst\u00f8ttelse kan enheden styres via Wood&#8217;s Connect-appen og smart home-l\u00f8sninger som Google Home og Alexa. Begynd at k\u00f8le, f\u00f8r du kommer hjem, og bliv altid m\u00f8dt af et behageligt indeklima. Den indeholder ogs\u00e5 et digitalt touchpanel, fjernbetjening, vaskbart filter og et komplet vinduess\u00e6t til nem installation. Takket v\u00e6re de glatte hjul kan den nemt flyttes derhen, hvor du har brug for den. N\u00e5r du registrerer dig, forl\u00e6nges garantien fra 2 til 3 \u00e5r.<\/p>\n<p>V\u00e6lg Wood&#8217;s AC Cortina 12K WiFi Smart Home A+ &#8211; et testvindende, smart og mere energieffektivt klimaanl\u00e6g til dit hjem eller din arbejdsplads.<\/p>\n","protected":false},"excerpt":{"rendered":"<p>Wood&#8217;s AC Cortina 12K WiFi Smart Home A+ er et testvindende og mere energieffektivt transportabelt klimaanl\u00e6g &#8211; perfekt til dem, der b\u00e5de vil have ydeevne og en mere milj\u00f8venlig l\u00f8sning. Med en k\u00f8lekapacitet p\u00e5 12.000 BTU (3,5 kW) k\u00f8ler den op til 35 m\u00b2 og har tre bl\u00e6sertilstande, en luftstr\u00f8m p\u00e5 360 m\u00b3\/t og et lavt st\u00f8jniveau p\u00e5 53,5 dB. Kan nemt styres via digitalt touchpanel, fjernbetjening eller Wood&#8217;s Connect-appen og Smart Home-l\u00f8sninger.<\/p>\n","protected":false},"featured_media":45843,"template":"","meta":{"_acf_changed":false},"product_brand":[],"product_cat":[4902,4889,4882,850],"product_tag":[2972,2997,3065,3053,3064,915,920],"class_list":{"0":"post-48201","1":"product","2":"type-product","3":"status-publish","4":"has-post-thumbnail","6":"product_cat-til-kontorer","7":"product_cat-til-sovevaerelset","8":"product_cat-til-stuer-og-lejligheder","9":"product_cat-klimaanlaeg","10":"product_tag-35-m-da","11":"product_tag-a-da","12":"product_tag-airconditions-til-kontorer","13":"product_tag-airconditions-til-sovevaerelser","14":"product_tag-airconditions-til-stuer","15":"product_tag-smart-home-da","16":"product_tag-wifi-da","17":"splide__slide","19":"first","20":"instock","21":"taxable","22":"shipping-taxable","23":"product-type-simple"},"acf":[],"_links":{"self":[{"href":"https:\/\/woods.se\/da\/wp-json\/wp\/v2\/product\/48201","targetHints":{"allow":["GET"]}}],"collection":[{"href":"https:\/\/woods.se\/da\/wp-json\/wp\/v2\/product"}],"about":[{"href":"https:\/\/woods.se\/da\/wp-json\/wp\/v2\/types\/product"}],"wp:featuredmedia":[{"embeddable":true,"href":"https:\/\/woods.se\/da\/wp-json\/wp\/v2\/media\/45843"}],"wp:attachment":[{"href":"https:\/\/woods.se\/da\/wp-json\/wp\/v2\/media?parent=48201"}],"wp:term":[{"taxonomy":"product_brand","embeddable":true,"href":"https:\/\/woods.se\/da\/wp-json\/wp\/v2\/product_brand?post=48201"},{"taxonomy":"product_cat","embeddable":true,"href":"https:\/\/woods.se\/da\/wp-json\/wp\/v2\/product_cat?post=48201"},{"taxonomy":"product_tag","embeddable":true,"href":"https:\/\/woods.se\/da\/wp-json\/wp\/v2\/product_tag?post=48201"}],"curies":[{"name":"wp","href":"https:\/\/api.w.org\/{rel}","templated":true}]}}