{"id":48193,"date":"2024-12-10T15:03:27","date_gmt":"2024-12-10T14:03:27","guid":{"rendered":"https:\/\/stage.woods.se\/?post_type=product&#038;p=48193"},"modified":"2026-04-21T14:41:15","modified_gmt":"2026-04-21T12:41:15","slug":"woods-al310","status":"publish","type":"product","link":"https:\/\/woods.se\/da\/produkter\/luftrensere\/woods-al310\/","title":{"rendered":"Wood&#8217;s AL310"},"content":{"rendered":"<h2>Wood&#8217;s AL 310<\/h2>\n<h3>Udn\u00e6vnt til den bedste luftrenser i 2025<\/h3>\n<p>Wood&#8217;s AL 310 er ikke bare en luftrenser, det er en l\u00f8sning til et sundere indeklima. Den er perfekt til dem, der lider af allergi og astma eller blot \u00f8nsker at ind\u00e5nde renere luft. Denne model er blevet k\u00e5ret som bedst i test af RISE p\u00e5 vegne af Villalivet og har f\u00e5et den h\u00f8jeste score i kategorierne bedste rensningskapacitet, lavt energiforbrug og st\u00f8jsvag drift. AL 310 renser hurtigt og lydl\u00f8st luften i dit hjem uden at p\u00e5virke din elregning. Det patenterede HEPA-filter bidrager til en rensningsgrad p\u00e5 99,97 % og fjerner effektivt partikler som pollen, st\u00f8v, skimmelsporer og andre allergener.    <\/p>\n<h3>Hvorn\u00e5r har du brug for en luftrenser?<\/h3>\n<p>Luften i vores hjem er ofte meget mere forurenet end luften udenfor. Det skyldes, at vi bringer luftb\u00e5rne partikler som pollen, udst\u00f8dningsgasser og st\u00f8v ind i vores hjem, hvor de s\u00e5 cirkulerer. I betragtning af at de fleste mennesker tilbringer 90% af deres tid indend\u00f8rs, p\u00e5virkes vores velbefindende af vores indend\u00f8rsluft, hvilket betyder, at alle virkelig har brug for en luftrenser i deres hjem.  <\/p>\n<h3>Anbefalede anvendelsesomr\u00e5der:<\/h3>\n<p><strong>Luftrensere reducerer pollenallergi og giver lindring d\u00f8gnet rundt: <\/strong>Pollenallergi kan g\u00f8re hverdagen vanskelig, is\u00e6r indend\u00f8rs, hvor luftb\u00e5rne allergener ophobes og forv\u00e6rrer symptomerne. Wood&#8217;s AL 310 indfanger effektivt pollen og andre allergener og skaber en partikelfri zone i dit hjem. Ved at bruge en luftrenser i sovev\u00e6relset eller p\u00e5 steder, hvor vi tilbringer det meste af vores tid, f\u00e5r kroppen tid til at restituere sig, hvilket lindrer allergiske symptomer p\u00e5 kort sigt og forsinker dem den f\u00f8lgende dag.<strong><br \/>\nDen perfekte luftrenser til kontorer og arbejdspladser<\/strong>: D\u00e5rlig luftkvalitet kan p\u00e5virke koncentrationen og reducere effektiviteten med op til 15 % p\u00e5 arbejdspladser. Ved at bruge en luftrenser p\u00e5 kontoret reducerer du risikoen for hovedpine, tr\u00e6thed og sygefrav\u00e6r ved at filtrere st\u00f8v, pollen og andre skadelige luftforurenende stoffer ud.<br \/>\n<strong>En luftrenser beskytter b\u00f8rns f\u00f8lsomme luftveje:<\/strong> B\u00f8rn har mere f\u00f8lsomme lunger og et uudviklet immunsystem, hvilket g\u00f8r dem mere modtagelige for skadelige partikler. For b\u00f8rnefamilier kan en luftrenser som Wood&#8217;s AL 310 g\u00f8re en stor forskel ved at fjerne skadelige luftb\u00e5rne partikler. <\/p>\n<h3>Hvordan virker en Wood&#8217;s luftrenser?<\/h3>\n<p>En Wood&#8217;s luftrenser bruger avanceret ioniseringsteknologi og h\u00f8jtydende HEPA-filtre til effektivt at rense luften for skadelige partikler som pollen, st\u00f8v og allergener.<\/p>\n<p><img loading=\"lazy\" decoding=\"async\" class=\"alignnone wp-image-40680 size-medium\" src=\"https:\/\/woods.se\/wp-content\/uploads\/2024\/12\/illustration-400px-249x300.jpeg\" alt=\"\" width=\"249\" height=\"300\" srcset=\"https:\/\/woods.se\/wp-content\/uploads\/2024\/12\/illustration-400px-249x300.jpeg 249w, https:\/\/woods.se\/wp-content\/uploads\/2024\/12\/illustration-400px-374x450.jpeg 374w, https:\/\/woods.se\/wp-content\/uploads\/2024\/12\/illustration-400px.jpeg 400w\" sizes=\"auto, (max-width: 249px) 100vw, 249px\" \/><\/p>\n<h3><strong>Ionisering g\u00f8r det lettere at indfange partikler<\/strong><\/h3>\n<p>&#8211; Luften suges ind gennem en st\u00f8jsvag og energieffektiv ventilator.<br \/>\n&#8211; Luftpartiklerne f\u00e5r en svag positiv ladning, som f\u00e5r dem til at klumpe sig sammen og blive trukket til filteret som en magnet, da det er negativt ladet.<\/p>\n<p><img loading=\"lazy\" decoding=\"async\" class=\"alignnone wp-image-40687 size-medium\" src=\"https:\/\/woods.se\/wp-content\/uploads\/2024\/12\/activeionhepa_400px2-300x300.jpeg\" alt=\"\" width=\"300\" height=\"300\" srcset=\"https:\/\/woods.se\/wp-content\/uploads\/2024\/12\/activeionhepa_400px2-300x300.jpeg 300w, https:\/\/woods.se\/wp-content\/uploads\/2024\/12\/activeionhepa_400px2-150x150.jpeg 150w, https:\/\/woods.se\/wp-content\/uploads\/2024\/12\/activeionhepa_400px2-100x100.jpeg 100w, https:\/\/woods.se\/wp-content\/uploads\/2024\/12\/activeionhepa_400px2.jpeg 400w\" sizes=\"auto, (max-width: 300px) 100vw, 300px\" \/><\/p>\n<h3><strong>Patenteret og svenskproduceret Active ION HEPA-filter<\/strong><\/h3>\n<p>&#8211; Takket v\u00e6re den patenterede teknologi kan Active ION HEPA-filtre v\u00e6re mindre t\u00e6tte end traditionelle HEPA-filtre og stadig opn\u00e5 samme h\u00f8je rensningsniveau.<br \/>\n&#8211; Filteret er opbygget af mange lag plisserede filtermedier. Det giver et meget stort samlet filterareal og en enest\u00e5ende filtreringskapacitet.<br \/>\n&#8211; Denne teknologi sikrer, at al luft renses uden risiko for, at ufiltreret luft slipper igennem.<\/p>\n<h3>Wood&#8217;s AL 310 fjerner hurtigt og effektivt pollenpartikler<\/h3>\n<p>Wood&#8217;s AL 310 kombinerer h\u00f8j ydeevne med energieffektivitet for at give dig renere luft p\u00e5 en smart og b\u00e6redygtig m\u00e5de. Wood&#8217;s AL 310 har en Clean Air Delivery Rate (CADR) p\u00e5 274 m\u00b3\/h for pollen, hvilket betyder, at den effektivt renser 274 kubikmeter luft i timen for pollenpartikler, hvilket er en stor fordel for allergikere.<br \/>\nUd over sin kraftige rensning er AL 310 ogs\u00e5 energieffektiv med en CADR\/Watt p\u00e5 13,0, hvilket betyder, at du f\u00e5r maksimal ren luft pr. forbrugt watt energi. Det g\u00f8r den til et smart valg for b\u00e5de milj\u00f8et og din pengepung. Kombinationen af h\u00f8j rensekapacitet og lavt energiforbrug g\u00f8r AL 310 til en optimal luftrenser for allergikere, b\u00f8rnefamilier og alle, der \u00f8nsker et sundere indeklima.   <\/p>\n<p><img loading=\"lazy\" decoding=\"async\" class=\"alignnone wp-image-40673 size-medium\" src=\"https:\/\/woods.se\/wp-content\/uploads\/2024\/12\/aham-intertek-300x120.jpeg\" alt=\"\" width=\"300\" height=\"120\" srcset=\"https:\/\/woods.se\/wp-content\/uploads\/2024\/12\/aham-intertek-300x120.jpeg 300w, https:\/\/woods.se\/wp-content\/uploads\/2024\/12\/aham-intertek-1024x410.jpeg 1024w, https:\/\/woods.se\/wp-content\/uploads\/2024\/12\/aham-intertek-768x307.jpeg 768w, https:\/\/woods.se\/wp-content\/uploads\/2024\/12\/aham-intertek-500x200.jpeg 500w, https:\/\/woods.se\/wp-content\/uploads\/2024\/12\/aham-intertek-1400x560.jpeg 1400w, https:\/\/woods.se\/wp-content\/uploads\/2024\/12\/aham-intertek-700x280.jpeg 700w, https:\/\/woods.se\/wp-content\/uploads\/2024\/12\/aham-intertek-600x240.jpeg 600w, https:\/\/woods.se\/wp-content\/uploads\/2024\/12\/aham-intertek.jpeg 1417w\" sizes=\"auto, (max-width: 300px) 100vw, 300px\" \/><\/p>\n<h3>Luftrensere fjerner udst\u00f8dningsgasser, r\u00f8g og lugt med et ekstra kulfilter<\/h3>\n<p>Udst\u00f8dningsgasser, cigaretr\u00f8g og madlavningslugt er almindelige problemer, der p\u00e5virker indeluften. For effektivt at filtrere gasser, lugte og kemiske forurenende stoffer skal du tilf\u00f8je et kulfilter til din luftrenser. Wood&#8217;s Chem Control Carbon-filter, som passer til ELFI 300, AL 310 og GRAN 900, har en h\u00f8j kuldioxidt\u00e6thed for maksimal effekt og lang holdbarhed.  <\/p>\n<h3>Registrer din luftrenser og f\u00e5 udvidet garanti<\/h3>\n<p>Ved at registrere dit produkt p\u00e5 <a href=\"https:\/\/warranty-woods.com\">warranty-woods.com<\/a> og udskifte filteret hver sjette m\u00e5ned f\u00e5r du markedets l\u00e6ngste garanti p\u00e5 10 \u00e5r. N\u00e5r du registrerer dig, vil du ogs\u00e5 modtage p\u00e5mindelser, n\u00e5r det er tid til at udskifte filteret. Ved at udskifte filteret regelm\u00e6ssigt forl\u00e6nger du din luftrensers levetid og sikrer, at dens rensekapacitet forbliver p\u00e5 det h\u00f8jeste niveau. St\u00f8vsug aldrig dit filter, da det vil sprede skimmelsporer og andre skadelige partikler tilbage i rummet.   <\/p>\n<p>Med Wood&#8217;s AL 310 f\u00e5r du en kraftig, stilfuld og energieffektiv luftrenser, der forbedrer din livskvalitet. Uanset om du har allergier, sm\u00e5 b\u00f8rn eller \u00f8nsker et sundere arbejdsmilj\u00f8, er dette den ultimative l\u00f8sning til renere luft, hver dag. <\/p>\n<p>Hvis du vil have en model, der automatisk giver dig besked, n\u00e5r det er tid til at skifte filter, skal du tjekke <a href=\"https:\/\/woods.se\/da\/produkter\/luftrensere\/til-stuer\/woods-al-310fc\/\">Wood&#8217;s AL 310FC<\/a>.<\/p>\n","protected":false},"excerpt":{"rendered":"<p>D\u00e5rlig indend\u00f8rs luftkvalitet er et usynligt problem, der p\u00e5virker helbredet negativt. Pollen, st\u00f8v og luftforurening kan for\u00e5rsage allergi, tr\u00e6thed og d\u00e5rlig koncentration. Wood&#8217;s AL 310 fjerner hurtigt og effektivt pollen og st\u00f8v, hvilket g\u00f8r den ideel til allergikere og kontorer, der har brug for et sundt indeklima. Wood&#8217;s AL 310 vandt 2025-testen takket v\u00e6re sin h\u00f8je rensningsgrad (99,97 %), energieffektivitet og st\u00f8jsvage drift. Wood&#8217;s AL 310 er fremstillet i Sverige og leveres med en garanti p\u00e5 op til 10 \u00e5r.    <\/p>\n","protected":false},"featured_media":39950,"template":"","meta":{"_acf_changed":false},"product_brand":[],"product_cat":[4803,4805,4802,4804,851,3837],"product_tag":[903,914,3010,3012,3009,3011,865,913],"class_list":{"0":"post-48193","1":"product","2":"type-product","3":"status-publish","4":"has-post-thumbnail","6":"product_cat-til-boernevaerelser","7":"product_cat-til-kontorer","8":"product_cat-til-sovevaerelser","9":"product_cat-til-stuer","10":"product_cat-luftrensere","11":"product_cat-villaagarna","12":"product_tag-bornevaerelse","13":"product_tag-kontor-da","14":"product_tag-luftrensere-til-barnevaerelset","15":"product_tag-luftrensere-til-kontorer","16":"product_tag-luftrensere-til-sovevaerelset","17":"product_tag-luftrensere-til-stuer","18":"product_tag-sovevaerelse","19":"product_tag-stue-da","20":"product_shipping_class-al-310","21":"splide__slide","23":"first","24":"instock","25":"taxable","26":"shipping-taxable","27":"purchasable","28":"product-type-simple"},"acf":[],"_links":{"self":[{"href":"https:\/\/woods.se\/da\/wp-json\/wp\/v2\/product\/48193","targetHints":{"allow":["GET"]}}],"collection":[{"href":"https:\/\/woods.se\/da\/wp-json\/wp\/v2\/product"}],"about":[{"href":"https:\/\/woods.se\/da\/wp-json\/wp\/v2\/types\/product"}],"wp:featuredmedia":[{"embeddable":true,"href":"https:\/\/woods.se\/da\/wp-json\/wp\/v2\/media\/39950"}],"wp:attachment":[{"href":"https:\/\/woods.se\/da\/wp-json\/wp\/v2\/media?parent=48193"}],"wp:term":[{"taxonomy":"product_brand","embeddable":true,"href":"https:\/\/woods.se\/da\/wp-json\/wp\/v2\/product_brand?post=48193"},{"taxonomy":"product_cat","embeddable":true,"href":"https:\/\/woods.se\/da\/wp-json\/wp\/v2\/product_cat?post=48193"},{"taxonomy":"product_tag","embeddable":true,"href":"https:\/\/woods.se\/da\/wp-json\/wp\/v2\/product_tag?post=48193"}],"curies":[{"name":"wp","href":"https:\/\/api.w.org\/{rel}","templated":true}]}}