{"id":48188,"date":"2024-12-10T13:40:55","date_gmt":"2024-12-10T12:40:55","guid":{"rendered":"https:\/\/stage.woods.se\/?post_type=product&#038;p=48188"},"modified":"2026-03-06T16:19:44","modified_gmt":"2026-03-06T15:19:44","slug":"woods-ad30","status":"publish","type":"product","link":"https:\/\/woods.se\/da\/produkter\/affugtere\/opholdsrum\/woods-ad30\/","title":{"rendered":"Wood&#8217;s AD30"},"content":{"rendered":"<h2>Wood&#8217;s AD30<\/h2>\n<h3>Kombineret affugter og luftrenser for et sundere indeklima<\/h3>\n<p>Oplev Wood&#8217;s AD30, den perfekte kombination af affugter og luftrenser, specielt designet til lejligheder, sovev\u00e6relser og stuer. AD30 hj\u00e6lper dig med at skabe et sundt og behageligt indeklima uanset \u00e5rstid, samtidig med at den sk\u00e5nsomt og hurtigt t\u00f8rrer alle typer vasket\u00f8j. Den fjerner effektivt overskydende fugt og renser luften for skadelige partikler, hvilket hj\u00e6lper med at forhindre skimmelsvamp, ubehagelige lugte og d\u00e5rlig luftkvalitet.  <\/p>\n<h3>Vigtige funktioner:<\/h3>\n\n<h3>Sund luft i sovev\u00e6relset<\/h3>\n<p>Wood&#8217;s AD30 er ideel til sovev\u00e6relser, hvor den arbejder stille og effektivt for at sikre, at du sover i et friskt og rent milj\u00f8. Det lave st\u00f8jniveau sikrer, at din nattes\u00f8vn ikke bliver forstyrret, mens enheden l\u00f8bende overv\u00e5ger og justerer luftfugtigheden og luftkvaliteten. Med AD30 skaber du optimale betingelser for bedre s\u00f8vn og en frisk start p\u00e5 dagen.  <\/p>\n<h3>Afbalanceret og ren luft i din stue<\/h3>\n<p>AD30 er ogs\u00e5 perfekt til stuer, hvor man tilbringer meget tid. Ved at rense luften og fjerne fugt sikrer AD30 et afbalanceret indeklima, der er fri for st\u00f8v, allergener og skimmelsvamp. Det patenterede og svenskproducerede Active ION HEPA-filter indfanger op til 99,98 % af skadelige partikler og forurenende stoffer, hvilket forbedrer b\u00e5de din luftkvalitet og dit velbefindende.  <\/p>\n<h3>T\u00f8rrer effektivt alle typer vasket\u00f8j<\/h3>\n<p>AD30 er udstyret med en kraftig topmonteret aftr\u00e6ksventilator, der hurtigt t\u00f8rrer dit vasket\u00f8j. T\u00f8rringen er energieffektiv og meget sk\u00e5nsom mod t\u00f8jet, s\u00e5 det holder l\u00e6ngere. Perfekt, hvis du t\u00f8rrer dit vasket\u00f8j p\u00e5 badev\u00e6relset, i stuen eller i sovev\u00e6relset.  <\/p>\n<h3>Fleksibel og brugervenlig<\/h3>\n<p>AD30 er ikke bare en kombineret affugter og luftrenser &#8211; du kan ogs\u00e5 bruge den som en dedikeret luftrenser, n\u00e5r der ikke er behov for affugtning. Den er udstyret med en luftsensor, der automatisk justerer sin aktivitet baseret p\u00e5 luftfugtigheden og partikelindholdet i rummet, hvilket g\u00f8r den b\u00e5de energieffektiv og nem at bruge.<br \/>\nFor ekstra bekvemmelighed er AD30 udstyret med en stor vandtank og en slangetilslutning til direkte afl\u00f8b. Desuden kan enheden genstarte automatisk efter str\u00f8msvigt og vende tilbage til de sidste indstillinger, hvilket sikrer kontinuerlig drift og vedligeholdelsesfri brug.  <\/p>\n<h3>B\u00e6redygtig ydeevne og lang garanti<\/h3>\n<p>Wood&#8217;s AD30 er bygget til at holde og forbedre dit indeklima i mange \u00e5r fremover. Ved at registrere din AD30 p\u00e5 <a href=\"https:\/\/warranty-woods.com\/\">warranty.woods.com<\/a> og udskifte filteret \u00e5rligt forl\u00e6nger du garantien fra 2 \u00e5r til 6 \u00e5r. Du modtager ogs\u00e5 smarte p\u00e5mindelser om filterudskiftning, hvilket hj\u00e6lper med at forl\u00e6nge levetiden og opretholde optimal ydeevne.  <\/p>\n<p>V\u00e6lg Wood&#8217;s AD30 for at f\u00e5 et renere, sundere og mere behageligt indeklima &#8211; en l\u00f8sning, der beskytter dit hjem og dit helbred hele \u00e5ret rundt.<\/p>\n<p><iframe loading=\"lazy\" title=\"Instruction video - Wood&#039;s AD30 (English)\" width=\"500\" height=\"281\" src=\"https:\/\/www.youtube.com\/embed\/dxdw8MvpJHw?feature=oembed\" frameborder=\"0\" allow=\"accelerometer; autoplay; clipboard-write; encrypted-media; gyroscope; picture-in-picture; web-share\" referrerpolicy=\"strict-origin-when-cross-origin\" allowfullscreen><\/iframe><\/p>\n","protected":false},"excerpt":{"rendered":"<p>Wood&#8217;s AD30 er den perfekte kombination af affugter og luftrenser, designet til sovev\u00e6relser, stuer og hele lejligheder. Med sin h\u00f8je kapacitet og topudsugning t\u00f8rrer den alle typer vasket\u00f8j hurtigt, effektivt og sk\u00e5nsomt. HEPA-filteret renser luften for 99,98% af alle skadelige partikler, mens AD30 meget stille og effektivt fjerner al overskydende fugt. AD30 er det perfekte valg til at t\u00f8rre vasket\u00f8j og skabe et godt indeklima, hvor du tilbringer meget tid.   <\/p>\n","protected":false},"featured_media":43401,"template":"","meta":{"_acf_changed":false},"product_brand":[],"product_cat":[852,4746],"product_tag":[1514,865,1444,913],"class_list":{"0":"post-48188","1":"product","2":"type-product","3":"status-publish","4":"has-post-thumbnail","6":"product_cat-affugtere","7":"product_cat-opholdsrum","8":"product_tag-lejlighed","9":"product_tag-sovevaerelse","10":"product_tag-stue-da-2","11":"product_tag-stue-da","12":"product_shipping_class-high","13":"splide__slide","15":"first","16":"instock","17":"taxable","18":"shipping-taxable","19":"purchasable","20":"product-type-simple"},"acf":[],"_links":{"self":[{"href":"https:\/\/woods.se\/da\/wp-json\/wp\/v2\/product\/48188","targetHints":{"allow":["GET"]}}],"collection":[{"href":"https:\/\/woods.se\/da\/wp-json\/wp\/v2\/product"}],"about":[{"href":"https:\/\/woods.se\/da\/wp-json\/wp\/v2\/types\/product"}],"wp:featuredmedia":[{"embeddable":true,"href":"https:\/\/woods.se\/da\/wp-json\/wp\/v2\/media\/43401"}],"wp:attachment":[{"href":"https:\/\/woods.se\/da\/wp-json\/wp\/v2\/media?parent=48188"}],"wp:term":[{"taxonomy":"product_brand","embeddable":true,"href":"https:\/\/woods.se\/da\/wp-json\/wp\/v2\/product_brand?post=48188"},{"taxonomy":"product_cat","embeddable":true,"href":"https:\/\/woods.se\/da\/wp-json\/wp\/v2\/product_cat?post=48188"},{"taxonomy":"product_tag","embeddable":true,"href":"https:\/\/woods.se\/da\/wp-json\/wp\/v2\/product_tag?post=48188"}],"curies":[{"name":"wp","href":"https:\/\/api.w.org\/{rel}","templated":true}]}}