{"id":48174,"date":"2025-04-16T08:45:48","date_gmt":"2025-04-16T06:45:48","guid":{"rendered":"https:\/\/stage.woods.se\/?post_type=product&#038;p=48174"},"modified":"2026-04-24T10:02:19","modified_gmt":"2026-04-24T08:02:19","slug":"woods-sw25fb","status":"publish","type":"product","link":"https:\/\/woods.se\/da\/produkter\/affugtere\/kaelder\/woods-sw25fb\/","title":{"rendered":"Wood&#8217;s SW25FB"},"content":{"rendered":"<h2>Wood\u00b4s SW25FB (sort)<\/h2>\n<h3>P\u00e5lidelig affugter til kolde rum<\/h3>\n<p>Fugt, skimmelsvamp og d\u00e5rlig lugt er almindelige i k\u00e6ldre og andre kolde rum, hvilket kan for\u00e5rsage dyre skader, hvis det ikke h\u00e5ndteres i tide. Woods SW25FB er specielt designet til at skabe et t\u00f8rt og behageligt milj\u00f8 i kolde rum og forhindre skimmelsvamp og lugt i at s\u00e6tte sig. Med h\u00f8j affugtningskapacitet (13,5 l) og kraftig luftstr\u00f8m n\u00e5r den ud i alle hj\u00f8rner af rummet, selv i rum med flere dele. Denne affugter eliminerer fugt og u\u00f8nskede lugte, hvilket g\u00f8r det muligt at opbevare tekstiler og andre f\u00f8lsomme ejendele i rummet.   <\/p>\n<h3>Anbefalede anvendelsesomr\u00e5der:<\/h3>\n<p><strong>K\u00e6lderen:<\/strong> H\u00f8j luftcirkulation og effektiv affugtning holder k\u00e6lderen t\u00f8r og fri for skimmelsvamp. Det giver dig mulighed for at bruge k\u00e6lderen som et almindeligt rum eller til opbevaring.<br \/>\n<strong>Garage:<\/strong> Holder fugt ude og beskytter k\u00f8ret\u00f8jer, v\u00e6rkt\u00f8j og andet udstyr hele \u00e5ret rundt.<br \/>\n<strong>Andre kolde rum: <\/strong>P\u00e5lidelig fugtkontrol ned til +2 \u00b0C, hvilket g\u00f8r den ideel til loftsrum, opbevaringsrum og vinteropbevaring af f.eks. puder og tekstiler.<\/p>\n<h3>Vigtige funktioner:<\/h3>\n\n<h3>H\u00f8j kapacitet og luftstr\u00f8m for effektiv cirkulation<\/h3>\n<p>SW25FB har de funktioner, der er n\u00f8dvendige for at fjerne fugt fra kolde og udsatte rum s\u00e5som k\u00e6ldre, garager og lofter. Med en h\u00f8j affugtningskapacitet p\u00e5 op til 13,5 liter om dagen og en kraftig luftstr\u00f8m p\u00e5 350 m\u00b3\/time sikrer SW25FB, at hvert hj\u00f8rne af rummet n\u00e5s, selv n\u00e5r det er opdelt i flere rum. <\/p>\n<h3>Nem betjening og funktion, der kan tilpasses<\/h3>\n<p>Med to ventilatortilstande og en rummelig vandtank p\u00e5 11,4 liter er SW25FB meget nem at h\u00e5ndtere. For minimal vedligeholdelse er det nemt at tilslutte en slange, der kan f\u00f8res direkte til et gulvafl\u00f8b. Det smarte design g\u00f8r det ogs\u00e5 muligt at placere affugteren direkte over et gulvafl\u00f8b. Den er ogs\u00e5 udstyret med autostart, der g\u00f8r det muligt automatisk at vende tilbage til sin sidste indstilling efter et str\u00f8mafbrydelse, s\u00e5 du altid kan v\u00e6re sikker p\u00e5, at den har kontrol over fugtighedsniveauet, s\u00e5 snart str\u00f8mmen er genoprettet. SW25FB overv\u00e5ger fugtighedsniveauet i rummet og t\u00e6nder eller slukker automatisk efter behov.    <\/p>\n<h3>Smart skimmel- og st\u00f8vfilter<\/h3>\n<p>SW25FB er udstyret med Woods SMF-filter, der effektivt fanger st\u00f8v- og skimmelpartikler i luften, beskytter affugteren og forl\u00e6nger dens levetid. Det holder dine rum fri for fugt, skimmel og lugt hele \u00e5ret rundt, hvilket g\u00f8r den til en sikker og langsigtet l\u00f8sning. <\/p>\n<h3>Effektiv hele \u00e5ret rundt, selv ved lave temperaturer<\/h3>\n<p>Takket v\u00e6re den innovative i-EcoDefrost-teknologi kan SW25FB affugte selv ved temperaturer helt ned til +2\u00b0C. Den er bygget til at k\u00f8re kontinuerligt, hvilket g\u00f8r den i stand til at fungere sikkert d\u00f8gnet rundt uden afbrydelser. Dette g\u00f8r den ideel til brug \u00e5ret rundt, uanset vejr eller \u00e5rstid. Den holder dine rum fri for fugt, skimmelsvamp og ubehagelige lugte hele \u00e5ret rundt, hvilket g\u00f8r den til en sikker og langsigtet l\u00f8sning til dit hjem.   <\/p>\n<h3>Bygget til at holde l\u00e6nge<\/h3>\n<p>SW25FB er fremstillet i Sverige med et robust kabinet i rustfrit st\u00e5l og er bygget til at fjerne fugt d\u00f8gnet rundt og holde i mange \u00e5r. Den er designet til p\u00e5lidelig fugtkontrol i k\u00e6ldre, garager og lofter, hvilket hj\u00e6lper med at bevare dine ejendele og forl\u00e6nge dit hjems levetid. <\/p>\n<h3>Lang garanti og holdbar brug<\/h3>\n<p>Ved at registrere SW25FB p\u00e5 <a href=\"https:\/\/warranty-woods.com\">warranty-woods.com og skifte filter hvert \u00e5r f\u00e5r du en af de l\u00e6ngste garantier<\/a> p\u00e5 markedet, hele 6 \u00e5r. Ved at registrere dig modtager du ogs\u00e5 p\u00e5mindelser om filterskift, hvilket ikke kun forl\u00e6nger affugterens levetid, men ogs\u00e5 sikrer, at den altid fungerer med maksimal effektivitet. Glem ikke at gemme kvitteringen, n\u00e5r du k\u00f8ber dine filtre.  <\/p>\n<p>Med Woods SW25FB f\u00e5r du en p\u00e5lidelig, holdbar og energieffektiv l\u00f8sning til at l\u00f8se alle dine fugtighedsproblemer i k\u00e6ldre, garager og andre kolde rum.<\/p>\n","protected":false},"excerpt":{"rendered":"<p>Slip af med fugt, d\u00e5rlig lugt og skimmelsvamp med Wood&#8217;s SW25FB affugter. Den affugter op til 13,5 liter vand om dagen og skaber hurtigt et t\u00f8rt og behageligt milj\u00f8, selv ved lavere temperaturer. Den kraftige luftstr\u00f8m cirkulerer og affugter luften, selvom rummet er opdelt i flere rum, og med dens effektive filter- og slangetilslutning minimeres vedligeholdelsen. Perfekt til mindre k\u00e6ldre, garager og andre fugtige omr\u00e5der. Fremstillet i Sverige med op til 6 \u00e5rs garanti.<br \/>Brugerdefinerede felter    <\/p>\n","protected":false},"featured_media":39355,"template":"","meta":{"_acf_changed":false},"product_brand":[],"product_cat":[852,4741],"product_tag":[911,864,863],"class_list":{"0":"post-48174","1":"product","2":"type-product","3":"status-publish","4":"has-post-thumbnail","6":"product_cat-affugtere","7":"product_cat-kaelder","8":"product_tag-garage-da","9":"product_tag-kaelder","10":"product_tag-loftsrum","11":"splide__slide","13":"first","14":"instock","15":"taxable","16":"shipping-taxable","17":"product-type-simple"},"acf":[],"_links":{"self":[{"href":"https:\/\/woods.se\/da\/wp-json\/wp\/v2\/product\/48174","targetHints":{"allow":["GET"]}}],"collection":[{"href":"https:\/\/woods.se\/da\/wp-json\/wp\/v2\/product"}],"about":[{"href":"https:\/\/woods.se\/da\/wp-json\/wp\/v2\/types\/product"}],"wp:featuredmedia":[{"embeddable":true,"href":"https:\/\/woods.se\/da\/wp-json\/wp\/v2\/media\/39355"}],"wp:attachment":[{"href":"https:\/\/woods.se\/da\/wp-json\/wp\/v2\/media?parent=48174"}],"wp:term":[{"taxonomy":"product_brand","embeddable":true,"href":"https:\/\/woods.se\/da\/wp-json\/wp\/v2\/product_brand?post=48174"},{"taxonomy":"product_cat","embeddable":true,"href":"https:\/\/woods.se\/da\/wp-json\/wp\/v2\/product_cat?post=48174"},{"taxonomy":"product_tag","embeddable":true,"href":"https:\/\/woods.se\/da\/wp-json\/wp\/v2\/product_tag?post=48174"}],"curies":[{"name":"wp","href":"https:\/\/api.w.org\/{rel}","templated":true}]}}