{"id":48169,"date":"2024-12-10T14:09:25","date_gmt":"2024-12-10T13:09:25","guid":{"rendered":"https:\/\/stage.woods.se\/?post_type=product&#038;p=48169"},"modified":"2026-03-05T13:39:15","modified_gmt":"2026-03-05T12:39:15","slug":"woods-sw38fm","status":"publish","type":"product","link":"https:\/\/woods.se\/da\/produkter\/affugtere\/kaelder\/woods-sw38fm\/","title":{"rendered":"Wood&#8217;s SW38FM"},"content":{"rendered":"<h2>Wood&#8217;s SW38FM (metallisk)<\/h2>\n<h3>Kraftig affugter til k\u00e6ldre, garager og lofter<\/h3>\n<p>Fugt, skimmelsvamp og ubehagelige lugte er almindelige problemer i kolde rum som k\u00e6ldre, garager, lofter og opbevaringsrum. Wood&#8217;s SW38FM er designet til effektivt at tackle disse udfordringer og skabe et t\u00f8rt, behageligt milj\u00f8 selv ved temperaturer helt ned til +2\u00b0C. Med sin imponerende affugtningskapacitet p\u00e5 op til 19 liter om dagen og en luftstr\u00f8m, der n\u00e5r ud til alle dele af rummet, er SW38FM den perfekte l\u00f8sning til at beskytte dine ejendele og forhindre fugtrelaterede skader.  <\/p>\n<h3>Anbefalede anvendelsesomr\u00e5der:<\/h3>\n<p><strong>K\u00e6ldre:<\/strong> Kraftig affugtning og h\u00f8j luftgennemstr\u00f8mning holder k\u00e6lderen t\u00f8r og fri for skimmelsvamp, s\u00e5 rummet kan bruges til b\u00e5de opbevaring og daglig brug.<br \/>\n<strong>Garager:<\/strong> Beskytter k\u00f8ret\u00f8jer, v\u00e6rkt\u00f8j og udstyr ved at holde fugt v\u00e6k hele \u00e5ret rundt, selv ved k\u00f8ligere temperaturer.<br \/>\n<strong>Andre kolde rum:<\/strong> SW38FM giver p\u00e5lidelig fugtighedsregulering ned til +2 \u00b0C, perfekt til vinteropbevaring af f\u00f8lsomme genstande i lagerrum eller p\u00e5 lofter.<\/p>\n<h3>Vigtige funktioner<\/h3>\n\n<h3>Kraftfuld i b\u00e5de kapacitet og luftstr\u00f8m<\/h3>\n<p>SW38FM har en kraftig affugtningskapacitet p\u00e5 op til 19 liter pr. dag. Den kraftige luftstr\u00f8m p\u00e5 340 m\u00b3\/t sikrer effektiv cirkulation og affugtning &#8211; selv i rum med flere rum. <\/p>\n<h3>Brugervenlig og tilpasningsdygtig funktion<\/h3>\n<p>SW38FM er udstyret med en rummelig vandtank p\u00e5 11,4 liter, og der er ogs\u00e5 mulighed for at tilslutte en slangetilslutning (medf\u00f8lger ikke) til direkte afl\u00f8b til et afl\u00f8b, hvilket g\u00f8r det lettere at bruge den kontinuerligt. Du kan ogs\u00e5 v\u00e6lge at placere affugteren direkte over et gulvafl\u00f8b. For at give ekstra ro i sindet starter SW38FM automatisk efter str\u00f8msvigt, og enheden vender tilbage til sine sidste indstillinger for at sikre, at fugtighedsreguleringen ikke afbrydes p\u00e5 disse tidspunkter. SW38FM tilpasser sig automatisk luftfugtigheden og aktiveres eller slukkes efter behov.   <\/p>\n<h3>Smart skimmel- og partikelfilter<\/h3>\n<p>SW38FM er udstyret med et Woods SMF-filter, der effektivt indfanger st\u00f8v- og skimmelpartikler i luften og holder dine rum fri for fugt, skimmel og lugt \u00e5ret rundt. Desuden beskytter filteret affugteren og forl\u00e6nger dens levetid, hvilket g\u00f8r den til en sikker og langsigtet l\u00f8sning. <\/p>\n<h3>Effektiv hele \u00e5ret rundt, selv ved lave temperaturer<\/h3>\n<p>Takket v\u00e6re den innovative i-EcoDefrost-teknologi kan SW38FM affugte selv ved lave temperaturer, helt ned til +2\u00b0C. SW38FM er ogs\u00e5 designet til kontinuerlig drift, hvilket betyder, at den kan k\u00f8re sikkert dag og nat. Det g\u00f8r den til det perfekte valg til kolde rum som garager eller k\u00e6ldre, hvor den kan arbejde effektivt hele \u00e5ret rundt og holde dine rum fri for fugt, skimmel og ubehagelige lugte, uanset \u00e5rstid og vejrforhold.  <\/p>\n<h3>Bygget til at holde l\u00e6nge<\/h3>\n<p>SW38FM er fremstillet i Sverige og bygget til at levere langvarig ydelse. Det robuste metalkabinet beskytter mod slitage, og komponenterne af h\u00f8j kvalitet garanterer p\u00e5lidelig fugtstyring og vil beskytte dit hjem d\u00f8gnet rundt i mange \u00e5r fremover. <\/p>\n<h3>Op til 6 \u00e5rs garanti<\/h3>\n<p>Ved at registrere din SW38FM p\u00e5 warranty-woods.com og udskifte filteret \u00e5rligt f\u00e5r du en af de l\u00e6ngste garantier p\u00e5 markedet, op til 6 \u00e5r. N\u00e5r du registrerer dig, kan du ogs\u00e5 v\u00e6lge at modtage p\u00e5mindelser, n\u00e5r det er tid til at udskifte filteret. Udskiftning af filteret forl\u00e6nger affugterens levetid og sikrer, at den altid arbejder med maksimal effektivitet. Glem ikke at gemme alle dine kvitteringer.   <\/p>\n<p>Med Wood&#8217;s SW38FM f\u00e5r du en kraftfuld, p\u00e5lidelig og energieffektiv l\u00f8sning p\u00e5 alle dine fugtproblemer &#8211; fra k\u00e6ldre til garager og andre kolde rum.<\/p>\n<p><iframe loading=\"lazy\" title=\"Instruction video - Wood&#039;s SW38FM (English)\" width=\"500\" height=\"281\" src=\"https:\/\/www.youtube.com\/embed\/9YmREYMr25k?feature=oembed\" frameborder=\"0\" allow=\"accelerometer; autoplay; clipboard-write; encrypted-media; gyroscope; picture-in-picture; web-share\" referrerpolicy=\"strict-origin-when-cross-origin\" allowfullscreen><\/iframe><\/p>\n","protected":false},"excerpt":{"rendered":"<p>F\u00e5 styr p\u00e5 fugt, skimmel og ubehagelige lugte i kolde rum med Wood&#8217;s SW38FM affugter. Den affugter op til 19 liter om dagen og sikrer hurtigt et t\u00f8rt og behageligt milj\u00f8, selv ved lave temperaturer. Takket v\u00e6re dens kraftige kapacitet og luftstr\u00f8m cirkulerer den luften effektivt, selv i rum med flere rum. Med en slangetilslutning er vedligeholdelsen minimal. Ideel til alle typer k\u00e6ldre, garager og andre fugtige rum.     Fremstillet i Sverige med op til 6 \u00e5rs garanti.<\/p>\n","protected":false},"featured_media":38771,"template":"","meta":{"_acf_changed":false},"product_brand":[],"product_cat":[852,4741],"product_tag":[911,864,863],"class_list":{"0":"post-48169","1":"product","2":"type-product","3":"status-publish","4":"has-post-thumbnail","6":"product_cat-affugtere","7":"product_cat-kaelder","8":"product_tag-garage-da","9":"product_tag-kaelder","10":"product_tag-loftsrum","11":"product_shipping_class-high","12":"splide__slide","14":"first","15":"instock","16":"taxable","17":"shipping-taxable","18":"purchasable","19":"product-type-simple"},"acf":[],"_links":{"self":[{"href":"https:\/\/woods.se\/da\/wp-json\/wp\/v2\/product\/48169","targetHints":{"allow":["GET"]}}],"collection":[{"href":"https:\/\/woods.se\/da\/wp-json\/wp\/v2\/product"}],"about":[{"href":"https:\/\/woods.se\/da\/wp-json\/wp\/v2\/types\/product"}],"wp:featuredmedia":[{"embeddable":true,"href":"https:\/\/woods.se\/da\/wp-json\/wp\/v2\/media\/38771"}],"wp:attachment":[{"href":"https:\/\/woods.se\/da\/wp-json\/wp\/v2\/media?parent=48169"}],"wp:term":[{"taxonomy":"product_brand","embeddable":true,"href":"https:\/\/woods.se\/da\/wp-json\/wp\/v2\/product_brand?post=48169"},{"taxonomy":"product_cat","embeddable":true,"href":"https:\/\/woods.se\/da\/wp-json\/wp\/v2\/product_cat?post=48169"},{"taxonomy":"product_tag","embeddable":true,"href":"https:\/\/woods.se\/da\/wp-json\/wp\/v2\/product_tag?post=48169"}],"curies":[{"name":"wp","href":"https:\/\/api.w.org\/{rel}","templated":true}]}}