{"id":48166,"date":"2024-12-10T14:06:39","date_gmt":"2024-12-10T13:06:39","guid":{"rendered":"https:\/\/stage.woods.se\/?post_type=product&#038;p=48166"},"modified":"2026-03-09T08:46:28","modified_gmt":"2026-03-09T07:46:28","slug":"woods-sw20fw","status":"publish","type":"product","link":"https:\/\/woods.se\/da\/produkter\/affugtere\/kaelder\/woods-sw20fw\/","title":{"rendered":"Wood&#8217;s SW20FW"},"content":{"rendered":"<h2>Wood&#8217;s SW20FW (hvid)<\/h2>\n<h3>Kompakt og effektiv affugter til kolde rum<\/h3>\n<p>Fugt og lugt er almindeligt i k\u00e6ldre og andre uopvarmede omr\u00e5der, og det kan f\u00f8re til skimmelsvamp og skader, hvis det ikke behandles. Wood&#8217;s SW20FW er designet til at h\u00e5ndtere disse udfordringer effektivt, selv i koldere omgivelser. Med en affugtningskapacitet p\u00e5 op til 12 liter pr. dag og en luftstr\u00f8m p\u00e5 250 m\u00b3\/t sikrer SW20FW grundig luftcirkulation i rum p\u00e5 op til 80 m\u00b2, selv n\u00e5r de er opdelt i flere rum.  <\/p>\n<h3>Anbefalede anvendelsesomr\u00e5der:<\/h3>\n<p><strong>K\u00e6lder:<\/strong> Holder luften t\u00f8r og forhindrer skimmelv\u00e6kst, perfekt til opbevaring eller daglig brug.<br \/>\n<strong>Garage:<\/strong> Beskytter k\u00f8ret\u00f8jer, v\u00e6rkt\u00f8j og andet udstyr mod fugt hele \u00e5ret rundt.<br \/>\n<strong>Andre kolde rum:<\/strong> P\u00e5lidelig drift ned til +2\u00b0C g\u00f8r den ideel til loftsrum, opbevaringsrum og meget mere.<\/p>\n\n<h3>H\u00f8j kapacitet og luftstr\u00f8m for effektiv cirkulation<\/h3>\n<p>Wood&#8217;s SW20FW er en kompakt, men kraftfuld affugter, der er ideel til kolde og fugtige omr\u00e5der som k\u00e6ldre, garager og opbevaringsrum. Med en affugtningskapacitet p\u00e5 op til 12 liter pr. dag og en luftstr\u00f8m p\u00e5 250 m\u00b3\/t sikrer den effektiv fugtfjernelse og luftcirkulation. Selv i opdelte eller sv\u00e6rt tilg\u00e6ngelige rum hj\u00e6lper SW20FW med at opretholde et konstant t\u00f8rt og behageligt indeklima.  <\/p>\n<h3>Nem betjening og funktion, der kan tilpasses<\/h3>\n<p>SW20FW er designet til brugervenlig betjening med kun \u00e9n knap til at indstille den \u00f8nskede luftfugtighed og en stor vandtank p\u00e5 11,4 liter. For at g\u00f8re det endnu mere bekvemt kan der tilsluttes en slange til kontinuerlig dr\u00e6ning, eller enheden kan placeres direkte over et gulvafl\u00f8b. Den har ogs\u00e5 en automatisk genstartsfunktion, som sikrer, at affugteren vender tilbage til sine tidligere indstillinger efter str\u00f8msvigt. Enheden overv\u00e5ger l\u00f8bende luftfugtigheden i rummet og t\u00e6nder eller slukker automatisk efter behov.   <\/p>\n<h3>Smart skimmel- og st\u00f8vfilter<\/h3>\n<p>SW20FW er udstyret med Woods patenterede SMF og indfanger luftb\u00e5rne partikler som st\u00f8v og skimmelsporer. Det forbedrer ikke kun luftkvaliteten, men beskytter ogs\u00e5 affugterens indvendige komponenter og forl\u00e6nger dens levetid. Filteret sikrer, at dit rum forbliver frisk, rent og fri for skadelige allergener eller muggen lugt, hvilket g\u00f8r det til en sikker l\u00f8sning til fugtkontrol \u00e5ret rundt.  <\/p>\n<h3>Effektiv hele \u00e5ret rundt, selv ved lave temperaturer<\/h3>\n<p>Takket v\u00e6re Woods avancerede i-EcoDefrost-teknologi fungerer SW20FW effektivt selv i koldere omgivelser, ned til +2 \u00b0C. Den er bygget til kontinuerlig drift, hvilket betyder, at den fungerer p\u00e5lideligt 24\/7, uanset \u00e5rstid. Uanset om det er vinteropbevaring i garagen eller opretholdelse af en t\u00f8r k\u00e6lder i det tidlige for\u00e5r, holder SW20FW fugt, skimmel og lugt p\u00e5 afstand hele \u00e5ret rundt.  <\/p>\n<h3>Bygget til at holde l\u00e6nge<\/h3>\n<p>SW20FW er fremstillet i Sverige af holdbare materialer af h\u00f8j kvalitet. Det robuste metalkabinet er designet til lang levetid og kan h\u00e5ndtere kr\u00e6vende forhold i koldere, mere udsatte rum. Uanset om du beskytter opbevarede genstande, v\u00e6rkt\u00f8j eller dit hjems struktur, giver SW20FW en varig og p\u00e5lidelig ydelse.  <\/p>\n<h3>Lang garanti og holdbar brug<\/h3>\n<p>Ved at registrere din SW20FW p\u00e5 <a href=\"https:\/\/warranty-woods.com\">warranty-woods.com<\/a> og udskifte SMF-filteret en gang om \u00e5ret f\u00e5r du en markedsledende garanti p\u00e5 op til 6 \u00e5r. Registreringen sikrer ogs\u00e5, at du f\u00e5r p\u00e5mindelser om filterudskiftning, hvilket hj\u00e6lper dig med at opretholde maksimal ydeevne og forl\u00e6nge enhedens levetid. Glem ikke at gemme dine filterkvitteringer for at aktivere den udvidede garanti.  <\/p>\n<p>Med Wood&#8217;s SW20FW f\u00e5r du en kompakt, p\u00e5lidelig og energieffektiv l\u00f8sning til bek\u00e6mpelse af fugt i k\u00e6ldre, garager og andre kolde eller fugtige milj\u00f8er. Den er designet og fremstillet i Sverige og leverer en kraftig ydelse p\u00e5 et lille areal, perfekt til at opretholde et t\u00f8rt og sundt indeklima hele \u00e5ret rundt. <\/p>\n","protected":false},"excerpt":{"rendered":"<p>Fjern fugt og lugt med den kompakte og effektive SW20FW. Med en affugtningskapacitet p\u00e5 op til 12 liter\/dag og en rummelig vandtank p\u00e5 11,4 liter skaber den et t\u00f8rt og sundt milj\u00f8, selv ved lave temperaturer. Ideel til mindre k\u00e6ldre, garager og opbevaringsrum. Den er nem at bruge, kr\u00e6ver kun lidt vedligeholdelse og er fremstillet i Sverige med en garanti p\u00e5 op til 6 \u00e5r.   <\/p>\n","protected":false},"featured_media":39270,"template":"","meta":{"_acf_changed":false},"product_brand":[],"product_cat":[852,4741],"product_tag":[911,864,863],"class_list":{"0":"post-48166","1":"product","2":"type-product","3":"status-publish","4":"has-post-thumbnail","6":"product_cat-affugtere","7":"product_cat-kaelder","8":"product_tag-garage-da","9":"product_tag-kaelder","10":"product_tag-loftsrum","11":"product_shipping_class-high","12":"splide__slide","14":"first","15":"instock","16":"taxable","17":"shipping-taxable","18":"product-type-simple"},"acf":[],"_links":{"self":[{"href":"https:\/\/woods.se\/da\/wp-json\/wp\/v2\/product\/48166","targetHints":{"allow":["GET"]}}],"collection":[{"href":"https:\/\/woods.se\/da\/wp-json\/wp\/v2\/product"}],"about":[{"href":"https:\/\/woods.se\/da\/wp-json\/wp\/v2\/types\/product"}],"wp:featuredmedia":[{"embeddable":true,"href":"https:\/\/woods.se\/da\/wp-json\/wp\/v2\/media\/39270"}],"wp:attachment":[{"href":"https:\/\/woods.se\/da\/wp-json\/wp\/v2\/media?parent=48166"}],"wp:term":[{"taxonomy":"product_brand","embeddable":true,"href":"https:\/\/woods.se\/da\/wp-json\/wp\/v2\/product_brand?post=48166"},{"taxonomy":"product_cat","embeddable":true,"href":"https:\/\/woods.se\/da\/wp-json\/wp\/v2\/product_cat?post=48166"},{"taxonomy":"product_tag","embeddable":true,"href":"https:\/\/woods.se\/da\/wp-json\/wp\/v2\/product_tag?post=48166"}],"curies":[{"name":"wp","href":"https:\/\/api.w.org\/{rel}","templated":true}]}}