{"id":48164,"date":"2024-12-10T14:00:30","date_gmt":"2024-12-10T13:00:30","guid":{"rendered":"https:\/\/stage.woods.se\/?post_type=product&#038;p=48164"},"modified":"2026-03-05T14:14:15","modified_gmt":"2026-03-05T13:14:15","slug":"woods-wld1","status":"publish","type":"product","link":"https:\/\/woods.se\/da\/produkter\/affugtere\/woods-wld1\/","title":{"rendered":"Wood&#8217;s WLD1"},"content":{"rendered":"<h2>Wood&#8217;s WLD1<\/h2>\n<h3>Fremtidens energieffektive affugter til t\u00f8rrerum er her.<\/h3>\n<p>Det er dyrt at t\u00f8rre vasket\u00f8j p\u00e5 kort tid, da det ofte kr\u00e6ver tilf\u00f8rsel af varme, som bruger meget energi. Dette er is\u00e6r m\u00e6rkbart i lejlighedskomplekser, hvor vaskerummet bruges en stor del af dagen. <\/p>\n<p>Wood&#8217;s WLD1-affugter til t\u00f8rrerum er specielt designet til ejendomsejere, der \u00f8nsker at reducere energiomkostningerne uden at g\u00e5 p\u00e5 kompromis med t\u00f8rretiden. Den er installeret, s\u00e5 den kraftige ventilator forsigtigt bl\u00e6ser vasket\u00f8jet t\u00f8rt nedefra, hvor det er v\u00e5dest. Det energieffektive og milj\u00f8venlige k\u00f8lemiddel (R290) g\u00f8r ogs\u00e5 affugtningskapaciteten s\u00e5 h\u00f8j, at der er brug for mindre varme end i mange andre l\u00f8sninger. WLD1 er op til 8,5 gange mere energieffektiv end affugtere til t\u00f8rrerum med ekstra opvarmning. Det g\u00f8r Wood&#8217;s WLD1 til det oplagte valg for alle ejendomsejere, der \u00f8nsker at reducere omkostningerne og lettere n\u00e5 deres b\u00e6redygtighedsm\u00e5l ved l\u00f8bende at reducere m\u00e6ngden af indk\u00f8bt energi.    <\/p>\n<h3>Beregningseksempel &#8211; hvor meget du kan spare<\/h3>\n<p>Str\u00f8m p\u00e5 nuv\u00e6rende t\u00f8rresystem 6 kW minus WLD1 0,7 kW: 5,3 kWh<br \/>\nAnsl\u00e5et driftstid pr. dag 10 timer: 53 kWh<br \/>\n53 kWh x 30 dage: 1 590 kWh\/m\u00e5ned<br \/>\n1 590 kWh x 12 m\u00e5neder: 19 080 kWh<\/p>\n<p><strong>Ansl\u00e5et besparelse i energi:<\/strong><br \/>\n1 590 kWh\/m\u00e5ned: 19 080 kWh\/\u00e5r<\/p>\n<p><strong>Ansl\u00e5et besparelse i penge:<\/strong><br \/>\nElpris 0,1\/kWh, besparelse: 1 908 \u20ac\/\u00e5r<br \/>\nElpris 0,15\/kWh, besparelse: 2 862 \u20ac\/\u00e5r<br \/>\nElpris 0,25\/KWh, besparelse: 4 770 \u20ac\/\u00e5r<br \/>\nElpris 0,35\/KWh, besparelse: 6 678 \u20ac\/\u00e5r<\/p>\n<h3>Anbefalede anvendelsesomr\u00e5der:<\/h3>\n<p><strong>T\u00f8rrerum i bygninger:<\/strong> WLD1 er et p\u00e5lideligt og effektivt valg til st\u00f8rre bygninger, is\u00e6r i lejlighedskomplekser, hvor t\u00f8rrerum bruges hyppigt. Ved at installere WLD1 sikrer du en hurtig og j\u00e6vn t\u00f8rringsproces, der reducerer risikoen for kondens, fugtskader og ubehagelige lugte &#8211; hvilket igen forl\u00e6nger bygningens levetid.<br \/>\n<strong>Fitnesscentre og lignende lokaler:<\/strong> I milj\u00f8er, hvor luftfugtigheden ofte er h\u00f8j, f.eks. i fitnesscentre, tr\u00e6ningsfaciliteter eller andre store lokaler, er WLD1 en meget effektiv l\u00f8sning. Den holder luften frisk og t\u00f8r og skaber et mere behageligt og hygiejnisk milj\u00f8 for b\u00e5de bes\u00f8gende og udstyr. <\/p>\n<h3>H\u00f8j kapacitet og luftstr\u00f8m for effektiv cirkulation<\/h3>\n<p>Med en affugtningskapacitet p\u00e5 op til 48 liter pr. dag og en luftstr\u00f8m p\u00e5 op til 800 m\u00b3\/t h\u00e5ndterer WLD1 effektivt store m\u00e6ngder vasket\u00f8j og fugt. At bl\u00e6se vasket\u00f8jet t\u00f8rt med en affugter er ikke kun meget energieffektivt, men ogs\u00e5 sk\u00e5nsomt for t\u00f8jet. Den kraftige ventilator har fire justerbare hastigheder og t\u00f8rrer t\u00f8jet nedefra, hvor det er v\u00e5dest. Hvis vasket\u00f8jet er h\u00e6ngt korrekt op, t\u00f8rrer det ogs\u00e5 hurtigere. V\u00e5dt, tungt t\u00f8j, som f.eks. jeans, h\u00e6nges t\u00e6ttest p\u00e5 affugteren, og mindre, tyndere t\u00f8j h\u00e6nges l\u00e6ngst v\u00e6k. Hvis vasket\u00f8jet h\u00e6nges op p\u00e5 dobbelte t\u00f8rresnore, vil det t\u00f8rre endnu hurtigere.     <\/p>\n<h3>Effektiv hele \u00e5ret rundt, selv ved lave temperaturer<\/h3>\n<p>Wood&#8217;s WLD1 er bygget til at arbejde effektivt selv ved lave temperaturer med et arbejdsomr\u00e5de fra +2 \u00b0C til +35 \u00b0C. Den milj\u00f8venlige k\u00f8legas R290 bidrager til affugtningskapaciteten uden behov for varmeforsyning, hvilket reducerer energiforbruget i forhold til traditionelle l\u00f8sninger. Da varm luft fremskynder t\u00f8rretiden og transporterer mere fugt, anbefales det, at bygningens varmesystem tilsluttes rummet.  <\/p>\n<h3>Smart installation giver bedre resultater<\/h3>\n<p>WLD1 installeres, s\u00e5 luftudtaget er rettet mod t\u00f8rresnorene og vasket\u00f8jet. For at opn\u00e5 de bedste t\u00f8rreresultater skal det medf\u00f8lgende v\u00e6gbeslag monteres t\u00e6t p\u00e5 t\u00f8rresnorene. Den leveres ogs\u00e5 med et aftageligt displayd\u00e6ksel, s\u00e5 du kan v\u00e6lge, om beboerne skal kunne \u00e6ndre indstillingerne, eller om t\u00f8rringen skal ske ved hj\u00e6lp af forudindstillede indstillinger fra ejendommens ejer. WLD1 leveres uden stik og skal installeres af en kvalificeret elektriker. For at f\u00e5 den nemmest mulige brug er det bedst at tilslutte den til en timer, der styrer t\u00f8rretidens l\u00e6ngde.    <\/p>\n<h3>Bygget til at holde l\u00e6nge<\/h3>\n<p>WLD1 er fremstillet i Sverige med et holdbart metalhus og slidst\u00e6rke komponenter og er designet til en lang levetid og minimal vedligeholdelse. Det reng\u00f8ringsvenlige nylonfilter beskytter affugteren ved at opfange st\u00f8v og partikler fra vasket\u00f8jet, og det medf\u00f8lgende SMF-filter af h\u00f8j kvalitet beskytter maskinen mod mindre partikler og skimmel, hvilket sikrer optimal ydeevne over tid. <\/p>\n<h3>Lang garanti og nem, b\u00e6redygtig brug<\/h3>\n<p>Wood&#8217;s WLD1 leveres med op til 6 \u00e5rs garanti, forudsat at filteret udskiftes en gang om \u00e5ret, og at enheden er registreret p\u00e5 warranty-woods.com. Ved at registrere dig f\u00e5r du ogs\u00e5 p\u00e5mindelser, n\u00e5r det er tid til at udskifte filteret, hvilket letter vedligeholdelsen og sikrer, at maskinen fungerer optimalt. <\/p>\n<h3>En langsigtet og effektiv l\u00f8sning til t\u00f8rring af rum og ejendomme<\/h3>\n<p>Ved at bruge WLD1 f\u00e5r du en affugter, der ikke kun s\u00e6nker energiomkostningerne, men ogs\u00e5 g\u00f8r t\u00f8rreprocessen mere sk\u00e5nsom for b\u00e5de vasket\u00f8jet og bygningens struktur. WLD1 er nem at installere og bruge og er et naturligt valg for ejendomsejere, der str\u00e6ber efter energieffektivitet og en b\u00e6redygtig fremtid. <\/p>\n","protected":false},"excerpt":{"rendered":"<p>Wood&#8217;s smarte t\u00f8rrerumsaffugter WLD1 er specielt udviklet til ejendomsejere, der \u00f8nsker at reducere energiomkostningerne betydeligt uden at g\u00e5 p\u00e5 kompromis med t\u00f8rretiden. Med en kraftig ventilator og h\u00f8j affugtningskapacitet t\u00f8rrer WLD1 vasket\u00f8jet uden ekstra opvarmning, hvilket reducerer energiomkostningerne og hj\u00e6lper med at opfylde b\u00e6redygtighedsm\u00e5lene. Takket v\u00e6re den enkle installation og de holdbare materialer er WLD1 en langsigtet og p\u00e5lidelig l\u00f8sning til alle t\u00f8rrerum. Fremstillet i Sverige med op til 6 \u00e5rs garanti.   <\/p>\n","protected":false},"featured_media":44458,"template":"","meta":{"_acf_changed":false},"product_brand":[],"product_cat":[852,4747,855],"product_tag":[3749,3810,3809],"class_list":{"0":"post-48164","1":"product","2":"type-product","3":"status-publish","4":"has-post-thumbnail","6":"product_cat-affugtere","7":"product_cat-professionelle","8":"product_cat-professional-da","9":"product_tag-ejendomsindustrien","10":"product_tag-store-torrerum","11":"product_tag-torrerum","12":"splide__slide","14":"first","15":"instock","16":"taxable","17":"shipping-taxable","18":"purchasable","19":"product-type-simple"},"acf":[],"_links":{"self":[{"href":"https:\/\/woods.se\/da\/wp-json\/wp\/v2\/product\/48164","targetHints":{"allow":["GET"]}}],"collection":[{"href":"https:\/\/woods.se\/da\/wp-json\/wp\/v2\/product"}],"about":[{"href":"https:\/\/woods.se\/da\/wp-json\/wp\/v2\/types\/product"}],"wp:featuredmedia":[{"embeddable":true,"href":"https:\/\/woods.se\/da\/wp-json\/wp\/v2\/media\/44458"}],"wp:attachment":[{"href":"https:\/\/woods.se\/da\/wp-json\/wp\/v2\/media?parent=48164"}],"wp:term":[{"taxonomy":"product_brand","embeddable":true,"href":"https:\/\/woods.se\/da\/wp-json\/wp\/v2\/product_brand?post=48164"},{"taxonomy":"product_cat","embeddable":true,"href":"https:\/\/woods.se\/da\/wp-json\/wp\/v2\/product_cat?post=48164"},{"taxonomy":"product_tag","embeddable":true,"href":"https:\/\/woods.se\/da\/wp-json\/wp\/v2\/product_tag?post=48164"}],"curies":[{"name":"wp","href":"https:\/\/api.w.org\/{rel}","templated":true}]}}