{"id":48159,"date":"2024-12-10T13:59:42","date_gmt":"2024-12-10T12:59:42","guid":{"rendered":"https:\/\/stage.woods.se\/?post_type=product&#038;p=48159"},"modified":"2026-03-05T14:29:05","modified_gmt":"2026-03-05T13:29:05","slug":"woods-wdd80","status":"publish","type":"product","link":"https:\/\/woods.se\/da\/produkter\/affugtere\/kolde-rum\/woods-wdd80\/","title":{"rendered":"Wood&#8217;s WDD80"},"content":{"rendered":"<h2>Wood&#8217;s WDD80<\/h2>\n<h3>Den optimale l\u00f8sning til kolde rum<\/h3>\n<p>Wood&#8217;s WDD80 er en kompakt og praktisk sorptionsaffugter, der er ideel til kolde og fugtige rum som f.eks. sommerhuse, b\u00e5de og campingvogne. Da sorptionsteknologien ikke er afh\u00e6ngig af rumtemperaturen, fungerer WDD80 lige s\u00e5 effektivt ned til 0 \u00b0C, hvilket g\u00f8r den ideel til rum, hvor andre affugtere kan miste deres effektivitet. <\/p>\n<h3>Vigtige funktioner:<\/h3>\n\n<h3>S\u00e5dan fungerer en sorptionsaffugter<\/h3>\n<p>En sorptionsaffugter indfanger fugt fra luften ved hj\u00e6lp af en roterende rotor fyldt med absorberende materiale, hvor fugten fanges. Fugten transporteres derefter til en separat del af affugteren, hvor et indbygget varmeelement opvarmer det absorberende materiale. Varmen f\u00e5r fugten til at blive frigivet fra rotoren og bl\u00e6st videre til en kondensator. I kondensatoren omdannes den fugtige luft til flydende vand, som enten opsamles i en indbygget vandtank eller ledes v\u00e6k via en slange.   <\/p>\n<p>Denne proces har en positiv bivirkning: Da der bruges varme til at frig\u00f8re fugten, hj\u00e6lper desorptionsaffugteren med at h\u00e6ve temperaturen i rummet en smule. Det g\u00f8r den s\u00e6rligt velegnet til kolde rum som f.eks. sommerhuse, b\u00e5de og campingvogne, hvor b\u00e5de affugtning og en lille temperaturstigning kan v\u00e6re \u00f8nskelig. <\/p>\n<h3>Effektiv og brugervenlig<\/h3>\n<p>Med WDD80 f\u00e5r du en kraftig luftstr\u00f8m og tre forskellige bl\u00e6serhastigheder, hvilket giver fleksibel affugtning afh\u00e6ngigt af dine behov. Enheden er ogs\u00e5 meget st\u00f8jsvag, hvilket g\u00f8r den ideel til mindre rum, hvor du gerne vil undg\u00e5 forstyrrende st\u00f8j. <\/p>\n<h3>Milj\u00f8venlig og sikker<\/h3>\n<p>WDD80 er udstyret med et vaskbart st\u00f8vfilter, som g\u00f8r den nem at vedligeholde. Den er ogs\u00e5 udstyret med en slangetilslutning til kontinuerlig dr\u00e6ning, hvilket reducerer behovet for at t\u00f8mme vandtanken manuelt. Aktiv\u00e9r den indbyggede ionisering for at rense luften samtidig, en ekstra funktion, der giver et friskere og sundere indeklima.  <\/p>\n<h3>Glat og fleksibel<\/h3>\n<p>Wood&#8217;s WDD80 har et kompakt design og et lavt st\u00f8jniveau, hvilket g\u00f8r den nem at placere i sm\u00e5 rum, selv om det er koldt. Uanset om du vil beskytte din b\u00e5d mod fugtskader om vinteren eller holde dit sommerhus t\u00f8rt i kolde perioder, giver WDD80 p\u00e5lidelig affugtning hele \u00e5ret rundt. <\/p>\n<h3>Forl\u00e6ng din garanti<\/h3>\n<p>Ved at registrere din WDD80 p\u00e5 <a href=\"https:\/\/warranty-woods.com\/\">warranty-woods.com<\/a> kan du forl\u00e6nge garantien fra 2 til 3 \u00e5r.<\/p>\n<p><iframe loading=\"lazy\" title=\"Instruction video - Wood&#039;s WDD80 (English)\" width=\"500\" height=\"281\" src=\"https:\/\/www.youtube.com\/embed\/UUMm0sq5di4?feature=oembed\" frameborder=\"0\" allow=\"accelerometer; autoplay; clipboard-write; encrypted-media; gyroscope; picture-in-picture; web-share\" referrerpolicy=\"strict-origin-when-cross-origin\" allowfullscreen><\/iframe><\/p>\n","protected":false},"excerpt":{"rendered":"<p>Wood&#8217;s WDD80 er en kompakt sorptionsaffugter, der fungerer ned til 0 \u00b0C, perfekt til kolde rum som sommerhuse, b\u00e5de og campingvogne. Med tre bl\u00e6serhastigheder, st\u00f8jsvag drift og kontinuerlig dr\u00e6ning er den b\u00e5de praktisk og effektiv. Den indbyggede ionisering renser luften, mens den fjerner fugt, hvilket giver et friskere og sundere indeklima.  <\/p>\n","protected":false},"featured_media":43563,"template":"","meta":{"_acf_changed":false},"product_brand":[],"product_cat":[852,4743],"product_tag":[902,2198,904,918,920],"class_list":{"0":"post-48159","1":"product","2":"type-product","3":"status-publish","4":"has-post-thumbnail","6":"product_cat-affugtere","7":"product_cat-kolde-rum","8":"product_tag-bad","9":"product_tag-campingvogne","10":"product_tag-kolde-rum","11":"product_tag-sommerhus","12":"product_tag-wifi-da","13":"product_shipping_class-high","14":"splide__slide","16":"first","17":"instock","18":"taxable","19":"shipping-taxable","20":"purchasable","21":"product-type-simple"},"acf":[],"_links":{"self":[{"href":"https:\/\/woods.se\/da\/wp-json\/wp\/v2\/product\/48159","targetHints":{"allow":["GET"]}}],"collection":[{"href":"https:\/\/woods.se\/da\/wp-json\/wp\/v2\/product"}],"about":[{"href":"https:\/\/woods.se\/da\/wp-json\/wp\/v2\/types\/product"}],"wp:featuredmedia":[{"embeddable":true,"href":"https:\/\/woods.se\/da\/wp-json\/wp\/v2\/media\/43563"}],"wp:attachment":[{"href":"https:\/\/woods.se\/da\/wp-json\/wp\/v2\/media?parent=48159"}],"wp:term":[{"taxonomy":"product_brand","embeddable":true,"href":"https:\/\/woods.se\/da\/wp-json\/wp\/v2\/product_brand?post=48159"},{"taxonomy":"product_cat","embeddable":true,"href":"https:\/\/woods.se\/da\/wp-json\/wp\/v2\/product_cat?post=48159"},{"taxonomy":"product_tag","embeddable":true,"href":"https:\/\/woods.se\/da\/wp-json\/wp\/v2\/product_tag?post=48159"}],"curies":[{"name":"wp","href":"https:\/\/api.w.org\/{rel}","templated":true}]}}