{"id":48155,"date":"2024-12-10T13:59:08","date_gmt":"2024-12-10T12:59:08","guid":{"rendered":"https:\/\/stage.woods.se\/?post_type=product&#038;p=48155"},"modified":"2026-03-05T14:40:01","modified_gmt":"2026-03-05T13:40:01","slug":"woods-wcd8hgh-pro","status":"publish","type":"product","link":"https:\/\/woods.se\/da\/produkter\/affugtere\/woods-wcd8hgh-pro\/","title":{"rendered":"Wood&#8217;s WCD8HGH Pro"},"content":{"rendered":"<h2>Wood&#8217;s WCD8HGH PRO<\/h2>\n<h3>Kraftig affugter med varmelegeme til lagerbygninger, industrianl\u00e6g og andre store lokaler<\/h3>\n<p>Wood&#8217;s WCD8HGH Pro er en professionel affugter i industrikvalitet, der er designet til at give p\u00e5lidelig fugtkontrol i meget store rum som f.eks. lagerbygninger, industrianl\u00e6g og andre store bygninger. Med en kapacitet p\u00e5 op til 49 liter pr. dag og en luftstr\u00f8m p\u00e5 300 m\u00b3\/t sikrer den effektiv cirkulation og affugtning selv i kr\u00e6vende milj\u00f8er.<br \/>\nEn unik fordel er det indbyggede varmelegeme, som \u00f8ger affugtningseffektiviteten yderligere, da varm luft kan b\u00e6re mere fugt. Det g\u00f8r, at WCD8HGH Pro kan arbejde hurtigere og mere effektivt, selv i kolde og fugtige lokaler.  <\/p>\n<h3>Anbefalede anvendelsesomr\u00e5der:<\/h3>\n<p><strong>Lagerbygninger og industrianl\u00e6g:<\/strong> Kontinuerlig fugtighedskontrol i store lokaler, hvor stabil og p\u00e5lidelig drift er afg\u00f8rende.<br \/>\n<strong>Kirker og produktionsomr\u00e5der:<\/strong> Beskytter bygninger, maskiner og udstyr mod fugtskader.<br \/>\n<strong>Store, kolde lokaler:<\/strong> Takket v\u00e6re varmelegemet og i-EcoDefrost fungerer den hele \u00e5ret rundt, selv ved temperaturer helt ned til +2 \u00b0C.<\/p>\n<h3>Effektiv \u00e5ret rundt med smart afrimning<\/h3>\n<p>Med Woods egenudviklede i-EcoDefrost-system tilpasser WCD8HGH Pro sig automatisk til temperatur og luftfugtighed, hvilket giver energieffektiv og stabil drift fra +2 \u00b0C til +35 \u00b0C (og op til +40 \u00b0C ved intermitterende drift).<\/p>\n<h3>Robust konstruktion til kontinuerlig drift<\/h3>\n<p>WCD8HGH Pro er bygget til at modst\u00e5 barske forhold med et forst\u00e6rket chassis, kraftige hjul og et h\u00e5ndtag, der kan klappes op. Den kan k\u00f8re d\u00f8gnet rundt uden at g\u00e5 p\u00e5 kompromis med ydeevnen, hvilket g\u00f8r den ideel til langvarig brug i aggressive milj\u00f8er. <\/p>\n<h3>Svenskproduceret med fokus p\u00e5 b\u00e6redygtighed<\/h3>\n<p>Fremstillet i Sverige med komponenter af h\u00f8j kvalitet og uovertruffen p\u00e5lidelighed. WCD8HGH Pro bruger milj\u00f8venligt k\u00f8lemiddel (R-290) og har et vaskbart filter, hvilket g\u00f8r den b\u00e5de energieffektiv og langtidsholdbar. <\/p>\n","protected":false},"excerpt":{"rendered":"<p>Wood&#8217;s WCD8HGH Pro er en af markedets mest kraftfulde og effektive affugtere til store lokaler som f.eks. lagerbygninger, industrianl\u00e6g og kirker. Med en kapacitet p\u00e5 49 liter\/dag, indbygget varmelegeme og energieffektivt afrimningssystem leverer den stabil fugtighedskontrol selv ved lave temperaturer. Robust konstruktion, stabelbart design og nem transport g\u00f8r den til et p\u00e5lideligt valg til kr\u00e6vende milj\u00f8er, hvor kontinuerlig affugtning er afg\u00f8rende.  <\/p>\n","protected":false},"featured_media":44206,"template":"","meta":{"_acf_changed":false},"product_brand":[],"product_cat":[852,855,4747],"product_tag":[3770,919,3771],"class_list":{"0":"post-48155","1":"product","2":"type-product","3":"status-publish","4":"has-post-thumbnail","6":"product_cat-affugtere","7":"product_cat-professional-da","8":"product_cat-professionelle","9":"product_tag-industrielle-faciliteter","10":"product_tag-lager","11":"product_tag-store-lokaler","12":"product_shipping_class-very-high","13":"splide__slide","15":"first","16":"instock","17":"taxable","18":"shipping-taxable","19":"purchasable","20":"product-type-simple"},"acf":[],"_links":{"self":[{"href":"https:\/\/woods.se\/da\/wp-json\/wp\/v2\/product\/48155","targetHints":{"allow":["GET"]}}],"collection":[{"href":"https:\/\/woods.se\/da\/wp-json\/wp\/v2\/product"}],"about":[{"href":"https:\/\/woods.se\/da\/wp-json\/wp\/v2\/types\/product"}],"wp:featuredmedia":[{"embeddable":true,"href":"https:\/\/woods.se\/da\/wp-json\/wp\/v2\/media\/44206"}],"wp:attachment":[{"href":"https:\/\/woods.se\/da\/wp-json\/wp\/v2\/media?parent=48155"}],"wp:term":[{"taxonomy":"product_brand","embeddable":true,"href":"https:\/\/woods.se\/da\/wp-json\/wp\/v2\/product_brand?post=48155"},{"taxonomy":"product_cat","embeddable":true,"href":"https:\/\/woods.se\/da\/wp-json\/wp\/v2\/product_cat?post=48155"},{"taxonomy":"product_tag","embeddable":true,"href":"https:\/\/woods.se\/da\/wp-json\/wp\/v2\/product_tag?post=48155"}],"curies":[{"name":"wp","href":"https:\/\/api.w.org\/{rel}","templated":true}]}}