{"id":48152,"date":"2024-12-10T13:56:44","date_gmt":"2024-12-10T12:56:44","guid":{"rendered":"https:\/\/stage.woods.se\/?post_type=product&#038;p=48152"},"modified":"2026-03-05T14:48:55","modified_gmt":"2026-03-05T13:48:55","slug":"woods-wcd4pro","status":"publish","type":"product","link":"https:\/\/woods.se\/da\/produkter\/affugtere\/woods-wcd4pro\/","title":{"rendered":"Wood&#8217;s WCD4Pro"},"content":{"rendered":"<h2>Wood&#8217;s WCD4PRO<\/h2>\n<h3>En af markedets mest effektive professionelle affugtere<\/h3>\n<p>Wood&#8217;s WCD4Pro er en kraftfuld og p\u00e5lidelig professionel affugter, der er designet til at opfylde de h\u00e5rdeste krav inden for byggeri, sanering og udlejning. Den leverer meget h\u00f8j kapacitet, selv i kolde og fugtige milj\u00f8er, takket v\u00e6re et driftsomr\u00e5de fra +2 \u00b0C til +35 \u00b0C og Woods intelligente afrimningssystem, i-EcoDefrost. Det g\u00f8r affugtningen b\u00e5de effektiv og energibesparende.  <\/p>\n<p>Den robuste konstruktion med forst\u00e6rket chassis, stabelbart design, store hjul og sammenklappeligt h\u00e5ndtag g\u00f8r WCD4Pro nem at transportere og bruge i kr\u00e6vende milj\u00f8er. Udstyret med en driftstimet\u00e6ller er den ogs\u00e5 ideel til udlejnings- og restaureringsfirmaer, der har brug for at dokumentere brug og ydeevne. <\/p>\n<h3>Anbefalede anvendelsesomr\u00e5der:<\/h3>\n<p><strong>Bygge- og ejendomsbranchen:<\/strong> Fremskynder t\u00f8rretiden og giver sikker affugtning i store rum.<br \/>\n<strong>Restaurering af vandskader:<\/strong> Effektiv, sikker og hurtig affugtning til h\u00e5ndtering af akutte fugtskader.<br \/>\n<strong>Udlejningsfirmaer:<\/strong> Med en driftstimet\u00e6ller og et robust design er den perfekt til udlejning, hvor holdbarhed og p\u00e5lidelighed er afg\u00f8rende.<\/p>\n<p>Wood&#8217;s WCD4Pro bruger milj\u00f8venligt og energieffektivt k\u00f8lemiddel (R-290) og er udstyret med et vaskbart filter, der giver lang levetid og sikker drift. Den er udviklet og fremstillet i Sverige, hvilket garanterer h\u00f8j kvalitet og driftssikkerhed i alle detaljer. <\/p>\n<p>Uanset om du har brug for hurtigt at t\u00f8rre en byggeplads, h\u00e5ndtere vandskader eller udleje professionelt udstyr, er WCD4Pro et af de bedste valg p\u00e5 markedet.<\/p>\n","protected":false},"excerpt":{"rendered":"<p>Wood&#8217;s WCD4Pro er en af de mest effektive professionelle affugtere p\u00e5 markedet. Den er specielt designet til byggepladser, renoveringsarbejde og udlejning, hvor p\u00e5lidelig og effektiv fugtkontrol er afg\u00f8rende. Med en kapacitet p\u00e5 41 liter\/dag, robust konstruktion, stabelbart design og driftstimet\u00e6ller er WCD4Pro en optimal l\u00f8sning til store rum og barske milj\u00f8er.  <\/p>\n","protected":false},"featured_media":44171,"template":"","meta":{"_acf_changed":false},"product_brand":[],"product_cat":[852,4747,855],"product_tag":[3750,3749,3747,3748],"class_list":{"0":"post-48152","1":"product","2":"type-product","3":"status-publish","4":"has-post-thumbnail","6":"product_cat-affugtere","7":"product_cat-professionelle","8":"product_cat-professional-da","9":"product_tag-afhjaelpning","10":"product_tag-ejendomsindustrien","11":"product_tag-konstruktion","12":"product_tag-udlejning","13":"product_shipping_class-sweden-very-high","14":"splide__slide","16":"first","17":"instock","18":"taxable","19":"shipping-taxable","20":"purchasable","21":"product-type-simple"},"acf":[],"_links":{"self":[{"href":"https:\/\/woods.se\/da\/wp-json\/wp\/v2\/product\/48152","targetHints":{"allow":["GET"]}}],"collection":[{"href":"https:\/\/woods.se\/da\/wp-json\/wp\/v2\/product"}],"about":[{"href":"https:\/\/woods.se\/da\/wp-json\/wp\/v2\/types\/product"}],"wp:featuredmedia":[{"embeddable":true,"href":"https:\/\/woods.se\/da\/wp-json\/wp\/v2\/media\/44171"}],"wp:attachment":[{"href":"https:\/\/woods.se\/da\/wp-json\/wp\/v2\/media?parent=48152"}],"wp:term":[{"taxonomy":"product_brand","embeddable":true,"href":"https:\/\/woods.se\/da\/wp-json\/wp\/v2\/product_brand?post=48152"},{"taxonomy":"product_cat","embeddable":true,"href":"https:\/\/woods.se\/da\/wp-json\/wp\/v2\/product_cat?post=48152"},{"taxonomy":"product_tag","embeddable":true,"href":"https:\/\/woods.se\/da\/wp-json\/wp\/v2\/product_tag?post=48152"}],"curies":[{"name":"wp","href":"https:\/\/api.w.org\/{rel}","templated":true}]}}