{"id":48151,"date":"2024-12-10T13:56:01","date_gmt":"2024-12-10T12:56:01","guid":{"rendered":"https:\/\/stage.woods.se\/?post_type=product&#038;p=48151"},"modified":"2026-03-05T14:53:51","modified_gmt":"2026-03-05T13:53:51","slug":"woods-wcd3pro","status":"publish","type":"product","link":"https:\/\/woods.se\/da\/produkter\/affugtere\/woods-wcd3pro\/","title":{"rendered":"Wood&#8217;s WCD3PRO"},"content":{"rendered":"<h2>Wood&#8217;s WCD3PRO<\/h2>\n<h3>Kraftig affugter til byggeri, restaurering og udlejning<\/h3>\n<p>Wood&#8217;s WCD3Pro er en p\u00e5lidelig og kraftfuld affugter, der er designet til at h\u00e5ndtere de h\u00e5rdeste udfordringer inden for byggeri, renovering og udlejning. Den er designet til at levere h\u00f8j ydeevne selv i kolde og fugtige milj\u00f8er med en driftskapacitet fra +2 \u00b0C op til +35 \u00b0C. Dette muligg\u00f8res af Woods egenudviklede intelligente afrimningssystem, i-EcoDefrost, som ogs\u00e5 g\u00f8r affugtningen mere energieffektiv.  <\/p>\n<p>Med sit forst\u00e6rkede chassis, stabelbare design, robuste hjul og sammenklappelige h\u00e5ndtag er WCD3Pro nem at transportere og h\u00e5ndtere p\u00e5 forskellige arbejdssteder. Den er udstyret med en driftstimet\u00e6ller, hvilket g\u00f8r den ideel til udlejningsfirmaer og restaureringsvirksomheder, der har brug for at overv\u00e5ge brug og effektivitet. <\/p>\n<h3>Anbefalede anvendelsesomr\u00e5der:<\/h3>\n<p><strong>Bygge- og ejendomsbranchen: <\/strong>Fremskynder t\u00f8rretiden for materialer og er ideel til sikker affugtning i store rum, der kr\u00e6ver p\u00e5lidelig og effektiv fjernelse af fugt.<br \/>\n<strong>Restaurering af vandskader:<\/strong> WCD3Pro er den ideelle l\u00f8sning til sikkert, hurtigt og effektivt saneringsarbejde.<br \/>\n<strong>Udlejningsfirmaer:<\/strong> Med sin driftstimet\u00e6ller og sit robuste design er den perfekt til udlejningsform\u00e5l, hvor holdbarhed og ydeevne er afg\u00f8rende.<\/p>\n<p>Wood&#8217;s WCD3Pro bruger energieffektivt og milj\u00f8venligt k\u00f8lemiddel (R-290) og er udstyret med et vaskbart filter, der giver lang levetid og meget sikker drift. Maskinen er udviklet og fremstillet i Sverige, hvilket garanterer h\u00f8j kvalitet og driftssikkerhed. <\/p>\n<p>Uanset om du har brug for hurtigt at t\u00f8rre en byggeplads, afhj\u00e6lpe vandskader eller udleje professionelt udstyr, er WCD3Pro det oplagte valg.<\/p>\n","protected":false},"excerpt":{"rendered":"<p>Wood&#8217;s WCD3Pro er en kraftig professionel affugter til byggepladser, vandskadesanering og udlejning. Den affugter effektivt selv ved lave temperaturer (ned til +2 \u00b0C) og kombinerer h\u00f8j affugtningskapacitet, robust konstruktion og energieffektiv drift. Med sit foldbare h\u00e5ndtag, robuste hjul, stabelbare design og driftstimet\u00e6ller er den ideel til store rum og kr\u00e6vende milj\u00f8er, hvor p\u00e5lidelig fugtfjernelse er afg\u00f8rende.  <\/p>\n","protected":false},"featured_media":44136,"template":"","meta":{"_acf_changed":false},"product_brand":[],"product_cat":[852,4747,855],"product_tag":[3750,3749,3747,3748],"class_list":{"0":"post-48151","1":"product","2":"type-product","3":"status-publish","4":"has-post-thumbnail","6":"product_cat-affugtere","7":"product_cat-professionelle","8":"product_cat-professional-da","9":"product_tag-afhjaelpning","10":"product_tag-ejendomsindustrien","11":"product_tag-konstruktion","12":"product_tag-udlejning","13":"product_shipping_class-sweden-very-high","14":"splide__slide","16":"first","17":"instock","18":"taxable","19":"shipping-taxable","20":"purchasable","21":"product-type-simple"},"acf":[],"_links":{"self":[{"href":"https:\/\/woods.se\/da\/wp-json\/wp\/v2\/product\/48151","targetHints":{"allow":["GET"]}}],"collection":[{"href":"https:\/\/woods.se\/da\/wp-json\/wp\/v2\/product"}],"about":[{"href":"https:\/\/woods.se\/da\/wp-json\/wp\/v2\/types\/product"}],"wp:featuredmedia":[{"embeddable":true,"href":"https:\/\/woods.se\/da\/wp-json\/wp\/v2\/media\/44136"}],"wp:attachment":[{"href":"https:\/\/woods.se\/da\/wp-json\/wp\/v2\/media?parent=48151"}],"wp:term":[{"taxonomy":"product_brand","embeddable":true,"href":"https:\/\/woods.se\/da\/wp-json\/wp\/v2\/product_brand?post=48151"},{"taxonomy":"product_cat","embeddable":true,"href":"https:\/\/woods.se\/da\/wp-json\/wp\/v2\/product_cat?post=48151"},{"taxonomy":"product_tag","embeddable":true,"href":"https:\/\/woods.se\/da\/wp-json\/wp\/v2\/product_tag?post=48151"}],"curies":[{"name":"wp","href":"https:\/\/api.w.org\/{rel}","templated":true}]}}