{"id":48149,"date":"2024-12-10T13:55:27","date_gmt":"2024-12-10T12:55:27","guid":{"rendered":"https:\/\/stage.woods.se\/?post_type=product&#038;p=48149"},"modified":"2026-03-05T14:57:12","modified_gmt":"2026-03-05T13:57:12","slug":"woods-wcd2pro","status":"publish","type":"product","link":"https:\/\/woods.se\/da\/produkter\/affugtere\/woods-wcd2pro\/","title":{"rendered":"Wood&#8217;s WCD2Pro"},"content":{"rendered":"<h2>Wood&#8217;s WCD2PRO<\/h2>\n<h3>Professionel affugter til byggeri, sanering og udlejning<\/h3>\n<p>Wood&#8217;s WCD2Pro er en p\u00e5lidelig og effektiv affugter, der er udviklet til at modst\u00e5 barske forhold inden for byggeri, sanering og udlejning. Den leverer stabil ydelse selv i kolde og fugtige milj\u00f8er med et driftsomr\u00e5de fra +2 \u00b0C til +35 \u00b0C. Takket v\u00e6re Woods egenudviklede intelligente afrimningssystem, i-EcoDefrost, udf\u00f8res affugtningen p\u00e5 en energieffektiv m\u00e5de.  <\/p>\n<p>Med sit forst\u00e6rkede design, stabelbare form, robuste hjul og sammenklappelige h\u00e5ndtag er WCD2Pro nem at flytte og h\u00e5ndtere p\u00e5 forskellige arbejdspladser. Den er udstyret med en driftstimet\u00e6ller, hvilket g\u00f8r den ideel til udlejningsfirmaer og restaureringsvirksomheder, der har brug for p\u00e5lidelig drift og nem overv\u00e5gning. <\/p>\n<h3>Anbefalede anvendelsesomr\u00e5der:<\/h3>\n<p><strong>Bygge- og ejendomsbranchen: <\/strong>Forkorter t\u00f8rretiden for byggematerialer og giver sikker affugtning i store rum.<br \/>\n<strong>Restaurering af vandskader: <\/strong>En sikker og effektiv l\u00f8sning til hurtig fugtkontrol i n\u00f8dsituationer.<br \/>\n<strong>Udlejningsselskaber:<\/strong> Robust konstruktion og driftstimet\u00e6ller g\u00f8r den velegnet til udlejning, hvor b\u00e5de holdbarhed og ydeevne er afg\u00f8rende.<\/p>\n<p>Wood&#8217;s WCD2Pro bruger milj\u00f8venligt og energieffektivt k\u00f8lemiddel (R-290) og har et vaskbart filter, der giver lang levetid og sikker drift. Maskinen er udviklet og fremstillet i Sverige, hvilket garanterer h\u00f8j kvalitet og p\u00e5lidelighed. <\/p>\n<p>Uanset om du skal udt\u00f8rre en byggeplads, afhj\u00e6lpe vandskader eller udleje professionelt udstyr, er WCD2Pro det oplagte valg.<\/p>\n","protected":false},"excerpt":{"rendered":"<p>Wood&#8217;s WCD2Pro er en professionel affugter til byggepladser, saneringsarbejde og udlejning. Den arbejder effektivt selv ved lave temperaturer (ned til +2 \u00b0C) og kombinerer h\u00f8j driftssikkerhed, energieffektivitet og robust design. Med et sammenklappeligt h\u00e5ndtag, slidst\u00e6rke hjul, stabelbar konstruktion og driftstimet\u00e6ller er den ideel til store rum og barske milj\u00f8er, hvor der er behov for p\u00e5lidelig fugtighedskontrol.  <\/p>\n","protected":false},"featured_media":44094,"template":"","meta":{"_acf_changed":false},"product_brand":[],"product_cat":[852,855,4747],"product_tag":[3750,3749,3747,3748],"class_list":{"0":"post-48149","1":"product","2":"type-product","3":"status-publish","4":"has-post-thumbnail","6":"product_cat-affugtere","7":"product_cat-professional-da","8":"product_cat-professionelle","9":"product_tag-afhjaelpning","10":"product_tag-ejendomsindustrien","11":"product_tag-konstruktion","12":"product_tag-udlejning","13":"product_shipping_class-sweden-very-high","14":"splide__slide","16":"first","17":"instock","18":"taxable","19":"shipping-taxable","20":"purchasable","21":"product-type-simple"},"acf":[],"_links":{"self":[{"href":"https:\/\/woods.se\/da\/wp-json\/wp\/v2\/product\/48149","targetHints":{"allow":["GET"]}}],"collection":[{"href":"https:\/\/woods.se\/da\/wp-json\/wp\/v2\/product"}],"about":[{"href":"https:\/\/woods.se\/da\/wp-json\/wp\/v2\/types\/product"}],"wp:featuredmedia":[{"embeddable":true,"href":"https:\/\/woods.se\/da\/wp-json\/wp\/v2\/media\/44094"}],"wp:attachment":[{"href":"https:\/\/woods.se\/da\/wp-json\/wp\/v2\/media?parent=48149"}],"wp:term":[{"taxonomy":"product_brand","embeddable":true,"href":"https:\/\/woods.se\/da\/wp-json\/wp\/v2\/product_brand?post=48149"},{"taxonomy":"product_cat","embeddable":true,"href":"https:\/\/woods.se\/da\/wp-json\/wp\/v2\/product_cat?post=48149"},{"taxonomy":"product_tag","embeddable":true,"href":"https:\/\/woods.se\/da\/wp-json\/wp\/v2\/product_tag?post=48149"}],"curies":[{"name":"wp","href":"https:\/\/api.w.org\/{rel}","templated":true}]}}