{"id":48147,"date":"2024-12-10T13:53:10","date_gmt":"2024-12-10T12:53:10","guid":{"rendered":"https:\/\/stage.woods.se\/?post_type=product&#038;p=48147"},"modified":"2026-04-24T10:24:30","modified_gmt":"2026-04-24T08:24:30","slug":"woods-mrd22g","status":"publish","type":"product","link":"https:\/\/woods.se\/da\/produkter\/affugtere\/torre-vasketoj\/woods-mrd22g\/","title":{"rendered":"Wood&#8217;s MRD22G"},"content":{"rendered":"<h2>Wood&#8217;s MRD22G<\/h2>\n<h3>Den optimale l\u00f8sning til t\u00f8rring af vasket\u00f8j<\/h3>\n<p>Wood&#8217;s MRD22G er den perfekte affugter til vaskerum og andre opvarmede, fugtige rum. Med sit topudtag og s\u00e6rlige t\u00f8rringsfunktion kan MRD22G reducere t\u00f8rretiden betydeligt og t\u00f8rre dit vasket\u00f8j sk\u00e5nsomt, s\u00e5 t\u00f8jet bevarer sin kvalitet i l\u00e6ngere tid. MRD22G h\u00e5ndterer op til 20 liter fugt om dagen, hvilket effektivt skaber et frisk og behageligt indeklima uden fugt og risiko for skimmelsvamp.  <\/p>\n<h3>Vigtige funktioner:<\/h3>\n\n<h3>Brugervenlig og fleksibel<\/h3>\n<p>MRD22G er designet til at v\u00e6re enkel og nem at bruge. Med et tydeligt touch-kontrolpanel kan du nemt indstille det \u00f8nskede fugtighedsniveau og lade enheden opretholde disse niveauer. Enheden har ogs\u00e5 en 24-timers programmerbar timer, der automatisk starter og stopper affugtningen efter dine behov, hvilket g\u00f8r den nem at tilpasse til din hverdag.  <\/p>\n<h3>Energieffektiv og milj\u00f8venlig<\/h3>\n<p>MRD22 er udstyret med k\u00f8lemidlet R290 og er en milj\u00f8venlig l\u00f8sning med fokus p\u00e5 lavt energiforbrug og optimal ydelse. Den affugter i opvarmede rum og har en automatisk afrimningsfunktion og en indikator, der viser, hvorn\u00e5r den 3,5 liter store vandtank er fuld, hvilket sikrer, at den arbejder effektivt og forhindrer un\u00f8dvendigt energiforbrug. <\/p>\n<h3>Sikker og p\u00e5lidelig til vaskerummet<\/h3>\n<p>Wood&#8217;s MRD22G er en p\u00e5lidelig og sikker affugter. Den automatiske slukkefunktion aktiveres, n\u00e5r vandtanken er fuld, og et hydrometer sikrer, at luftfugtigheden holdes p\u00e5 det \u00f8nskede niveau. MRD22G er et sikkert valg til hjemmet og er is\u00e6r nyttig i vaskerum, hvor dens vaskefunktion og effektive affugtning g\u00f8r den til en uvurderlig hj\u00e6lper i hverdagen.  <\/p>\n<h3>Forl\u00e6ng din garanti<\/h3>\n<p>Ved at registrere din MRD22 p\u00e5 <a href=\"https:\/\/warranty-woods.com\/\">warranty-woods.com<\/a> forl\u00e6nger du garantien fra 2 til 3 \u00e5r.<\/p>\n<p>V\u00e6lg Wood&#8217;s MRD22 for at f\u00e5 en b\u00e6redygtig, effektiv og bekvem m\u00e5de at t\u00f8rre dit vasket\u00f8j p\u00e5 og kontrollere luftfugtigheden.<\/p>\n","protected":false},"excerpt":{"rendered":"<p>Wood&#8217;s MRD22G er en effektiv affugter, der er perfekt til vaskerum og andre opvarmede, fugtige rum. Med en kapacitet p\u00e5 20 liter pr. dag og et topudtag t\u00f8rrer den hurtigt vasket\u00f8jet og holder b\u00e5de luften og t\u00f8jet frisk. Den er nem at bruge og har mange nyttige og smarte funktioner, der er designet til at fremskynde t\u00f8rreprocessen. MRD22G er udstyret med automatisk afrimning og sikkerhedsfunktioner, der g\u00f8r den til en p\u00e5lidelig l\u00f8sning til effektiv fugtkontrol.   <\/p>\n","protected":false},"featured_media":43903,"template":"","meta":{"_acf_changed":false},"product_brand":[],"product_cat":[852,4745],"product_tag":[908,935],"class_list":{"0":"post-48147","1":"product","2":"type-product","3":"status-publish","4":"has-post-thumbnail","6":"product_cat-affugtere","7":"product_cat-torre-vasketoj","8":"product_tag-torring-af-vasketoj-i-vaskerummet","9":"product_tag-tort-vasketoj","10":"splide__slide","12":"first","13":"instock","14":"taxable","15":"shipping-taxable","16":"purchasable","17":"product-type-simple"},"acf":[],"_links":{"self":[{"href":"https:\/\/woods.se\/da\/wp-json\/wp\/v2\/product\/48147","targetHints":{"allow":["GET"]}}],"collection":[{"href":"https:\/\/woods.se\/da\/wp-json\/wp\/v2\/product"}],"about":[{"href":"https:\/\/woods.se\/da\/wp-json\/wp\/v2\/types\/product"}],"wp:featuredmedia":[{"embeddable":true,"href":"https:\/\/woods.se\/da\/wp-json\/wp\/v2\/media\/43903"}],"wp:attachment":[{"href":"https:\/\/woods.se\/da\/wp-json\/wp\/v2\/media?parent=48147"}],"wp:term":[{"taxonomy":"product_brand","embeddable":true,"href":"https:\/\/woods.se\/da\/wp-json\/wp\/v2\/product_brand?post=48147"},{"taxonomy":"product_cat","embeddable":true,"href":"https:\/\/woods.se\/da\/wp-json\/wp\/v2\/product_cat?post=48147"},{"taxonomy":"product_tag","embeddable":true,"href":"https:\/\/woods.se\/da\/wp-json\/wp\/v2\/product_tag?post=48147"}],"curies":[{"name":"wp","href":"https:\/\/api.w.org\/{rel}","templated":true}]}}