{"id":48144,"date":"2024-12-10T13:51:36","date_gmt":"2024-12-10T12:51:36","guid":{"rendered":"https:\/\/stage.woods.se\/?post_type=product&#038;p=48144"},"modified":"2026-03-23T14:17:16","modified_gmt":"2026-03-23T13:17:16","slug":"woods-mrd20g","status":"publish","type":"product","link":"https:\/\/woods.se\/da\/produkter\/affugtere\/opholdsrum\/woods-mrd20g\/","title":{"rendered":"Wood&#8217;s MRD20G"},"content":{"rendered":"<h2>Wood&#8217;s MRD20G<\/h2>\n<h3>Optimal affugtning til hjemmet<\/h3>\n<p>Wood&#8217;s MRD20G er en kraftig affugter, der hj\u00e6lper dig med at opretholde et behageligt fugtniveau i stuer, sovev\u00e6relser og lejligheder. Med topudsugning og h\u00f8j kapacitet h\u00e5ndterer den op til 20 liter fugt om dagen og skaber et friskt indeklima uden risiko for skimmelsvamp og ubehagelige lugte. Den t\u00f8rrer ogs\u00e5 dit vasket\u00f8j effektivt og sk\u00e5nsomt.  <\/p>\n<h3>Vigtige funktioner:<\/h3>\n\n<h3>Brugervenlig og fleksibel<\/h3>\n<p>MRD20G er nem at bruge med et tydeligt touch-kontrolpanel, hvor du indstiller det \u00f8nskede fugtighedsniveau. Den programmerbare timer g\u00f8r det nemt at tilpasse affugtningen til dine behov. <\/p>\n<h3>Energieffektiv og milj\u00f8venlig<\/h3>\n<p>Med k\u00f8lemidlet R290 er MRD20G en milj\u00f8venlig l\u00f8sning med lavt energiforbrug og h\u00f8j ydeevne. Automatisk afrimning og en indikator for fuld vandtank sikrer, at enheden altid fungerer optimalt. <\/p>\n<h3>Sikker og p\u00e5lidelig<\/h3>\n<p>Automatisk slukning aktiveres, n\u00e5r vandtanken er fuld, og det indbyggede hydrometer sikrer, at luftfugtigheden holdes p\u00e5 det \u00f8nskede niveau.<\/p>\n<h3>Forl\u00e6ng din garanti<\/h3>\n<p>Registrer din MRD20G p\u00e5 <a href=\"https:\/\/warranty-woods.com\/\">warranty-woods.com<\/a> og forl\u00e6ng garantien fra 2 til 3 \u00e5r.<\/p>\n<p>MRD20 er det perfekte valg til dit hjem og sikrer effektivt, at dit hjem forbliver fri for fugt, lugt og skimmel.<\/p>\n","protected":false},"excerpt":{"rendered":"<p>Wood&#8217;s MRD20G er en effektiv affugter til stuer, sovev\u00e6relser og andre opvarmede opholdsrum. Med en kapacitet p\u00e5 20 liter pr. dag og topudsugning skaber den hurtigt en behagelig og sund indend\u00f8rs luft. Den er nem at bruge, har automatisk afrimning og flere smarte funktioner, der g\u00f8r den til en p\u00e5lidelig l\u00f8sning mod fugt.  <\/p>\n","protected":false},"featured_media":43646,"template":"","meta":{"_acf_changed":false},"product_brand":[],"product_cat":[852,4746],"product_tag":[1514,865,913,1444],"class_list":{"0":"post-48144","1":"product","2":"type-product","3":"status-publish","4":"has-post-thumbnail","6":"product_cat-affugtere","7":"product_cat-opholdsrum","8":"product_tag-lejlighed","9":"product_tag-sovevaerelse","10":"product_tag-stue-da","11":"product_tag-stue-da-2","12":"splide__slide","14":"first","15":"instock","16":"taxable","17":"shipping-taxable","18":"purchasable","19":"product-type-simple"},"acf":[],"_links":{"self":[{"href":"https:\/\/woods.se\/da\/wp-json\/wp\/v2\/product\/48144","targetHints":{"allow":["GET"]}}],"collection":[{"href":"https:\/\/woods.se\/da\/wp-json\/wp\/v2\/product"}],"about":[{"href":"https:\/\/woods.se\/da\/wp-json\/wp\/v2\/types\/product"}],"wp:featuredmedia":[{"embeddable":true,"href":"https:\/\/woods.se\/da\/wp-json\/wp\/v2\/media\/43646"}],"wp:attachment":[{"href":"https:\/\/woods.se\/da\/wp-json\/wp\/v2\/media?parent=48144"}],"wp:term":[{"taxonomy":"product_brand","embeddable":true,"href":"https:\/\/woods.se\/da\/wp-json\/wp\/v2\/product_brand?post=48144"},{"taxonomy":"product_cat","embeddable":true,"href":"https:\/\/woods.se\/da\/wp-json\/wp\/v2\/product_cat?post=48144"},{"taxonomy":"product_tag","embeddable":true,"href":"https:\/\/woods.se\/da\/wp-json\/wp\/v2\/product_tag?post=48144"}],"curies":[{"name":"wp","href":"https:\/\/api.w.org\/{rel}","templated":true}]}}