{"id":48143,"date":"2024-12-10T13:52:07","date_gmt":"2024-12-10T12:52:07","guid":{"rendered":"https:\/\/stage.woods.se\/?post_type=product&#038;p=48143"},"modified":"2026-04-28T07:44:53","modified_gmt":"2026-04-28T05:44:53","slug":"woods-mrd20gw","status":"publish","type":"product","link":"https:\/\/woods.se\/da\/produkter\/affugtere\/opholdsrum\/woods-mrd20gw\/","title":{"rendered":"Wood&#8217;s MRD20GW"},"content":{"rendered":"<h2>Wood&#8217;s MRD20GW<\/h2>\n<h3>Optimal affugtning til hjemmet<\/h3>\n<p>Wood&#8217;s MRD20GW er en kraftig affugter, der hj\u00e6lper dig med at opretholde et behageligt fugtniveau i stuer, sovev\u00e6relser og lejligheder. Med topudsugning, h\u00f8j kapacitet og indbygget WiFi h\u00e5ndterer den op til 20 liter fugt om dagen og kan styres og overv\u00e5ges direkte fra din mobiltelefon. Det giver dig fuld kontrol og g\u00f8r det nemt at tilpasse affugtningen til dine behov, selv n\u00e5r du ikke er hjemme. Den skaber et sundt indeklima uden risiko for skimmelsvamp og ubehagelige lugte. Den t\u00f8rrer ogs\u00e5 dit vasket\u00f8j effektivt og sk\u00e5nsomt.    <\/p>\n<h3>Vigtige funktioner:<\/h3>\n\n<h3>Brugervenlig og fleksibel<\/h3>\n<p>MRD20GW er nem at bruge med et tydeligt touch-kontrolpanel og WiFi-forbindelse, der giver dig mulighed for at indstille og justere luftfugtigheden p\u00e5 afstand. Den programmerbare timer g\u00f8r det nemt at tilpasse affugtningen til dine behov. <\/p>\n<h3>Energieffektiv og milj\u00f8venlig<\/h3>\n<p>Med k\u00f8lemidlet R290 er MRD20GW en milj\u00f8venlig l\u00f8sning med lavt energiforbrug og h\u00f8j ydeevne. Automatisk afrimning og en indikator for fuld vandtank sikrer, at enheden altid fungerer optimalt. <\/p>\n<h3>Sikker og p\u00e5lidelig<\/h3>\n<p>Automatisk slukning aktiveres, n\u00e5r vandtanken er fuld, og det indbyggede hydrometer sikrer, at luftfugtigheden holdes p\u00e5 det \u00f8nskede niveau.<\/p>\n<h3>Forl\u00e6ng din garanti<\/h3>\n<p>Registrer MRD20GW p\u00e5 <a href=\"https:\/\/warranty-woods.com\/\">warranty-woods.<\/a>com og forl\u00e6ng garantien fra 2 til 3 \u00e5r.<\/p>\n<p>MRD20GW er det perfekte valg til dit hjem og sikrer effektivt, at dit hjem forbliver fri for fugt, lugt og skimmel, med WiFi for ekstra bekvemmelighed og kontrol.<\/p>\n","protected":false},"excerpt":{"rendered":"<p>Wood&#8217;s MRD20GW er en effektiv affugter til stuer, sovev\u00e6relser og andre opvarmede opholdsrum. Med en kapacitet p\u00e5 20 liter pr. dag, topudsugning og WiFi skaber den hurtigt et behageligt og sundt indeklima, som du kan fjernstyre. Den er nem at bruge, har automatisk afrimning og flere smarte funktioner, som g\u00f8r den til en p\u00e5lidelig l\u00f8sning mod fugt.  <\/p>\n","protected":false},"featured_media":43646,"template":"","meta":{"_acf_changed":false},"product_brand":[],"product_cat":[852,4746],"product_tag":[865,1444,913,920],"class_list":{"0":"post-48143","1":"product","2":"type-product","3":"status-publish","4":"has-post-thumbnail","6":"product_cat-affugtere","7":"product_cat-opholdsrum","8":"product_tag-sovevaerelse","9":"product_tag-stue-da-2","10":"product_tag-stue-da","11":"product_tag-wifi-da","12":"product_shipping_class-high","13":"splide__slide","15":"first","16":"outofstock","17":"taxable","18":"shipping-taxable","19":"purchasable","20":"product-type-simple"},"acf":[],"_links":{"self":[{"href":"https:\/\/woods.se\/da\/wp-json\/wp\/v2\/product\/48143","targetHints":{"allow":["GET"]}}],"collection":[{"href":"https:\/\/woods.se\/da\/wp-json\/wp\/v2\/product"}],"about":[{"href":"https:\/\/woods.se\/da\/wp-json\/wp\/v2\/types\/product"}],"wp:featuredmedia":[{"embeddable":true,"href":"https:\/\/woods.se\/da\/wp-json\/wp\/v2\/media\/43646"}],"wp:attachment":[{"href":"https:\/\/woods.se\/da\/wp-json\/wp\/v2\/media?parent=48143"}],"wp:term":[{"taxonomy":"product_brand","embeddable":true,"href":"https:\/\/woods.se\/da\/wp-json\/wp\/v2\/product_brand?post=48143"},{"taxonomy":"product_cat","embeddable":true,"href":"https:\/\/woods.se\/da\/wp-json\/wp\/v2\/product_cat?post=48143"},{"taxonomy":"product_tag","embeddable":true,"href":"https:\/\/woods.se\/da\/wp-json\/wp\/v2\/product_tag?post=48143"}],"curies":[{"name":"wp","href":"https:\/\/api.w.org\/{rel}","templated":true}]}}