{"id":48140,"date":"2024-12-10T13:50:22","date_gmt":"2024-12-10T12:50:22","guid":{"rendered":"https:\/\/stage.woods.se\/?post_type=product&#038;p=48140"},"modified":"2026-03-06T15:17:31","modified_gmt":"2026-03-06T14:17:31","slug":"woods-mrd12","status":"publish","type":"product","link":"https:\/\/woods.se\/da\/produkter\/affugtere\/badevaerelse\/woods-mrd12\/","title":{"rendered":"Wood&#8217;s MRD12"},"content":{"rendered":"<h2>Wood&#8217;s MRD12<\/h2>\n<h3>Den optimale l\u00f8sning til badev\u00e6relser og andre sm\u00e5 rum<\/h3>\n<p>Wood&#8217;s MRD12 er en kompakt og praktisk affugter, der er perfekt til badev\u00e6relser og mindre opvarmede rum som f.eks. sommerhuse, campingvogne og b\u00e5de. Med en kapacitet til at fjerne op til 10 liter vand om dagen skaber MRD12 et frisk og sundt indeklima og reducerer risikoen for skimmelsvamp og ubehagelige lugte. Denne affugter er ideel til badev\u00e6relser, hvor fugt hurtigt kan blive et problem, og takket v\u00e6re topudsugningen kan den ogs\u00e5 bruges til at t\u00f8rre h\u00e5ndkl\u00e6der og mindre m\u00e6ngder vasket\u00f8j.  <\/p>\n<h3>Vigtige funktioner:<\/h3>\n\n<h3>Brugervenlig og fleksibel<\/h3>\n<p>MRD12 er designet til nem brug med et digitalt ber\u00f8ringspanel, der viser den aktuelle luftfugtighed og giver dig fuld kontrol over klimaet i rummet. Med et vaskbart luftfilter og en lettilg\u00e6ngelig vandtank med slangetilslutning til kontinuerlig dr\u00e6ning er vedligeholdelsen enkel og praktisk. De fors\u00e6nkede b\u00e6reh\u00e5ndtag g\u00f8r det ogs\u00e5 nemt at flytte MRD12 derhen, hvor der er mest brug for den.  <\/p>\n<h3>Energieffektiv og milj\u00f8venlig<\/h3>\n<p>Wood&#8217;s MRD12 bruger det milj\u00f8venlige k\u00f8lemiddel R290, som giver overlegen energieffektivitet og lavere klimap\u00e5virkning sammenlignet med \u00e6ldre k\u00f8lemidler. Det g\u00f8r MRD12 til et b\u00e6redygtigt valg, der hj\u00e6lper dig med at reducere energiforbruget uden at g\u00e5 p\u00e5 kompromis med ydeevnen. <\/p>\n<h3>Sikker og p\u00e5lidelig til sm\u00e5 rum<\/h3>\n<p>MRD12 er udstyret med automatisk afrimning og automatisk slukning ved det indstillede fugtighedsniveau, hvilket sikrer sikker drift, selv i k\u00f8ligere omgivelser. MRD12 har et lavt st\u00f8jniveau, s\u00e5 du ikke bliver forstyrret, n\u00e5r du opholder dig i rummet. Affugteren er ogs\u00e5 kompakt og nem at h\u00e5ndtere, hvilket g\u00f8r den til en sikker og p\u00e5lidelig l\u00f8sning til mindre fugtige rum hele \u00e5ret rundt.  <\/p>\n<h3>Forl\u00e6ng din garanti<\/h3>\n<p>Ved at registrere MRD12 p\u00e5 <a href=\"https:\/\/warranty-woods.com\/\">warranty-woods.com<\/a> forl\u00e6nger du garantien fra 2 til 3 \u00e5r.<\/p>\n<p><iframe loading=\"lazy\" title=\"Instruction video - Wood&#039;s MRD12 (English)\" width=\"500\" height=\"281\" src=\"https:\/\/www.youtube.com\/embed\/R0yUWce75O8?feature=oembed\" frameborder=\"0\" allow=\"accelerometer; autoplay; clipboard-write; encrypted-media; gyroscope; picture-in-picture; web-share\" referrerpolicy=\"strict-origin-when-cross-origin\" allowfullscreen><\/iframe><\/p>\n","protected":false},"excerpt":{"rendered":"<p>Wood&#8217;s MRD12 er den perfekte affugter til badev\u00e6relser og andre sm\u00e5 opvarmede rum. Den fjerner op til 10 liter fugt om dagen og bidrager til et frisk og sundt milj\u00f8 ved at opretholde et optimalt fugtighedsniveau. Med sit intuitive touchpanel, topudsugning og mulighed for kontinuerlig dr\u00e6ning er den b\u00e5de nem at bruge og effektiv. Det kompakte design og det praktiske b\u00e6reh\u00e5ndtag g\u00f8r det nemt at flytte den mellem forskellige rum &#8211; en smart og fleksibel l\u00f8sning til forebyggelse af d\u00e5rlig lugt og fugt.   <\/p>\n","protected":false},"featured_media":43833,"template":"","meta":{"_acf_changed":false},"product_brand":[],"product_cat":[852,4742],"product_tag":[1235,1236],"class_list":{"0":"post-48140","1":"product","2":"type-product","3":"status-publish","4":"has-post-thumbnail","6":"product_cat-affugtere","7":"product_cat-badevaerelse","8":"product_tag-badevaerelse","9":"product_tag-mindre-rum","10":"splide__slide","12":"first","13":"instock","14":"taxable","15":"shipping-taxable","16":"purchasable","17":"product-type-simple"},"acf":[],"_links":{"self":[{"href":"https:\/\/woods.se\/da\/wp-json\/wp\/v2\/product\/48140","targetHints":{"allow":["GET"]}}],"collection":[{"href":"https:\/\/woods.se\/da\/wp-json\/wp\/v2\/product"}],"about":[{"href":"https:\/\/woods.se\/da\/wp-json\/wp\/v2\/types\/product"}],"wp:featuredmedia":[{"embeddable":true,"href":"https:\/\/woods.se\/da\/wp-json\/wp\/v2\/media\/43833"}],"wp:attachment":[{"href":"https:\/\/woods.se\/da\/wp-json\/wp\/v2\/media?parent=48140"}],"wp:term":[{"taxonomy":"product_brand","embeddable":true,"href":"https:\/\/woods.se\/da\/wp-json\/wp\/v2\/product_brand?post=48140"},{"taxonomy":"product_cat","embeddable":true,"href":"https:\/\/woods.se\/da\/wp-json\/wp\/v2\/product_cat?post=48140"},{"taxonomy":"product_tag","embeddable":true,"href":"https:\/\/woods.se\/da\/wp-json\/wp\/v2\/product_tag?post=48140"}],"curies":[{"name":"wp","href":"https:\/\/api.w.org\/{rel}","templated":true}]}}