{"id":48133,"date":"2024-12-10T13:48:13","date_gmt":"2024-12-10T12:48:13","guid":{"rendered":"https:\/\/stage.woods.se\/?post_type=product&#038;p=48133"},"modified":"2026-03-06T14:55:34","modified_gmt":"2026-03-06T13:55:34","slug":"woods-mdk26","status":"publish","type":"product","link":"https:\/\/woods.se\/da\/produkter\/affugtere\/opholdsrum\/woods-mdk26\/","title":{"rendered":"Wood&#8217;s MDK26"},"content":{"rendered":"<h2>Wood&#8217;s MDK26<\/h2>\n<h3>Optimal affugtning til hjemmet<\/h3>\n<p>Wood&#8217;s MDK26 er en h\u00f8jtydende affugter, der effektivt hj\u00e6lper dig med at opretholde den rette luftfugtighed i stuer, sovev\u00e6relser og lejligheder. Med topudsugning og en kapacitet p\u00e5 op til 25 liter fugt om dagen skaber den et friskt indeklima uden ubehagelige lugte og risiko for skimmelsvamp. Den t\u00f8rrer ogs\u00e5 vasket\u00f8jet sk\u00e5nsomt og effektivt.  <\/p>\n<h3>Vigtige funktioner<\/h3>\n\n<h3>Brugervenlig og fleksibel<\/h3>\n<p>MDK26 er nem at bruge takket v\u00e6re det tydelige touch-kontrolpanel, hvor du kan indstille det \u00f8nskede fugtighedsniveau. Med den programmerbare timer kan du nemt justere affugtningen, s\u00e5 den passer til dine behov. <\/p>\n<h3>Energieffektiv og milj\u00f8venlig<\/h3>\n<p>Med k\u00f8lemidlet R290 kombinerer MDK26 h\u00f8j energieffektivitet med milj\u00f8venlig drift. Automatisk afrimning og en indikator for fuld vandtank sikrer, at enheden altid fungerer optimalt. <\/p>\n<h3>Sikker og p\u00e5lidelig<\/h3>\n<p>Affugteren slukker automatisk, n\u00e5r vandtanken er fuld. Det indbyggede hygrometer overv\u00e5ger luftfugtigheden og sikrer et ensartet klima. Et vaskbart st\u00f8vfilter og mulighed for kontinuerlig dr\u00e6ning g\u00f8r MDK26 b\u00e5de sikker og nem at vedligeholde.  <\/p>\n<h3>Forl\u00e6ng din garanti<\/h3>\n<p>Registrer din MDK26 p\u00e5 <a href=\"https:\/\/warranty-woods.com\/\">warranty-woods.com<\/a>, og forl\u00e6ng garantien fra 2 til 3 \u00e5r.<\/p>\n<p>MDK26 er det perfekte valg til alle opvarmede rum i hjemmet og sikrer et sundt, t\u00f8rt og behageligt indeklima hele \u00e5ret rundt.<\/p>\n<p><iframe loading=\"lazy\" title=\"Instruction video - Wood&#039;s MDK26 (English)\" width=\"500\" height=\"281\" src=\"https:\/\/www.youtube.com\/embed\/4BgX9MdCg20?feature=oembed\" frameborder=\"0\" allow=\"accelerometer; autoplay; clipboard-write; encrypted-media; gyroscope; picture-in-picture; web-share\" referrerpolicy=\"strict-origin-when-cross-origin\" allowfullscreen><\/iframe><\/p>\n","protected":false},"excerpt":{"rendered":"<p>Wood&#8217;s MDK26 er en kraftig affugter til opvarmede opholdsrum som stuer, sovev\u00e6relser og lejligheder. Med en kapacitet p\u00e5 25 liter pr. dag og topudsugning forbedrer den hurtigt luftkvaliteten indend\u00f8rs og skaber et frisk og behageligt klima. Den har et tydeligt touch-kontrolpanel for nem brug, og takket v\u00e6re automatisk afrimning er den en p\u00e5lidelig l\u00f8sning mod fugt hele \u00e5ret rundt.  <\/p>\n","protected":false},"featured_media":43716,"template":"","meta":{"_acf_changed":false},"product_brand":[],"product_cat":[852,4746],"product_tag":[1514,865,913,1444],"class_list":{"0":"post-48133","1":"product","2":"type-product","3":"status-publish","4":"has-post-thumbnail","6":"product_cat-affugtere","7":"product_cat-opholdsrum","8":"product_tag-lejlighed","9":"product_tag-sovevaerelse","10":"product_tag-stue-da","11":"product_tag-stue-da-2","12":"product_shipping_class-high","13":"splide__slide","15":"first","16":"instock","17":"taxable","18":"shipping-taxable","19":"purchasable","20":"product-type-simple"},"acf":[],"_links":{"self":[{"href":"https:\/\/woods.se\/da\/wp-json\/wp\/v2\/product\/48133","targetHints":{"allow":["GET"]}}],"collection":[{"href":"https:\/\/woods.se\/da\/wp-json\/wp\/v2\/product"}],"about":[{"href":"https:\/\/woods.se\/da\/wp-json\/wp\/v2\/types\/product"}],"wp:featuredmedia":[{"embeddable":true,"href":"https:\/\/woods.se\/da\/wp-json\/wp\/v2\/media\/43716"}],"wp:attachment":[{"href":"https:\/\/woods.se\/da\/wp-json\/wp\/v2\/media?parent=48133"}],"wp:term":[{"taxonomy":"product_brand","embeddable":true,"href":"https:\/\/woods.se\/da\/wp-json\/wp\/v2\/product_brand?post=48133"},{"taxonomy":"product_cat","embeddable":true,"href":"https:\/\/woods.se\/da\/wp-json\/wp\/v2\/product_cat?post=48133"},{"taxonomy":"product_tag","embeddable":true,"href":"https:\/\/woods.se\/da\/wp-json\/wp\/v2\/product_tag?post=48133"}],"curies":[{"name":"wp","href":"https:\/\/api.w.org\/{rel}","templated":true}]}}