{"id":48129,"date":"2024-12-10T13:47:12","date_gmt":"2024-12-10T12:47:12","guid":{"rendered":"https:\/\/stage.woods.se\/?post_type=product&#038;p=48129"},"modified":"2026-03-06T14:50:17","modified_gmt":"2026-03-06T13:50:17","slug":"woods-mdk13","status":"publish","type":"product","link":"https:\/\/woods.se\/da\/produkter\/affugtere\/badevaerelse\/woods-mdk13\/","title":{"rendered":"Wood&#8217;s MDK13"},"content":{"rendered":"<h2>Wood&#8217;s MDK13<\/h2>\n<h3>Effektiv affugtning til badev\u00e6relser<\/h3>\n<p>Wood&#8217;s MDK13 er en kompakt og effektiv affugter, der er designet til mindre rum som f.eks. badev\u00e6relser. Med sit p\u00e6ne design er den nem at flytte og tage ud, n\u00e5r der er brug for det. MDK13 hj\u00e6lper dig med at opretholde et sundt indeklima uden fugt og skimmel. Luftudtaget i toppen holder h\u00e5ndkl\u00e6der friske i l\u00e6ngere tid og t\u00f8rrer effektivt mindre m\u00e6ngder vasket\u00f8j.   <\/p>\n<h3>Vigtige funktioner:<\/h3>\n\n<h3>Brugervenlig og fleksibel betjening<\/h3>\n<p>MDK13 er udstyret med brugervenlige og tydelige knapper, som g\u00f8r det nemt at indstille den \u00f8nskede luftfugtighed, timeren og andre funktioner. Med timeren kan du ogs\u00e5 indstille pr\u00e6cis, hvor l\u00e6nge affugteren skal v\u00e6re aktiv, hvilket giver dig fuld kontrol over luftfugtigheden uden at skulle overv\u00e5ge processen. Den har en st\u00f8jsvag drift, der g\u00f8r den diskret, perfekt til rum, hvor et lavt st\u00f8jniveau er vigtigt.  <\/p>\n<h3>Energieffektiv og milj\u00f8venlig<\/h3>\n<p>MDK13 bruger R290-k\u00f8lemiddel, som er et energieffektivt og mere klimavenligt alternativ. Det betyder, at Woods MDK13 er i overensstemmelse med fremtidige milj\u00f8direktiver og giver en gr\u00f8nnere l\u00f8sning til effektiv affugtning. <\/p>\n<h3>P\u00e5lidelig og sikker drift til mindre omr\u00e5der<\/h3>\n<p>Med h\u00f8j kapacitet i forhold til sin st\u00f8rrelse, kompakte dimensioner, lavt energiforbrug og automatisk slukning, n\u00e5r vandtanken er fuld (eller luftfugtigheden er optimal), er MDK13 et sikkert og praktisk valg til hjemmet.<\/p>\n<h3>Forl\u00e6ng din garanti<\/h3>\n<p>Ved at registrere din MDK13 p\u00e5 <a href=\"https:\/\/warranty-woods.com\">warranty-woods.com<\/a> udvider du garantien fra 2 til 3 \u00e5r.<\/p>\n<p>&nbsp;<\/p>\n","protected":false},"excerpt":{"rendered":"<p>Wood&#8217;s MDK13 er en kompakt og brugervenlig affugter, der er perfekt til mindre rum som f.eks. badev\u00e6relser. Den fjerner effektivt overskydende fugt, reducerer risikoen for skimmelsvamp og forbedrer indeklimaet. Med sit topudtag t\u00f8rrer MDK13 h\u00e5ndkl\u00e6der og mindre m\u00e6ngder vasket\u00f8j, hvilket er perfekt til rum, hvor pladsen er trang. MDK13 er nem at bruge med et klart, brugervenligt knapdisplay og mulighed for kontinuerlig dr\u00e6ning og er et smart valg til et sundere og friskere milj\u00f8.   <\/p>\n","protected":false},"featured_media":43207,"template":"","meta":{"_acf_changed":false},"product_brand":[],"product_cat":[852,4742],"product_tag":[1235,1236],"class_list":{"0":"post-48129","1":"product","2":"type-product","3":"status-publish","4":"has-post-thumbnail","6":"product_cat-affugtere","7":"product_cat-badevaerelse","8":"product_tag-badevaerelse","9":"product_tag-mindre-rum","10":"product_shipping_class-high","11":"splide__slide","13":"first","14":"instock","15":"taxable","16":"shipping-taxable","17":"purchasable","18":"product-type-simple"},"acf":[],"_links":{"self":[{"href":"https:\/\/woods.se\/da\/wp-json\/wp\/v2\/product\/48129","targetHints":{"allow":["GET"]}}],"collection":[{"href":"https:\/\/woods.se\/da\/wp-json\/wp\/v2\/product"}],"about":[{"href":"https:\/\/woods.se\/da\/wp-json\/wp\/v2\/types\/product"}],"wp:featuredmedia":[{"embeddable":true,"href":"https:\/\/woods.se\/da\/wp-json\/wp\/v2\/media\/43207"}],"wp:attachment":[{"href":"https:\/\/woods.se\/da\/wp-json\/wp\/v2\/media?parent=48129"}],"wp:term":[{"taxonomy":"product_brand","embeddable":true,"href":"https:\/\/woods.se\/da\/wp-json\/wp\/v2\/product_brand?post=48129"},{"taxonomy":"product_cat","embeddable":true,"href":"https:\/\/woods.se\/da\/wp-json\/wp\/v2\/product_cat?post=48129"},{"taxonomy":"product_tag","embeddable":true,"href":"https:\/\/woods.se\/da\/wp-json\/wp\/v2\/product_tag?post=48129"}],"curies":[{"name":"wp","href":"https:\/\/api.w.org\/{rel}","templated":true}]}}