{"id":48126,"date":"2024-12-10T13:42:00","date_gmt":"2024-12-10T12:42:00","guid":{"rendered":"https:\/\/stage.woods.se\/?post_type=product&#038;p=48126"},"modified":"2026-03-05T16:08:30","modified_gmt":"2026-03-05T15:08:30","slug":"woods-dsc95p","status":"publish","type":"product","link":"https:\/\/woods.se\/da\/produkter\/affugtere\/krybekaelder\/woods-dsc95p\/","title":{"rendered":"Wood&#8217;s DSC95P"},"content":{"rendered":"<h2>Wood&#8217;s DSC95P<\/h2>\n<h3>Kraftfuld affugter til krybek\u00e6ldre, med pumpe og smart luftfordeling<\/h3>\n<p>Fugt i krybek\u00e6ldre, k\u00e6ldre og lignende omr\u00e5der kan hurtigt f\u00f8re til skimmelsvamp, lugtgener og skader p\u00e5 bygningens struktur. Skader, der kan v\u00e6re meget dyre at reparere. Wood&#8217;s DSC95P er designet til effektivt at beskytte disse s\u00e5rbare rum ved at fjerne store m\u00e6ngder fugt og samtidig skabe en j\u00e6vn luftcirkulation. Med kanaltilslutningen ledes den t\u00f8rre, varme luft derhen, hvor der er mest brug for den, hvilket sikrer, at hele rummet affugtes &#8211; ikke kun i umiddelbar n\u00e6rhed af affugteren.   <\/p>\n<h3>H\u00f8j kapacitet og luftstr\u00f8m for effektiv cirkulation<\/h3>\n<p>DSC95P har en kapacitet p\u00e5 42 liter pr. dag og en kraftig luftstr\u00f8m p\u00e5 op til 300 m\u00b3\/t. Sammen med den medf\u00f8lgende kanalslange sikrer det, at store rum holdes fri for fugt, selv om de er opdelt i flere rum. <\/p>\n<h3>Vigtige funktioner:<\/h3>\n\n<h3>Sikker drift med mange muligheder<\/h3>\n<p>DSC95P er fremstillet i Sverige, har solide ben og en robust konstruktion i rustfrit st\u00e5l og er bygget til at holde. Du kan nemt styre den og overv\u00e5ge luftfugtigheden og temperaturen med det eksterne kontrolpanel. Den er forbundet med et 2 meter langt kabel (medf\u00f8lger og kan forl\u00e6nges om n\u00f8dvendigt), s\u00e5 du ikke beh\u00f8ver at kravle ned i krybek\u00e6lderen. Kondensvandet ledes automatisk v\u00e6k uden en vandtank via den medf\u00f8lgende dr\u00e6nslange, og den indbyggede pumpe kan l\u00f8fte vandet op til 10 meter, hvilket giver stor fleksibilitet under installationen. DSC95P genstarter automatisk efter str\u00f8msvigt, hvilket sikrer et t\u00f8rt og sikkert milj\u00f8 d\u00f8gnet rundt, \u00e5ret rundt.    <\/p>\n<h3>Nem installation og lave driftsomkostninger<\/h3>\n<p>Wood&#8217;s DSC95P er en kondensaffugter, der kombinerer holdbarhed og avanceret teknologi. Den er udstyret med Woods patenterede i-EcoDefrost, et intelligent afrimningssystem, der maksimerer energieffektiviteten og sikrer ensartet og p\u00e5lidelig affugtning, selv ved temperaturer helt ned til +2 \u00b0C. Det er noget, som mange andre kondensationsaffugtere ikke kan h\u00e5ndtere. I mods\u00e6tning til sorptionsaffugtere (som er almindelige i krybek\u00e6ldre) er det betydeligt mere energieffektivt, har meget lavere drifts- og k\u00f8bsomkostninger og kr\u00e6ver mindre vedligeholdelse. En anden vigtig fordel er, at der ikke kr\u00e6ves nogen dyr installation eller kompliceret r\u00f8rf\u00f8ring ud over at lede kondensvandet til et eksisterende afl\u00f8b eller blot grave en stengrube.    <\/p>\n<h3>Tips til installation af DSC95P affugter til krybek\u00e6ldre<\/h3>\n<p>1. Forsegl ventilations\u00e5bningerne, og l\u00e6g om muligt et underlag for at forhindre un\u00f8dvendig indstr\u00f8mning af fugtig luft.<br \/>\n2. Placer affugteren centralt i krybek\u00e6lderen for at f\u00e5 den bedste luftfordeling.<br \/>\n3. Dr\u00e6n kondensvandet ved hj\u00e6lp af den medf\u00f8lgende dr\u00e6nslange. Hvis der ikke er noget afl\u00f8b, kan du grave et simpelt stenhul (20-30 cm dybt, fyldt med makadam) og f\u00f8re slangen ned i det.<br \/>\n4. Tilslut kanalslangen for at fordele t\u00f8r luft til fjerne dele af fundamentet eller skabe bedre cirkulation.<br \/>\n5. Placer kontrolpanelet n\u00e6r indgangen\/\u00e5bningen for nemt at kunne overv\u00e5ge fugtighedsniveauet uden at skulle g\u00e5 ind i krybek\u00e6lderen.<br \/>\nMed DSC95P f\u00e5r du en kraftig affugter med pumpe. Designet til at sikre et fugtfrit, sikkert milj\u00f8 i din krybek\u00e6lder eller andre lignende omr\u00e5der i lang tid.  <\/p>\n<p><iframe loading=\"lazy\" title=\"Wood&#039;s dehumidifier DSC95P \u2013 Versatile Crawl Space and Whole House Dehumidifier\" width=\"500\" height=\"281\" src=\"https:\/\/www.youtube.com\/embed\/D-mBb3X2tuM?feature=oembed\" frameborder=\"0\" allow=\"accelerometer; autoplay; clipboard-write; encrypted-media; gyroscope; picture-in-picture; web-share\" referrerpolicy=\"strict-origin-when-cross-origin\" allowfullscreen><\/iframe><\/p>\n","protected":false},"excerpt":{"rendered":"<p>Wood&#8217;s DSC95P er en svenskproduceret multifunktionel affugter, der er specielt udviklet til krybek\u00e6ldre og st\u00f8rre k\u00e6ldre. Med en kraftig kapacitet p\u00e5 42 liter\/dag, en indbygget pumpe, der pumper kondensvand op til 10 meter, og muligheden for at kanalisere den t\u00f8rre luft derhen, hvor der er mest brug for den, f\u00e5r du p\u00e5lidelig fugtkontrol i hele rummet. Den har eksternt digitalt kontrolpanel, energieffektiv drift og leveres med 6 \u00e5rs garanti.  <\/p>\n","protected":false},"featured_media":44769,"template":"","meta":{"_acf_changed":false},"product_brand":[],"product_cat":[852,4744],"product_tag":[905],"class_list":{"0":"post-48126","1":"product","2":"type-product","3":"status-publish","4":"has-post-thumbnail","6":"product_cat-affugtere","7":"product_cat-krybekaelder","8":"product_tag-krybekaelder","9":"product_shipping_class-very-high","10":"splide__slide","12":"first","13":"outofstock","14":"taxable","15":"shipping-taxable","16":"purchasable","17":"product-type-simple"},"acf":[],"_links":{"self":[{"href":"https:\/\/woods.se\/da\/wp-json\/wp\/v2\/product\/48126","targetHints":{"allow":["GET"]}}],"collection":[{"href":"https:\/\/woods.se\/da\/wp-json\/wp\/v2\/product"}],"about":[{"href":"https:\/\/woods.se\/da\/wp-json\/wp\/v2\/types\/product"}],"wp:featuredmedia":[{"embeddable":true,"href":"https:\/\/woods.se\/da\/wp-json\/wp\/v2\/media\/44769"}],"wp:attachment":[{"href":"https:\/\/woods.se\/da\/wp-json\/wp\/v2\/media?parent=48126"}],"wp:term":[{"taxonomy":"product_brand","embeddable":true,"href":"https:\/\/woods.se\/da\/wp-json\/wp\/v2\/product_brand?post=48126"},{"taxonomy":"product_cat","embeddable":true,"href":"https:\/\/woods.se\/da\/wp-json\/wp\/v2\/product_cat?post=48126"},{"taxonomy":"product_tag","embeddable":true,"href":"https:\/\/woods.se\/da\/wp-json\/wp\/v2\/product_tag?post=48126"}],"curies":[{"name":"wp","href":"https:\/\/api.w.org\/{rel}","templated":true}]}}