{"id":48123,"date":"2024-12-10T13:41:32","date_gmt":"2024-12-10T12:41:32","guid":{"rendered":"https:\/\/stage.woods.se\/?post_type=product&#038;p=48123"},"modified":"2026-03-05T16:06:10","modified_gmt":"2026-03-05T15:06:10","slug":"woods-dsc50fm","status":"publish","type":"product","link":"https:\/\/woods.se\/da\/produkter\/affugtere\/krybekaelder\/woods-dsc50fm\/","title":{"rendered":"Wood&#8217;s DSC50FM"},"content":{"rendered":"<h2>Wood&#8217;s DSC50FM<\/h2>\n<h3>Effektiv affugter til krybek\u00e6ldre<\/h3>\n<p>Krybek\u00e6ldre er en almindelig kilde til fugtproblemer, der kan p\u00e5virke hele husets struktur og funktion og f\u00f8re til betydelige renoveringsomkostninger. Wood&#8217;s DSC50FM er specielt designet til at beskytte krybek\u00e6ldre mod fugt, lugt og skimmelsvamp og er flere gange blevet k\u00e5ret som &#8220;Bedst i test&#8221;. DSC50FM er en holdbar, langsigtet l\u00f8sning til stabil fugtkontrol i s\u00e5rbare omr\u00e5der. Med DSC50FM kan du v\u00e6re sikker p\u00e5, at din krybek\u00e6lder forbliver t\u00f8r og sikker hele \u00e5ret rundt.   <\/p>\n<h3>Vigtige funktioner:<\/h3>\n\n<h3>Nem installation, sikker drift og lave omkostninger<\/h3>\n<p>Wood&#8217;s DSC50FM er en kondensaffugter, der kombinerer holdbarhed og avanceret teknologi. Den er udstyret med Woods patenterede i-EcoDefrost, et intelligent afrimningssystem, der maksimerer energieffektiviteten og sikrer en j\u00e6vn og p\u00e5lidelig affugtning, selv ved temperaturer helt ned til +2 \u00b0C. Det er noget, som mange andre kondensationsaffugtere ikke kan h\u00e5ndtere. I mods\u00e6tning til sorptions- og sorptionsmiddelaffugtere (som er almindelige i krybek\u00e6ldre) er det betydeligt mere energieffektivt, har meget lavere drifts- og indk\u00f8bsomkostninger og kr\u00e6ver mindre vedligeholdelse. En anden vigtig fordel er, at der ikke kr\u00e6ves nogen dyr installation eller kompliceret r\u00f8rf\u00f8ring ud over at lede kondensvandet til et eksisterende afl\u00f8b eller blot grave en stengrube.    <\/p>\n<h3>H\u00f8j kapacitet og luftgennemstr\u00f8mning for effektiv cirkulation<\/h3>\n<p>DSC50FM har en kapacitet p\u00e5 op til 13,5 liter pr. dag og en kraftig luftstr\u00f8m p\u00e5 op til 350 m\u00b3\/t, hvilket sikrer optimal luftcirkulation og hurtig fjernelse af fugt. S\u00f8rg for, at rummet er s\u00e5 luftt\u00e6t som muligt, s\u00e5 tager DSC50FM sig af fugten. <\/p>\n<h3>Effektiv hele \u00e5ret rundt, selv ved lave temperaturer<\/h3>\n<p>Affugteren er konstrueret af rustfrit st\u00e5l for at kunne modst\u00e5 kr\u00e6vende forhold og fungerer effektivt i temperaturer mellem +2\u00b0C og +35\u00b0C. Det g\u00f8r den til en p\u00e5lidelig l\u00f8sning til fugtkontrol p\u00e5 alle \u00e5rstider og g\u00f8r det muligt for den at fungere sikkert d\u00f8gnet rundt uden at miste sin effektivitet. <\/p>\n<h3>Smart skimmel- og st\u00f8vfilter<\/h3>\n<p>DSC50FM er udstyret med Woods SMF-filtre, der effektivt opfanger st\u00f8v- og skimmelpartikler i luften, beskytter affugteren og forl\u00e6nger dens levetid. Den holder din krybek\u00e6lder fri for fugt, skimmelsvamp og lugt \u00e5ret rundt, hvilket g\u00f8r den til en sikker og langsigtet l\u00f8sning. <\/p>\n<h3>Sikkert design &#8211; bygget til at holde<\/h3>\n<p>DSC50FM er fremstillet i Sverige med et robust design, solide ben og praktiske h\u00e5ndtag, og den er b\u00e5de holdbar og nem at placere. Du kan nemt tilslutte slangen ved hj\u00e6lp af en standard haveslangetilslutning. Bem\u00e6rk: Slangel\u00e6ngden justeres efter behov og k\u00f8bes separat.  <\/p>\n<h3>Lang garanti og nem, b\u00e6redygtig brug<\/h3>\n<p>For at sikre den bedste ydelse anbefaler vi at skifte filter en gang om \u00e5ret. Hvis du g\u00f8r det og registrerer din affugter p\u00e5 <a href=\"https:\/\/warranty-woods.com\/\">warranty.woods.com,<\/a> kan du f\u00e5 op til 6 \u00e5rs udvidet garanti. Du vil ogs\u00e5 modtage praktiske filterp\u00e5mindelser, som vil hj\u00e6lpe DSC50FM med at forts\u00e6tte med at levere optimale resultater i lang tid.  <\/p>\n<h3>Installationsvejledning til DSC50FM-affugteren til krybek\u00e6ldre<\/h3>\n<p>F\u00f8lg disse trin for at installere din affugter til krybek\u00e6lderen og optimere beskyttelsen mod fugt.<br \/>\nForsegl ventilationskanaler og \u00e5bninger for at holde fugt ude. For at affugteren kan arbejde effektivt, skal rummet v\u00e6re s\u00e5 luftt\u00e6t som muligt. Jorddug og t\u00e6tning af ventilations\u00e5bninger og andre fugtindtag forhindrer fugt i at tr\u00e6nge ind, hvilket betyder, at affugteren kun beh\u00f8ver at h\u00e5ndtere den fugt, der allerede er i krybek\u00e6lderen. Da krybek\u00e6lderen ikke er et rum, vi opholder os i, kan den forsegles grundigt uden problemer.   <\/p>\n<p>Placer affugteren centralt. For at opn\u00e5 optimal luftcirkulation anbefaler vi, at affugteren placeres s\u00e5 centralt som muligt. Det giver den bedste fordeling af t\u00f8r luft og hj\u00e6lper enheden med effektivt at h\u00e5ndtere fugt i hele krybek\u00e6lderen.  <\/p>\n<p>Led vandet ud i en kloak, eller grav en stengrube til afl\u00f8b. Hvis der ikke er nogen kloak eller br\u00f8nd, kan du grave en simpel stengrube. Grav et hul, der er et par decimeter dybt, fyld det med makadam, og s\u00e6nk slangen ned, f\u00f8r du d\u00e6kker det til. Det fungerer som et naturligt dr\u00e6nsystem og tager sig af den m\u00e6ngde vand, som affugteren producerer, uden at der er risiko for, at vandet siver op igen.<br \/>\nOverv\u00e5g fugtniveauet med et hygrometer. For nemt at holde styr p\u00e5 fugtniveauet i krybek\u00e6lderen anbefaler vi, at man placerer et hygrometer ved indgangen til krybek\u00e6lderen. P\u00e5 den m\u00e5de kan du sikre dig, at affugtningen fungerer, og at fugtighedsniveauet forbliver stabilt over tid.     <\/p>\n<p>Ved at f\u00f8lge disse trin skaber du en b\u00e6redygtig og effektiv installation, der beskytter din krybek\u00e6lder mod fugtskader og skimmelsvamp og holder dit hjem sikkert.<\/p>\n","protected":false},"excerpt":{"rendered":"<p>Wood&#8217;s DSC50FM er en kraftig affugter, der er specielt designet til effektivt at beskytte krybek\u00e6ldre mod fugt, skimmel og ubehagelige lugte. Den er blevet k\u00e5ret som den bedste affugter til krybek\u00e6ldre ved flere lejligheder, bl.a. af testat.nu. Med den avancerede i-EcoDefrost-teknologi er DSC50FM energieffektiv selv ved lave temperaturer og giver p\u00e5lidelig affugtning hele \u00e5ret rundt. DSC50FM er meget nem at installere, udviklet og produceret i Sverige og leveres med en garanti p\u00e5 op til 6 \u00e5r.   <\/p>\n","protected":false},"featured_media":44707,"template":"","meta":{"_acf_changed":false},"product_brand":[],"product_cat":[852,4744],"product_tag":[905],"class_list":{"0":"post-48123","1":"product","2":"type-product","3":"status-publish","4":"has-post-thumbnail","6":"product_cat-affugtere","7":"product_cat-krybekaelder","8":"product_tag-krybekaelder","9":"product_shipping_class-very-high","10":"splide__slide","12":"first","13":"instock","14":"taxable","15":"shipping-taxable","16":"purchasable","17":"product-type-simple"},"acf":[],"_links":{"self":[{"href":"https:\/\/woods.se\/da\/wp-json\/wp\/v2\/product\/48123","targetHints":{"allow":["GET"]}}],"collection":[{"href":"https:\/\/woods.se\/da\/wp-json\/wp\/v2\/product"}],"about":[{"href":"https:\/\/woods.se\/da\/wp-json\/wp\/v2\/types\/product"}],"wp:featuredmedia":[{"embeddable":true,"href":"https:\/\/woods.se\/da\/wp-json\/wp\/v2\/media\/44707"}],"wp:attachment":[{"href":"https:\/\/woods.se\/da\/wp-json\/wp\/v2\/media?parent=48123"}],"wp:term":[{"taxonomy":"product_brand","embeddable":true,"href":"https:\/\/woods.se\/da\/wp-json\/wp\/v2\/product_brand?post=48123"},{"taxonomy":"product_cat","embeddable":true,"href":"https:\/\/woods.se\/da\/wp-json\/wp\/v2\/product_cat?post=48123"},{"taxonomy":"product_tag","embeddable":true,"href":"https:\/\/woods.se\/da\/wp-json\/wp\/v2\/product_tag?post=48123"}],"curies":[{"name":"wp","href":"https:\/\/api.w.org\/{rel}","templated":true}]}}